{"id":69766,"date":"2024-03-22T18:40:00","date_gmt":"2024-03-22T17:40:00","guid":{"rendered":"https:\/\/abinox-chr-clim.com\/index.php\/product\/palette-de-stockage-cambro-300-x-533-x-1220mm\/"},"modified":"2026-04-24T10:25:55","modified_gmt":"2026-04-24T08:25:55","slug":"palette-de-stockage-cambro-300-x-533-x-1220mm","status":"publish","type":"product","link":"https:\/\/abinox-chr-clim.com\/index.php\/product\/palette-de-stockage-cambro-300-x-533-x-1220mm\/","title":{"rendered":"Palette de stockage Cambro 300 x 533 x 1220mm"},"content":{"rendered":"<p>Assurez un stockage hygi\u00e9nique \u00e0 30,5 cm au-dessus du sol. Mat\u00e9riau r\u00e9sistant, ind\u00e9formable, supportant des temp\u00e9ratures jusqu&rsquo;\u00e0 -38\u00b0C. Construction monobloc en polypropyl\u00e8ne facile \u00e0 nettoyer. Les dessus \u00e0 clayettes permettent une circulation d&rsquo;air maximale autour des produits p\u00e9rissables. Comprend un raccord Camlink pour fixer solidement les palettes de stockage les unes aux autres.  Assurez un stockage hygi\u00e9nique \u00e0 30,5 cm au-dessus du sol.<\/p>\n<p>Caract\u00e9ristiques :<br \/> Dimensions : 300(H) x 1220(L) x 533(P) mm.<br \/> Mati\u00e8re : Polypropyl\u00e8ne.<br \/> Couleur : Gris.<\/p>\n","protected":false},"excerpt":{"rendered":"<p>Palette de stockage Cambro 300 x 533 x 1220mm<\/p>\n","protected":false},"featured_media":100720,"comment_status":"closed","ping_status":"closed","template":"","meta":[],"product_brand":[],"product_cat":[1147,1152,1146,1297],"product_tag":[],"class_list":{"0":"post-69766","1":"product","2":"type-product","3":"status-publish","4":"has-post-thumbnail","6":"product_cat-chariots-et-rayonnages","7":"product_cat-etageres-modulaires","8":"product_cat-mobilier-de-cuisine-chariots-et-echelles","9":"product_cat-non-palettisable","10":"product_shipping_class-free-shipping","12":"first","13":"instock","14":"featured","15":"taxable","16":"shipping-taxable","17":"purchasable","18":"product-type-simple"},"_links":{"self":[{"href":"https:\/\/abinox-chr-clim.com\/index.php\/wp-json\/wp\/v2\/product\/69766","targetHints":{"allow":["GET"]}}],"collection":[{"href":"https:\/\/abinox-chr-clim.com\/index.php\/wp-json\/wp\/v2\/product"}],"about":[{"href":"https:\/\/abinox-chr-clim.com\/index.php\/wp-json\/wp\/v2\/types\/product"}],"replies":[{"embeddable":true,"href":"https:\/\/abinox-chr-clim.com\/index.php\/wp-json\/wp\/v2\/comments?post=69766"}],"wp:featuredmedia":[{"embeddable":true,"href":"https:\/\/abinox-chr-clim.com\/index.php\/wp-json\/wp\/v2\/media\/100720"}],"wp:attachment":[{"href":"https:\/\/abinox-chr-clim.com\/index.php\/wp-json\/wp\/v2\/media?parent=69766"}],"wp:term":[{"taxonomy":"product_brand","embeddable":true,"href":"https:\/\/abinox-chr-clim.com\/index.php\/wp-json\/wp\/v2\/product_brand?post=69766"},{"taxonomy":"product_cat","embeddable":true,"href":"https:\/\/abinox-chr-clim.com\/index.php\/wp-json\/wp\/v2\/product_cat?post=69766"},{"taxonomy":"product_tag","embeddable":true,"href":"https:\/\/abinox-chr-clim.com\/index.php\/wp-json\/wp\/v2\/product_tag?post=69766"}],"curies":[{"name":"wp","href":"https:\/\/api.w.org\/{rel}","templated":true}]}}