{"id":69760,"date":"2024-03-22T18:39:57","date_gmt":"2024-03-22T17:39:57","guid":{"rendered":"https:\/\/abinox-chr-clim.com\/index.php\/product\/fixations-murales-super-erecta-metro-lot-de-2\/"},"modified":"2026-04-24T10:15:05","modified_gmt":"2026-04-24T08:15:05","slug":"fixations-murales-super-erecta-metro-lot-de-2","status":"publish","type":"product","link":"https:\/\/abinox-chr-clim.com\/index.php\/product\/fixations-murales-super-erecta-metro-lot-de-2\/","title":{"rendered":"Fixations murales Super Erecta Metro (lot de 2)"},"content":{"rendered":"<p>Am\u00e9liore la s\u00e9curit\u00e9. Requis pour les kits d&rsquo;\u00e9tag\u00e8res Metro : DS610, DS611, DS612, DS613, DS614, DS615, DS630, DS631, DS632, DS633, DS634 et DS635. Am\u00e9liore la s\u00e9curit\u00e9.<\/p>\n<p>Caract\u00e9ristiques :<br \/>Lot : 2.<br \/> Mati\u00e8re : Acier carbone rev\u00eatement poudr\u00e9<\/p>\n","protected":false},"excerpt":{"rendered":"<p>Fixations murales Super Erecta Metro (lot de 2)<\/p>\n","protected":false},"featured_media":93302,"comment_status":"closed","ping_status":"closed","template":"","meta":[],"product_brand":[],"product_cat":[1147,1151,1146,1297],"product_tag":[],"class_list":{"0":"post-69760","1":"product","2":"type-product","3":"status-publish","4":"has-post-thumbnail","6":"product_cat-chariots-et-rayonnages","7":"product_cat-etageres","8":"product_cat-mobilier-de-cuisine-chariots-et-echelles","9":"product_cat-non-palettisable","10":"product_shipping_class-free-shipping","12":"first","13":"instock","14":"featured","15":"taxable","16":"shipping-taxable","17":"purchasable","18":"product-type-simple"},"_links":{"self":[{"href":"https:\/\/abinox-chr-clim.com\/index.php\/wp-json\/wp\/v2\/product\/69760","targetHints":{"allow":["GET"]}}],"collection":[{"href":"https:\/\/abinox-chr-clim.com\/index.php\/wp-json\/wp\/v2\/product"}],"about":[{"href":"https:\/\/abinox-chr-clim.com\/index.php\/wp-json\/wp\/v2\/types\/product"}],"replies":[{"embeddable":true,"href":"https:\/\/abinox-chr-clim.com\/index.php\/wp-json\/wp\/v2\/comments?post=69760"}],"wp:featuredmedia":[{"embeddable":true,"href":"https:\/\/abinox-chr-clim.com\/index.php\/wp-json\/wp\/v2\/media\/93302"}],"wp:attachment":[{"href":"https:\/\/abinox-chr-clim.com\/index.php\/wp-json\/wp\/v2\/media?parent=69760"}],"wp:term":[{"taxonomy":"product_brand","embeddable":true,"href":"https:\/\/abinox-chr-clim.com\/index.php\/wp-json\/wp\/v2\/product_brand?post=69760"},{"taxonomy":"product_cat","embeddable":true,"href":"https:\/\/abinox-chr-clim.com\/index.php\/wp-json\/wp\/v2\/product_cat?post=69760"},{"taxonomy":"product_tag","embeddable":true,"href":"https:\/\/abinox-chr-clim.com\/index.php\/wp-json\/wp\/v2\/product_tag?post=69760"}],"curies":[{"name":"wp","href":"https:\/\/api.w.org\/{rel}","templated":true}]}}