{"id":69754,"date":"2024-03-22T18:39:51","date_gmt":"2024-03-22T17:39:51","guid":{"rendered":"https:\/\/abinox-chr-clim.com\/index.php\/product\/etageres-max-q-metro-1830-x-460mm-lot-de-2\/"},"modified":"2026-04-24T10:15:00","modified_gmt":"2026-04-24T08:15:00","slug":"etageres-max-q-metro-1830-x-460mm-lot-de-2","status":"publish","type":"product","link":"https:\/\/abinox-chr-clim.com\/index.php\/product\/etageres-max-q-metro-1830-x-460mm-lot-de-2\/","title":{"rendered":"Etag\u00e8res Max Q Metro 1830 x 460mm (lot de 2)"},"content":{"rendered":"<p>Avec rev\u00eatement \u00e9poxy antimicrobien Microban pour une protection accrue contre les germes et les moisissures. Manchons et cales en plastique inclus.<br \/>Cadres recouverts d&rsquo;\u00e9poxy avec tapis ajour\u00e9s en polym\u00e8re amovibles. Protection antimicrobienne Microban\u00ae dans les tapis et cadres d&rsquo;\u00e9tag\u00e8res. Les tapis en polym\u00e8re peuvent \u00eatre facilement retir\u00e9s et nettoy\u00e9s. D\u00e9gagement d&rsquo;angle brevet\u00e9 pour un r\u00e9glage sans outils. Garantie limit\u00e9e de 15 ans. Taux de charge de 363 kg par \u00e9tag\u00e8re. Installation sans outils.Cadres recouverts d&rsquo;\u00e9poxy avec tapis ajour\u00e9s en polym\u00e8re amovibles.<\/p>\n<p>Caract\u00e9ristiques :<br \/>Lot : 2.<br \/> Dimensions : 50(H) x 460(L) x 460(P) mm.<br \/> Mati\u00e8re : Acier carbone rev\u00eatement poudr\u00e9.<br \/> Couleur : Gris et bleu.<\/p>\n","protected":false},"excerpt":{"rendered":"<p>Etag\u00e8res Max Q Metro 1830 x 460mm (lot de 2)<\/p>\n","protected":false},"featured_media":104930,"comment_status":"closed","ping_status":"closed","template":"","meta":[],"product_brand":[],"product_cat":[1147,1151,1146,1297],"product_tag":[],"class_list":{"0":"post-69754","1":"product","2":"type-product","3":"status-publish","4":"has-post-thumbnail","6":"product_cat-chariots-et-rayonnages","7":"product_cat-etageres","8":"product_cat-mobilier-de-cuisine-chariots-et-echelles","9":"product_cat-non-palettisable","10":"product_shipping_class-free-shipping","12":"first","13":"outofstock","14":"featured","15":"taxable","16":"shipping-taxable","17":"purchasable","18":"product-type-simple"},"_links":{"self":[{"href":"https:\/\/abinox-chr-clim.com\/index.php\/wp-json\/wp\/v2\/product\/69754","targetHints":{"allow":["GET"]}}],"collection":[{"href":"https:\/\/abinox-chr-clim.com\/index.php\/wp-json\/wp\/v2\/product"}],"about":[{"href":"https:\/\/abinox-chr-clim.com\/index.php\/wp-json\/wp\/v2\/types\/product"}],"replies":[{"embeddable":true,"href":"https:\/\/abinox-chr-clim.com\/index.php\/wp-json\/wp\/v2\/comments?post=69754"}],"wp:featuredmedia":[{"embeddable":true,"href":"https:\/\/abinox-chr-clim.com\/index.php\/wp-json\/wp\/v2\/media\/104930"}],"wp:attachment":[{"href":"https:\/\/abinox-chr-clim.com\/index.php\/wp-json\/wp\/v2\/media?parent=69754"}],"wp:term":[{"taxonomy":"product_brand","embeddable":true,"href":"https:\/\/abinox-chr-clim.com\/index.php\/wp-json\/wp\/v2\/product_brand?post=69754"},{"taxonomy":"product_cat","embeddable":true,"href":"https:\/\/abinox-chr-clim.com\/index.php\/wp-json\/wp\/v2\/product_cat?post=69754"},{"taxonomy":"product_tag","embeddable":true,"href":"https:\/\/abinox-chr-clim.com\/index.php\/wp-json\/wp\/v2\/product_tag?post=69754"}],"curies":[{"name":"wp","href":"https:\/\/api.w.org\/{rel}","templated":true}]}}