{"id":69751,"date":"2024-03-22T18:39:50","date_gmt":"2024-03-22T17:39:50","guid":{"rendered":"https:\/\/abinox-chr-clim.com\/index.php\/product\/separateurs-detagere-super-erecta-metro-460-x-203mm-lot-de-4\/"},"modified":"2026-04-24T10:14:58","modified_gmt":"2026-04-24T08:14:58","slug":"separateurs-detagere-super-erecta-metro-460-x-203mm-lot-de-4","status":"publish","type":"product","link":"https:\/\/abinox-chr-clim.com\/index.php\/product\/separateurs-detagere-super-erecta-metro-460-x-203mm-lot-de-4\/","title":{"rendered":"S\u00e9parateurs d&rsquo;\u00e9tag\u00e8re Super Erecta Metro 460 x 203mm (lot de 4)"},"content":{"rendered":"<p>Gagnez du temps en gardant le contenu des \u00e9tag\u00e8res en ordre et facile \u00e0 g\u00e9rer.<br \/>Garde le contenu des \u00e9tag\u00e8res bien organis\u00e9. Syst\u00e8me d&rsquo;encliquetage pour une installation facile. Robuste et r\u00e9sistant. Rev\u00eatement poudr\u00e9 pour une r\u00e9sistance maximale \u00e0 la corrosion. Garde le contenu des \u00e9tag\u00e8res bien organis\u00e9.<\/p>\n<p>Caract\u00e9ristiques :<br \/>Lot : 6.<br \/> Dimensions : 203(H) x 460(L) mm.<br \/> Mati\u00e8re : Acier carbone rev\u00eatement poudr\u00e9.<br \/> Couleur : Vert.<\/p>\n","protected":false},"excerpt":{"rendered":"<p>S\u00e9parateurs d&rsquo;\u00e9tag\u00e8re Super Erecta Metro 460 x 203mm (lot de 4)<\/p>\n","protected":false},"featured_media":93200,"comment_status":"closed","ping_status":"closed","template":"","meta":[],"product_brand":[],"product_cat":[1147,1151,1146,1297],"product_tag":[],"class_list":{"0":"post-69751","1":"product","2":"type-product","3":"status-publish","4":"has-post-thumbnail","6":"product_cat-chariots-et-rayonnages","7":"product_cat-etageres","8":"product_cat-mobilier-de-cuisine-chariots-et-echelles","9":"product_cat-non-palettisable","10":"product_shipping_class-free-shipping","12":"first","13":"outofstock","14":"featured","15":"taxable","16":"shipping-taxable","17":"purchasable","18":"product-type-simple"},"_links":{"self":[{"href":"https:\/\/abinox-chr-clim.com\/index.php\/wp-json\/wp\/v2\/product\/69751","targetHints":{"allow":["GET"]}}],"collection":[{"href":"https:\/\/abinox-chr-clim.com\/index.php\/wp-json\/wp\/v2\/product"}],"about":[{"href":"https:\/\/abinox-chr-clim.com\/index.php\/wp-json\/wp\/v2\/types\/product"}],"replies":[{"embeddable":true,"href":"https:\/\/abinox-chr-clim.com\/index.php\/wp-json\/wp\/v2\/comments?post=69751"}],"wp:featuredmedia":[{"embeddable":true,"href":"https:\/\/abinox-chr-clim.com\/index.php\/wp-json\/wp\/v2\/media\/93200"}],"wp:attachment":[{"href":"https:\/\/abinox-chr-clim.com\/index.php\/wp-json\/wp\/v2\/media?parent=69751"}],"wp:term":[{"taxonomy":"product_brand","embeddable":true,"href":"https:\/\/abinox-chr-clim.com\/index.php\/wp-json\/wp\/v2\/product_brand?post=69751"},{"taxonomy":"product_cat","embeddable":true,"href":"https:\/\/abinox-chr-clim.com\/index.php\/wp-json\/wp\/v2\/product_cat?post=69751"},{"taxonomy":"product_tag","embeddable":true,"href":"https:\/\/abinox-chr-clim.com\/index.php\/wp-json\/wp\/v2\/product_tag?post=69751"}],"curies":[{"name":"wp","href":"https:\/\/api.w.org\/{rel}","templated":true}]}}