{"id":69742,"date":"2024-03-22T18:39:47","date_gmt":"2024-03-22T17:39:47","guid":{"rendered":"https:\/\/abinox-chr-clim.com\/index.php\/product\/unite-de-4-etageres-a-claire-voie-cambro-540-x-1370-x-1830mm\/"},"modified":"2026-04-02T09:48:41","modified_gmt":"2026-04-02T07:48:41","slug":"unite-de-4-etageres-a-claire-voie-cambro-540-x-1370-x-1830mm","status":"publish","type":"product","link":"https:\/\/abinox-chr-clim.com\/index.php\/product\/unite-de-4-etageres-a-claire-voie-cambro-540-x-1370-x-1830mm\/","title":{"rendered":"Unit\u00e9 de 4 \u00e9tag\u00e8res \u00e0 claire-voie Cambro 540 x 1370 x 1830mm"},"content":{"rendered":"<p>Kits de rayonnages modulables, configurables et durables. Peuvent \u00eatre dispos\u00e9s pour des configurations en \u00ab\u00a0L\u00a0\u00bb, \u00ab\u00a0U\u00a0\u00bb, \u00ab\u00a0T\u00a0\u00bb ou \u00ab\u00a0X\u00a0\u00bb (\u00e0 l&rsquo;aide de connecteurs d&rsquo;angle) pour s&rsquo;adapter \u00e0 votre espace. Les poteaux et les traverses sont l\u00e9gers, mais suffisamment solides pour supporter de lourdes charges. R\u00e9sistent \u00e0 des temp\u00e9ratures de -38\u00b0C \u00e0 88\u00b0C.<br \/>Facile \u00e0\u00a0 assembler, \u00e0\u00a0 ajuster ou \u00e0\u00a0 configurer. Garantie \u00e0\u00a0 vie contre la corrosion, \u00e9liminant ainsi les co\u00fbts de remplacement inutiles. Fabriqu\u00e9 en mat\u00e9riau composite l\u00e9ger, mais extr\u00eamement durable et non corrosif. R\u00e9f\u00e9rence soumise \u00e0 une Eco-participation mobilier de 4.44\u20ac par unit\u00e9 vendue. R\u00e9sistant aux rayures, au pelage, \u00e0\u00a0 l&#8217;emballage et \u00e0\u00a0 la corrosion. R\u00e9siste \u00e0\u00a0 des temp\u00e9ratures aussi froides que -38\u00b0C ou \u00e0\u00a0 des environnements chauds jusqu&rsquo;\u00e0\u00a0 88\u00b0C.Mati\u00e8re facile \u00e0\u00a0 nettoyer par essuyage et les plaques d&rsquo;\u00e9tag\u00e8re passent au lave-vaisselle. Num\u00e9ro d&rsquo;article Cambro : CBU215472V4580. Facile \u00e0\u00a0 assembler, \u00e0\u00a0 ajuster ou \u00e0\u00a0 configurer.<\/p>\n<p>Caract\u00e9ristiques :<br \/> Dimensions : 1830(H) x 1375(L) x 540(P) mm.<br \/> Mati\u00e8re : Composite.<br \/> Couleur : Gris.<\/p>\n","protected":false},"excerpt":{"rendered":"<p>Unit\u00e9 de 4 \u00e9tag\u00e8res \u00e0 claire-voie Cambro 540 x 1370 x 1830mm<\/p>\n","protected":false},"featured_media":90291,"comment_status":"closed","ping_status":"closed","template":"","meta":[],"product_brand":[],"product_cat":[1147,1151,1146,1296],"product_tag":[],"class_list":{"0":"post-69742","1":"product","2":"type-product","3":"status-publish","4":"has-post-thumbnail","6":"product_cat-chariots-et-rayonnages","7":"product_cat-etageres","8":"product_cat-mobilier-de-cuisine-chariots-et-echelles","9":"product_cat-palettisable","11":"first","12":"instock","13":"featured","14":"taxable","15":"shipping-taxable","16":"purchasable","17":"product-type-simple"},"_links":{"self":[{"href":"https:\/\/abinox-chr-clim.com\/index.php\/wp-json\/wp\/v2\/product\/69742","targetHints":{"allow":["GET"]}}],"collection":[{"href":"https:\/\/abinox-chr-clim.com\/index.php\/wp-json\/wp\/v2\/product"}],"about":[{"href":"https:\/\/abinox-chr-clim.com\/index.php\/wp-json\/wp\/v2\/types\/product"}],"replies":[{"embeddable":true,"href":"https:\/\/abinox-chr-clim.com\/index.php\/wp-json\/wp\/v2\/comments?post=69742"}],"wp:featuredmedia":[{"embeddable":true,"href":"https:\/\/abinox-chr-clim.com\/index.php\/wp-json\/wp\/v2\/media\/90291"}],"wp:attachment":[{"href":"https:\/\/abinox-chr-clim.com\/index.php\/wp-json\/wp\/v2\/media?parent=69742"}],"wp:term":[{"taxonomy":"product_brand","embeddable":true,"href":"https:\/\/abinox-chr-clim.com\/index.php\/wp-json\/wp\/v2\/product_brand?post=69742"},{"taxonomy":"product_cat","embeddable":true,"href":"https:\/\/abinox-chr-clim.com\/index.php\/wp-json\/wp\/v2\/product_cat?post=69742"},{"taxonomy":"product_tag","embeddable":true,"href":"https:\/\/abinox-chr-clim.com\/index.php\/wp-json\/wp\/v2\/product_tag?post=69742"}],"curies":[{"name":"wp","href":"https:\/\/api.w.org\/{rel}","templated":true}]}}