{"id":69736,"date":"2024-03-22T18:39:45","date_gmt":"2024-03-22T17:39:45","guid":{"rendered":"https:\/\/abinox-chr-clim.com\/index.php\/product\/echelle-gastronorme-vogue\/"},"modified":"2026-04-15T09:18:40","modified_gmt":"2026-04-15T07:18:40","slug":"echelle-gastronorme-vogue","status":"publish","type":"product","link":"https:\/\/abinox-chr-clim.com\/index.php\/product\/echelle-gastronorme-vogue\/","title":{"rendered":"Echelle Gastronorme Vogue"},"content":{"rendered":"<p>Echelle trait\u00e9e anti-rouille con\u00e7ue pour bacs GN 1\/1 et comprenant 20 niveaux pour accueillir des bacs de profondeurs diff\u00e9rentes.<br \/>Le moyen le plus rapide pour transporter jusqu&rsquo;\u00e0 20 bacs gastronorm facilement et en toute s\u00e9curit\u00e9. D\u00e9place sans effort des charges allant jusqu&rsquo;\u00e0 80 kg sans risque de chutes co\u00fbteuses ou d\u00e9versements salissants. 20 \u00e9tag\u00e8res con\u00e7ues pour maintenir en toute s\u00e9curit\u00e9 les bacs gastronorm GN 1\/1. R\u00e9f\u00e9rence soumise \u00e0 une Eco-participation mobilier de 0.64\u20ac par unit\u00e9 vendue. Quatre roulettes robustes facilitent la pouss\u00e9e en cas de chariot plein. Les roulettes \u00e0 frein \u00e0 l&rsquo;avant vous donnent le contr\u00f4le en tout temps. Conception robuste en acier inoxydable qui r\u00e9siste \u00e0 un usage commercial quotidien. Nettoyage rapide et facile \u00e0 l&rsquo;eau chaude savonneuse. Livr\u00e9 emball\u00e9 \u00e0 plat mais rapide et facile \u00e0 assembler. \u00c9cart de 68 mm entre les \u00e9tag\u00e8res, mais peut accueillir n&rsquo;importe quelle profondeur de bac gastronorm. R\u00e9f\u00e9rence soumise \u00e0 une Eco-participation de 0,44 par unit\u00e9 vendue. Le moyen le plus rapide pour transporter jusqu&rsquo;\u00e0 20 bacs gastronorm facilement et en toute s\u00e9curit\u00e9.<\/p>\n<p>Caract\u00e9ristiques :<br \/> Capacit\u00e9 : 20 GN 1\/1.<br \/> Dimensions : 1700(H) x 557(L) x 380(P) mm.<br \/> Mati\u00e8re : Acier inoxydable.<br \/> Sortie : 1 an.<\/p>\n","protected":false},"excerpt":{"rendered":"<p>Echelle Gastronorme Vogue<\/p>\n","protected":false},"featured_media":103256,"comment_status":"closed","ping_status":"closed","template":"","meta":[],"product_brand":[],"product_cat":[1147,1150,1146,1297],"product_tag":[],"class_list":{"0":"post-69736","1":"product","2":"type-product","3":"status-publish","4":"has-post-thumbnail","6":"product_cat-chariots-et-rayonnages","7":"product_cat-echelles","8":"product_cat-mobilier-de-cuisine-chariots-et-echelles","9":"product_cat-non-palettisable","10":"product_shipping_class-free-shipping","12":"first","13":"instock","14":"featured","15":"taxable","16":"shipping-taxable","17":"purchasable","18":"product-type-simple"},"_links":{"self":[{"href":"https:\/\/abinox-chr-clim.com\/index.php\/wp-json\/wp\/v2\/product\/69736","targetHints":{"allow":["GET"]}}],"collection":[{"href":"https:\/\/abinox-chr-clim.com\/index.php\/wp-json\/wp\/v2\/product"}],"about":[{"href":"https:\/\/abinox-chr-clim.com\/index.php\/wp-json\/wp\/v2\/types\/product"}],"replies":[{"embeddable":true,"href":"https:\/\/abinox-chr-clim.com\/index.php\/wp-json\/wp\/v2\/comments?post=69736"}],"wp:featuredmedia":[{"embeddable":true,"href":"https:\/\/abinox-chr-clim.com\/index.php\/wp-json\/wp\/v2\/media\/103256"}],"wp:attachment":[{"href":"https:\/\/abinox-chr-clim.com\/index.php\/wp-json\/wp\/v2\/media?parent=69736"}],"wp:term":[{"taxonomy":"product_brand","embeddable":true,"href":"https:\/\/abinox-chr-clim.com\/index.php\/wp-json\/wp\/v2\/product_brand?post=69736"},{"taxonomy":"product_cat","embeddable":true,"href":"https:\/\/abinox-chr-clim.com\/index.php\/wp-json\/wp\/v2\/product_cat?post=69736"},{"taxonomy":"product_tag","embeddable":true,"href":"https:\/\/abinox-chr-clim.com\/index.php\/wp-json\/wp\/v2\/product_tag?post=69736"}],"curies":[{"name":"wp","href":"https:\/\/api.w.org\/{rel}","templated":true}]}}