{"id":69734,"date":"2024-03-22T18:39:44","date_gmt":"2024-03-22T17:39:44","guid":{"rendered":"https:\/\/abinox-chr-clim.com\/index.php\/product\/chariot-de-debarrassage-en-acier-10-niveaux-craven\/"},"modified":"2026-04-15T09:14:30","modified_gmt":"2026-04-15T07:14:30","slug":"chariot-de-debarrassage-en-acier-10-niveaux-craven","status":"publish","type":"product","link":"https:\/\/abinox-chr-clim.com\/index.php\/product\/chariot-de-debarrassage-en-acier-10-niveaux-craven\/","title":{"rendered":"Chariot de d\u00e9barrassage en acier 10 niveaux Craven"},"content":{"rendered":"<p>Chariots de d\u00e9barrassage \u00e9quip\u00e9s de glissi\u00e8res avec but\u00e9e arri\u00e8re et pare-chocs. Adapt\u00e9s aux plateaux de : min 330 (L) x 430 (P) mm et max 360 (L) x 460 (P) mm (non fournis). Espace entre les niveaux 103mm.<br \/>Finition epoxy grise. Espace entre les niveaux : 103mm. Facilement repositionnable pour permettre le nettoyage. R\u00e9f\u00e9rence soumise \u00e0 une Eco-participation mobilier de 0.59\u20ac par unit\u00e9 vendue. Roulettes 12cm &#8211; 2 avec frein et pare-chocs. Charge maximale 60kg. Convient aux plateaux : Min. 330(L) x 430(P) mm, Max 360(L) x 460(P) mm.Fabriqu\u00e9 au Royaume Uni. Finition epoxy grise.<\/p>\n<p>Caract\u00e9ristiques :<br \/> Capacit\u00e9 : 10 plateaux.<br \/> Dimensions : 1393(H) x 485(L) x 578(P) mm.<br \/> Mati\u00e8re : Acier.<br \/> Couleur : Gris.<\/p>\n","protected":false},"excerpt":{"rendered":"<p>Chariot de d\u00e9barrassage en acier 10 niveaux Craven<\/p>\n","protected":false},"featured_media":100297,"comment_status":"closed","ping_status":"closed","template":"","meta":[],"product_brand":[],"product_cat":[1147,1150,1146,1296],"product_tag":[],"class_list":{"0":"post-69734","1":"product","2":"type-product","3":"status-publish","4":"has-post-thumbnail","6":"product_cat-chariots-et-rayonnages","7":"product_cat-echelles","8":"product_cat-mobilier-de-cuisine-chariots-et-echelles","9":"product_cat-palettisable","11":"first","12":"instock","13":"featured","14":"taxable","15":"shipping-taxable","16":"purchasable","17":"product-type-simple"},"_links":{"self":[{"href":"https:\/\/abinox-chr-clim.com\/index.php\/wp-json\/wp\/v2\/product\/69734","targetHints":{"allow":["GET"]}}],"collection":[{"href":"https:\/\/abinox-chr-clim.com\/index.php\/wp-json\/wp\/v2\/product"}],"about":[{"href":"https:\/\/abinox-chr-clim.com\/index.php\/wp-json\/wp\/v2\/types\/product"}],"replies":[{"embeddable":true,"href":"https:\/\/abinox-chr-clim.com\/index.php\/wp-json\/wp\/v2\/comments?post=69734"}],"wp:featuredmedia":[{"embeddable":true,"href":"https:\/\/abinox-chr-clim.com\/index.php\/wp-json\/wp\/v2\/media\/100297"}],"wp:attachment":[{"href":"https:\/\/abinox-chr-clim.com\/index.php\/wp-json\/wp\/v2\/media?parent=69734"}],"wp:term":[{"taxonomy":"product_brand","embeddable":true,"href":"https:\/\/abinox-chr-clim.com\/index.php\/wp-json\/wp\/v2\/product_brand?post=69734"},{"taxonomy":"product_cat","embeddable":true,"href":"https:\/\/abinox-chr-clim.com\/index.php\/wp-json\/wp\/v2\/product_cat?post=69734"},{"taxonomy":"product_tag","embeddable":true,"href":"https:\/\/abinox-chr-clim.com\/index.php\/wp-json\/wp\/v2\/product_tag?post=69734"}],"curies":[{"name":"wp","href":"https:\/\/api.w.org\/{rel}","templated":true}]}}