{"id":69731,"date":"2024-03-22T18:39:43","date_gmt":"2024-03-22T17:39:43","guid":{"rendered":"https:\/\/abinox-chr-clim.com\/index.php\/product\/chariot-a-glissieres-euronorme-600x400mm-9-niveaux-tournus\/"},"modified":"2026-04-15T09:30:30","modified_gmt":"2026-04-15T07:30:30","slug":"chariot-a-glissieres-euronorme-600x400mm-9-niveaux-tournus","status":"publish","type":"product","link":"https:\/\/abinox-chr-clim.com\/index.php\/product\/chariot-a-glissieres-euronorme-600x400mm-9-niveaux-tournus\/","title":{"rendered":"Chariot \u00e0 glissi\u00e8res euronorme 600x400mm 9 niveaux Tournus"},"content":{"rendered":"<p>Construction en acier inoxydable soud\u00e9. A utiliser avec les plaques ou bacs de 600x400mm.<br \/>. R\u00e9f\u00e9rence soumise \u00e0 une Eco-participation mobilier de 2.8\u20ac par unit\u00e9 vendue. .<\/p>\n<p>Caract\u00e9ristiques :<br \/> Dimensions : 900(H) x 540(L) x 725(P) mm.<\/p>\n","protected":false},"excerpt":{"rendered":"<p>Chariot \u00e0 glissi\u00e8res euronorme 600x400mm 9 niveaux Tournus<\/p>\n","protected":false},"featured_media":102264,"comment_status":"closed","ping_status":"closed","template":"","meta":[],"product_brand":[],"product_cat":[1147,1150,1146,1296],"product_tag":[],"class_list":{"0":"post-69731","1":"product","2":"type-product","3":"status-publish","4":"has-post-thumbnail","6":"product_cat-chariots-et-rayonnages","7":"product_cat-echelles","8":"product_cat-mobilier-de-cuisine-chariots-et-echelles","9":"product_cat-palettisable","11":"first","12":"instock","13":"featured","14":"taxable","15":"shipping-taxable","16":"purchasable","17":"product-type-simple"},"_links":{"self":[{"href":"https:\/\/abinox-chr-clim.com\/index.php\/wp-json\/wp\/v2\/product\/69731","targetHints":{"allow":["GET"]}}],"collection":[{"href":"https:\/\/abinox-chr-clim.com\/index.php\/wp-json\/wp\/v2\/product"}],"about":[{"href":"https:\/\/abinox-chr-clim.com\/index.php\/wp-json\/wp\/v2\/types\/product"}],"replies":[{"embeddable":true,"href":"https:\/\/abinox-chr-clim.com\/index.php\/wp-json\/wp\/v2\/comments?post=69731"}],"wp:featuredmedia":[{"embeddable":true,"href":"https:\/\/abinox-chr-clim.com\/index.php\/wp-json\/wp\/v2\/media\/102264"}],"wp:attachment":[{"href":"https:\/\/abinox-chr-clim.com\/index.php\/wp-json\/wp\/v2\/media?parent=69731"}],"wp:term":[{"taxonomy":"product_brand","embeddable":true,"href":"https:\/\/abinox-chr-clim.com\/index.php\/wp-json\/wp\/v2\/product_brand?post=69731"},{"taxonomy":"product_cat","embeddable":true,"href":"https:\/\/abinox-chr-clim.com\/index.php\/wp-json\/wp\/v2\/product_cat?post=69731"},{"taxonomy":"product_tag","embeddable":true,"href":"https:\/\/abinox-chr-clim.com\/index.php\/wp-json\/wp\/v2\/product_tag?post=69731"}],"curies":[{"name":"wp","href":"https:\/\/api.w.org\/{rel}","templated":true}]}}