{"id":69728,"date":"2024-03-22T18:39:42","date_gmt":"2024-03-22T17:39:42","guid":{"rendered":"https:\/\/abinox-chr-clim.com\/index.php\/product\/chariot-a-glissieres-gn-vogue-15-niveaux\/"},"modified":"2026-04-15T09:01:25","modified_gmt":"2026-04-15T07:01:25","slug":"chariot-a-glissieres-gn-vogue-15-niveaux","status":"publish","type":"product","link":"https:\/\/abinox-chr-clim.com\/index.php\/product\/chariot-a-glissieres-gn-vogue-15-niveaux\/","title":{"rendered":"Chariot \u00e0 glissi\u00e8res GN Vogue 15 niveaux"},"content":{"rendered":"<p>Chariot \u00e0 glissi\u00e8res avec plan de travail compatible gastronorme. Montage facile. Poss\u00e8de quatre roulettes, dont deux avec freins. En acier inoxydable, avec quatre pare-chocs. Espace de 80mm entre les niveaux.<br \/>Le moyen le plus rapide de transporter jusqu&rsquo;\u00e0 quinze gastronormes facilement et en toute s\u00e9curit\u00e9. D\u00e9place sans effort des charges sans risque de chutes co\u00fbteuses ou d\u00e9versements salissants. Quinze \u00e9tag\u00e8res con\u00e7ues pour maintenir en toute s\u00e9curit\u00e9 les bacs gastronorm GN 1\/1. R\u00e9f\u00e9rence soumise \u00e0 une Eco-participation mobilier de 0.82\u20ac par unit\u00e9 vendue. Quatre roulettes robustes facilitent la pouss\u00e9e en cas de chariot plein. Les roulettes \u00e0 frein \u00e0 l&rsquo;avant vous donnent le contr\u00f4le en tout temps. Conception robuste en acier inoxydable avec tampons pour une protection suppl\u00e9mentaire. Nettoyage rapide et facile \u00e0 l&rsquo;eau chaude savonneuse. Livr\u00e9 emball\u00e9 \u00e0 plat mais rapide et facile \u00e0 assembler. Convient aux formats GN 1\/1, 1\/2, 1\/3 et 2\/3 (65 mm de profondeur max). R\u00e9f\u00e9rence soumise \u00e0 une Eco-participation de 0,32 par unit\u00e9 vendue. \u00c9cart de 80mm entre les \u00e9tag\u00e8res, mais peut accueillir n&rsquo;importe quelle profondeur de bac gastronorm. Le moyen le plus rapide de transporter jusqu&rsquo;\u00e0 quinze gastronormes facilement et en toute s\u00e9curit\u00e9.<\/p>\n<p>Caract\u00e9ristiques :<br \/> Dimensions : 1720(H) x 770(L) x 585(P) mm.<br \/> Mati\u00e8re : Acier inoxydable.<br \/> Couleur : Acier inoxydable.<\/p>\n","protected":false},"excerpt":{"rendered":"<p>Chariot \u00e0 glissi\u00e8res GN Vogue 15 niveaux<\/p>\n","protected":false},"featured_media":103255,"comment_status":"closed","ping_status":"closed","template":"","meta":[],"product_brand":[],"product_cat":[1147,1150,1146,1296],"product_tag":[],"class_list":{"0":"post-69728","1":"product","2":"type-product","3":"status-publish","4":"has-post-thumbnail","6":"product_cat-chariots-et-rayonnages","7":"product_cat-echelles","8":"product_cat-mobilier-de-cuisine-chariots-et-echelles","9":"product_cat-palettisable","11":"first","12":"instock","13":"featured","14":"taxable","15":"shipping-taxable","16":"purchasable","17":"product-type-simple"},"_links":{"self":[{"href":"https:\/\/abinox-chr-clim.com\/index.php\/wp-json\/wp\/v2\/product\/69728","targetHints":{"allow":["GET"]}}],"collection":[{"href":"https:\/\/abinox-chr-clim.com\/index.php\/wp-json\/wp\/v2\/product"}],"about":[{"href":"https:\/\/abinox-chr-clim.com\/index.php\/wp-json\/wp\/v2\/types\/product"}],"replies":[{"embeddable":true,"href":"https:\/\/abinox-chr-clim.com\/index.php\/wp-json\/wp\/v2\/comments?post=69728"}],"wp:featuredmedia":[{"embeddable":true,"href":"https:\/\/abinox-chr-clim.com\/index.php\/wp-json\/wp\/v2\/media\/103255"}],"wp:attachment":[{"href":"https:\/\/abinox-chr-clim.com\/index.php\/wp-json\/wp\/v2\/media?parent=69728"}],"wp:term":[{"taxonomy":"product_brand","embeddable":true,"href":"https:\/\/abinox-chr-clim.com\/index.php\/wp-json\/wp\/v2\/product_brand?post=69728"},{"taxonomy":"product_cat","embeddable":true,"href":"https:\/\/abinox-chr-clim.com\/index.php\/wp-json\/wp\/v2\/product_cat?post=69728"},{"taxonomy":"product_tag","embeddable":true,"href":"https:\/\/abinox-chr-clim.com\/index.php\/wp-json\/wp\/v2\/product_tag?post=69728"}],"curies":[{"name":"wp","href":"https:\/\/api.w.org\/{rel}","templated":true}]}}