{"id":69725,"date":"2024-03-22T18:39:39","date_gmt":"2024-03-22T17:39:39","guid":{"rendered":"https:\/\/abinox-chr-clim.com\/index.php\/product\/housse-pour-petite-echelle-camshelving-cambro-gn-2-1\/"},"modified":"2026-04-15T10:08:54","modified_gmt":"2026-04-15T08:08:54","slug":"housse-pour-petite-echelle-camshelving-cambro-gn-2-1","status":"publish","type":"product","link":"https:\/\/abinox-chr-clim.com\/index.php\/product\/housse-pour-petite-echelle-camshelving-cambro-gn-2-1\/","title":{"rendered":"Housse pour petite \u00e9chelle Camshelving Cambro GN 2\/1"},"content":{"rendered":"<p>Elle prot\u00e8ge le chariot pour bacs de taille normale cambro GN 2\/1. Mat\u00e9riau translucide pour la visibilit\u00e9. Fen\u00eatre claire pour la visualisation. Fabriqu\u00e9 \u00e0 base de vinyle durable. Facile \u00e0 nettoyer.  Elle prot\u00e8ge le chariot pour bacs de taille normale cambro GN 2\/1.<\/p>\n<p>Caract\u00e9ristiques :<br \/> Dimensions : 1544(H) x 679(l) x 787(P) mm.<br \/> Mati\u00e8re : Vinyle.<br \/> Couleur : .<br \/> Bac GN : GN 2\/1XY.<\/p>\n","protected":false},"excerpt":{"rendered":"<p>Housse pour petite \u00e9chelle Camshelving Cambro GN 2\/1<\/p>\n","protected":false},"featured_media":100811,"comment_status":"closed","ping_status":"closed","template":"","meta":[],"product_brand":[],"product_cat":[1147,1150,1146,1297],"product_tag":[],"class_list":{"0":"post-69725","1":"product","2":"type-product","3":"status-publish","4":"has-post-thumbnail","6":"product_cat-chariots-et-rayonnages","7":"product_cat-echelles","8":"product_cat-mobilier-de-cuisine-chariots-et-echelles","9":"product_cat-non-palettisable","10":"product_shipping_class-free-shipping","12":"first","13":"instock","14":"featured","15":"taxable","16":"shipping-taxable","17":"purchasable","18":"product-type-simple"},"_links":{"self":[{"href":"https:\/\/abinox-chr-clim.com\/index.php\/wp-json\/wp\/v2\/product\/69725","targetHints":{"allow":["GET"]}}],"collection":[{"href":"https:\/\/abinox-chr-clim.com\/index.php\/wp-json\/wp\/v2\/product"}],"about":[{"href":"https:\/\/abinox-chr-clim.com\/index.php\/wp-json\/wp\/v2\/types\/product"}],"replies":[{"embeddable":true,"href":"https:\/\/abinox-chr-clim.com\/index.php\/wp-json\/wp\/v2\/comments?post=69725"}],"wp:featuredmedia":[{"embeddable":true,"href":"https:\/\/abinox-chr-clim.com\/index.php\/wp-json\/wp\/v2\/media\/100811"}],"wp:attachment":[{"href":"https:\/\/abinox-chr-clim.com\/index.php\/wp-json\/wp\/v2\/media?parent=69725"}],"wp:term":[{"taxonomy":"product_brand","embeddable":true,"href":"https:\/\/abinox-chr-clim.com\/index.php\/wp-json\/wp\/v2\/product_brand?post=69725"},{"taxonomy":"product_cat","embeddable":true,"href":"https:\/\/abinox-chr-clim.com\/index.php\/wp-json\/wp\/v2\/product_cat?post=69725"},{"taxonomy":"product_tag","embeddable":true,"href":"https:\/\/abinox-chr-clim.com\/index.php\/wp-json\/wp\/v2\/product_tag?post=69725"}],"curies":[{"name":"wp","href":"https:\/\/api.w.org\/{rel}","templated":true}]}}