{"id":69722,"date":"2024-03-22T18:39:37","date_gmt":"2024-03-22T17:39:37","guid":{"rendered":"https:\/\/abinox-chr-clim.com\/index.php\/product\/petite-echelle-camshelving-cambro-9-x-gn-1-1\/"},"modified":"2025-06-30T11:25:55","modified_gmt":"2025-06-30T09:25:55","slug":"petite-echelle-camshelving-cambro-9-x-gn-1-1","status":"publish","type":"product","link":"https:\/\/abinox-chr-clim.com\/index.php\/product\/petite-echelle-camshelving-cambro-9-x-gn-1-1\/","title":{"rendered":"Petite echelle Camshelving Cambro 9 x GN 1\/1"},"content":{"rendered":"<p>Echelles pour bacs GN 1\/1 ou GN 2\/1 exceptionnellement robustes.<br \/>Garantie \u00e0 vie contre la rouille et la corrosion. Une largeur d\u00bfespacement de 76\u00a0mm entre les rails pour bacs de diff\u00e9rentes profondeurs (65\u00a0mm \u00e0 203\u00a0mm). Des but\u00e9es de bacs de 3\u00a0mm aux extr\u00e9mit\u00e9s des rails pour la stabilit\u00e9. R\u00e9f\u00e9rence soumise \u00e0 une Eco-participation mobilier de 6.39\u20ac par unit\u00e9 vendue. Il peut contenir jusqu\u00bf\u00e0 9\u00a0bacs 1\/1 GN de 65\u00a0mm de profondeur. Il peut \u00e9galement contenir des bacs GN 1\/2 et 1\/3. Capacit\u00e9 de charge de 170 kg. Capacit\u00e9 de 45\u00a0kg par jeu de rails. Le cadre sup\u00e9rieur contient des bacs alimentaires pour la protection des aliments se trouvant en dessous. Il permet de r\u00e9duire le bruit et l\u00bfusure par frottement m\u00e9tal-m\u00e9tal. Il comprend des roulettes \u00e0 verrouillage total de 127\u00a0mm. Les rails en composite contiennent des bacs sortis d\u00bfun four d\u00bfune temp\u00e9rature de 200\u00a0\u00b0C. Garantie \u00e0 vie contre la rouille et la corrosion.<\/p>\n<p>Caract\u00e9ristiques :<br \/> Dimensions : 1016(H) x 438(L) x 730(P) mm.<br \/> Mati\u00e8re : Composite.<br \/> Couleur : Mouchet\u00e9 gris.<br \/> Bac GN : GN 1\/1XY.<\/p>\n","protected":false},"excerpt":{"rendered":"<p>Petite echelle Camshelving Cambro 9 x GN 1\/1<\/p>\n","protected":false},"featured_media":100808,"comment_status":"closed","ping_status":"closed","template":"","meta":[],"product_brand":[],"product_cat":[1147,1150,1146,1297],"product_tag":[],"class_list":{"0":"post-69722","1":"product","2":"type-product","3":"status-publish","4":"has-post-thumbnail","6":"product_cat-chariots-et-rayonnages","7":"product_cat-echelles","8":"product_cat-mobilier-de-cuisine-chariots-et-echelles","9":"product_cat-non-palettisable","10":"product_shipping_class-free-shipping","12":"first","13":"outofstock","14":"featured","15":"taxable","16":"shipping-taxable","17":"purchasable","18":"product-type-simple"},"_links":{"self":[{"href":"https:\/\/abinox-chr-clim.com\/index.php\/wp-json\/wp\/v2\/product\/69722","targetHints":{"allow":["GET"]}}],"collection":[{"href":"https:\/\/abinox-chr-clim.com\/index.php\/wp-json\/wp\/v2\/product"}],"about":[{"href":"https:\/\/abinox-chr-clim.com\/index.php\/wp-json\/wp\/v2\/types\/product"}],"replies":[{"embeddable":true,"href":"https:\/\/abinox-chr-clim.com\/index.php\/wp-json\/wp\/v2\/comments?post=69722"}],"wp:featuredmedia":[{"embeddable":true,"href":"https:\/\/abinox-chr-clim.com\/index.php\/wp-json\/wp\/v2\/media\/100808"}],"wp:attachment":[{"href":"https:\/\/abinox-chr-clim.com\/index.php\/wp-json\/wp\/v2\/media?parent=69722"}],"wp:term":[{"taxonomy":"product_brand","embeddable":true,"href":"https:\/\/abinox-chr-clim.com\/index.php\/wp-json\/wp\/v2\/product_brand?post=69722"},{"taxonomy":"product_cat","embeddable":true,"href":"https:\/\/abinox-chr-clim.com\/index.php\/wp-json\/wp\/v2\/product_cat?post=69722"},{"taxonomy":"product_tag","embeddable":true,"href":"https:\/\/abinox-chr-clim.com\/index.php\/wp-json\/wp\/v2\/product_tag?post=69722"}],"curies":[{"name":"wp","href":"https:\/\/api.w.org\/{rel}","templated":true}]}}