{"id":69718,"date":"2024-03-22T18:39:36","date_gmt":"2024-03-22T17:39:36","guid":{"rendered":"https:\/\/abinox-chr-clim.com\/index.php\/product\/chariot-a-glissieres-inox-gastro-m-gn-2-1-18-niveaux\/"},"modified":"2026-04-15T09:44:42","modified_gmt":"2026-04-15T07:44:42","slug":"chariot-a-glissieres-inox-gastro-m-gn-2-1-18-niveaux","status":"publish","type":"product","link":"https:\/\/abinox-chr-clim.com\/index.php\/product\/chariot-a-glissieres-inox-gastro-m-gn-2-1-18-niveaux\/","title":{"rendered":"Chariot \u00e0 glissi\u00e8res inox Gastro M GN 2\/1 18 niveaux"},"content":{"rendered":"<p>Chariot compatible GN 2\/1 en tubes inox robuste pour une utilisation longue dur\u00e9e. Equip\u00e9 de roulettes pour la manoeuvrabilit\u00e9 et de deux freins pour plus de stabilit\u00e9.<br \/>18 niveaux. 4 roulettes, 2 avec freins. R\u00e9f\u00e9rence soumise \u00e0 une Eco-participation mobilier de 0.05\u20ac par unit\u00e9 vendue. 18 niveaux.<\/p>\n<p>Caract\u00e9ristiques :<br \/> Dimensions : 1800(H) x 620(L) x 700(P) mm.<br \/> Mati\u00e8re : Inox 430<\/p>\n","protected":false},"excerpt":{"rendered":"<p>Chariot \u00e0 glissi\u00e8res inox Gastro M GN 2\/1 18 niveaux<\/p>\n","protected":false},"featured_media":93287,"comment_status":"closed","ping_status":"closed","template":"","meta":[],"product_brand":[],"product_cat":[1147,1150,1146,1296],"product_tag":[],"class_list":{"0":"post-69718","1":"product","2":"type-product","3":"status-publish","4":"has-post-thumbnail","6":"product_cat-chariots-et-rayonnages","7":"product_cat-echelles","8":"product_cat-mobilier-de-cuisine-chariots-et-echelles","9":"product_cat-palettisable","11":"first","12":"outofstock","13":"featured","14":"taxable","15":"shipping-taxable","16":"purchasable","17":"product-type-simple"},"_links":{"self":[{"href":"https:\/\/abinox-chr-clim.com\/index.php\/wp-json\/wp\/v2\/product\/69718","targetHints":{"allow":["GET"]}}],"collection":[{"href":"https:\/\/abinox-chr-clim.com\/index.php\/wp-json\/wp\/v2\/product"}],"about":[{"href":"https:\/\/abinox-chr-clim.com\/index.php\/wp-json\/wp\/v2\/types\/product"}],"replies":[{"embeddable":true,"href":"https:\/\/abinox-chr-clim.com\/index.php\/wp-json\/wp\/v2\/comments?post=69718"}],"wp:featuredmedia":[{"embeddable":true,"href":"https:\/\/abinox-chr-clim.com\/index.php\/wp-json\/wp\/v2\/media\/93287"}],"wp:attachment":[{"href":"https:\/\/abinox-chr-clim.com\/index.php\/wp-json\/wp\/v2\/media?parent=69718"}],"wp:term":[{"taxonomy":"product_brand","embeddable":true,"href":"https:\/\/abinox-chr-clim.com\/index.php\/wp-json\/wp\/v2\/product_brand?post=69718"},{"taxonomy":"product_cat","embeddable":true,"href":"https:\/\/abinox-chr-clim.com\/index.php\/wp-json\/wp\/v2\/product_cat?post=69718"},{"taxonomy":"product_tag","embeddable":true,"href":"https:\/\/abinox-chr-clim.com\/index.php\/wp-json\/wp\/v2\/product_tag?post=69718"}],"curies":[{"name":"wp","href":"https:\/\/api.w.org\/{rel}","templated":true}]}}