{"id":69716,"date":"2024-03-22T18:39:35","date_gmt":"2024-03-22T17:39:35","guid":{"rendered":"https:\/\/abinox-chr-clim.com\/index.php\/product\/chariot-a-glissieres-inox-gastro-m-600x400mm-10-niveaux\/"},"modified":"2025-07-10T10:44:25","modified_gmt":"2025-07-10T08:44:25","slug":"chariot-a-glissieres-inox-gastro-m-600x400mm-10-niveaux","status":"publish","type":"product","link":"https:\/\/abinox-chr-clim.com\/index.php\/product\/chariot-a-glissieres-inox-gastro-m-600x400mm-10-niveaux\/","title":{"rendered":"Chariot \u00e0 glissi\u00e8res inox Gastro M 600x400mm 10 niveaux"},"content":{"rendered":"<p>Chariots en acier inoxydable \u00e0 tubes carr\u00e9s robustes, \u00e9quip\u00e9s de roulettes et de freins.<br \/>10 niveaux. 4 roulettes, 2 avec freins. R\u00e9f\u00e9rence soumise \u00e0 une Eco-participation mobilier de 0.04\u20ac par unit\u00e9 vendue. 10 niveaux.<\/p>\n<p>Caract\u00e9ristiques :<br \/> Dimensions : 900(H) x 460(L) x 650(P) mm.<br \/> Mati\u00e8re : Inox 430<\/p>\n","protected":false},"excerpt":{"rendered":"<p>Chariot \u00e0 glissi\u00e8res inox Gastro M 600x400mm 10 niveaux<\/p>\n","protected":false},"featured_media":93286,"comment_status":"closed","ping_status":"closed","template":"","meta":[],"product_brand":[],"product_cat":[1147,1150,1146,1296],"product_tag":[],"class_list":{"0":"post-69716","1":"product","2":"type-product","3":"status-publish","4":"has-post-thumbnail","6":"product_cat-chariots-et-rayonnages","7":"product_cat-echelles","8":"product_cat-mobilier-de-cuisine-chariots-et-echelles","9":"product_cat-palettisable","11":"first","12":"instock","13":"featured","14":"taxable","15":"shipping-taxable","16":"purchasable","17":"product-type-simple"},"_links":{"self":[{"href":"https:\/\/abinox-chr-clim.com\/index.php\/wp-json\/wp\/v2\/product\/69716","targetHints":{"allow":["GET"]}}],"collection":[{"href":"https:\/\/abinox-chr-clim.com\/index.php\/wp-json\/wp\/v2\/product"}],"about":[{"href":"https:\/\/abinox-chr-clim.com\/index.php\/wp-json\/wp\/v2\/types\/product"}],"replies":[{"embeddable":true,"href":"https:\/\/abinox-chr-clim.com\/index.php\/wp-json\/wp\/v2\/comments?post=69716"}],"wp:featuredmedia":[{"embeddable":true,"href":"https:\/\/abinox-chr-clim.com\/index.php\/wp-json\/wp\/v2\/media\/93286"}],"wp:attachment":[{"href":"https:\/\/abinox-chr-clim.com\/index.php\/wp-json\/wp\/v2\/media?parent=69716"}],"wp:term":[{"taxonomy":"product_brand","embeddable":true,"href":"https:\/\/abinox-chr-clim.com\/index.php\/wp-json\/wp\/v2\/product_brand?post=69716"},{"taxonomy":"product_cat","embeddable":true,"href":"https:\/\/abinox-chr-clim.com\/index.php\/wp-json\/wp\/v2\/product_cat?post=69716"},{"taxonomy":"product_tag","embeddable":true,"href":"https:\/\/abinox-chr-clim.com\/index.php\/wp-json\/wp\/v2\/product_tag?post=69716"}],"curies":[{"name":"wp","href":"https:\/\/api.w.org\/{rel}","templated":true}]}}