{"id":69714,"date":"2024-03-22T18:39:35","date_gmt":"2024-03-22T17:39:35","guid":{"rendered":"https:\/\/abinox-chr-clim.com\/index.php\/product\/chariot-de-debarrassage-12-plateaux-en-acier-thermolaque-eais\/"},"modified":"2026-04-15T09:58:32","modified_gmt":"2026-04-15T07:58:32","slug":"chariot-de-debarrassage-12-plateaux-en-acier-thermolaque-eais","status":"publish","type":"product","link":"https:\/\/abinox-chr-clim.com\/index.php\/product\/chariot-de-debarrassage-12-plateaux-en-acier-thermolaque-eais\/","title":{"rendered":"Chariot de d\u00e9barrassage 12 plateaux en acier thermolaqu\u00e9 EAIS"},"content":{"rendered":"<p>Chariot de d\u00e9barrassage dot\u00e9 de roulettes avec freins et pare-chocs de protection pour plus de s\u00e9curit\u00e9. Pour plateaux de 460&#215;360 et 480&#215;370 mm. Livr\u00e9 mont\u00e9.<br \/>12 \u00e9tag\u00e8res pouvant contenir des plateaux de 460x360mm et 480x370mm. Espace de 115mm entre les niveaux pour de transporter des plateaux charg\u00e9s.Quatre roues pivotantes facilitent la pouss\u00e9e du chariot. Deux roues avec frein donnent un contr\u00f4le total et am\u00e9liorent la stabilit\u00e9. Pare-chocs de protection sur toutes les roulettes pour \u00e9viter d&rsquo;endommager les murs ou les portes. Capacit\u00e9 de charge maximale de 120 kg. Livr\u00e9 enti\u00e8rement assembl\u00e9 pour \u00eatre utilis\u00e9 d\u00e8s sa r\u00e9ception. Veuillez noter que des frais de restockage de 25 % seront appliqu\u00e9s pour tout retour de cet article. 12 \u00e9tag\u00e8res pouvant contenir des plateaux de 460x360mm et 480x370mm.<\/p>\n<p>Caract\u00e9ristiques :<br \/> Capacit\u00e9 : 12 plateaux.<br \/> Dimensions : 1700(H) x 510(L) x 640(P) mm.<br \/> Mati\u00e8re : Acier thermolaqu\u00e9.<br \/> Couleur : Noir.<\/p>\n","protected":false},"excerpt":{"rendered":"<p>Chariot de d\u00e9barrassage 12 plateaux en acier thermolaqu\u00e9 EAIS<\/p>\n","protected":false},"featured_media":91631,"comment_status":"closed","ping_status":"closed","template":"","meta":[],"product_brand":[],"product_cat":[1147,1150,1146,1296],"product_tag":[],"class_list":{"0":"post-69714","1":"product","2":"type-product","3":"status-publish","4":"has-post-thumbnail","6":"product_cat-chariots-et-rayonnages","7":"product_cat-echelles","8":"product_cat-mobilier-de-cuisine-chariots-et-echelles","9":"product_cat-palettisable","11":"first","12":"instock","13":"featured","14":"taxable","15":"shipping-taxable","16":"purchasable","17":"product-type-simple"},"_links":{"self":[{"href":"https:\/\/abinox-chr-clim.com\/index.php\/wp-json\/wp\/v2\/product\/69714","targetHints":{"allow":["GET"]}}],"collection":[{"href":"https:\/\/abinox-chr-clim.com\/index.php\/wp-json\/wp\/v2\/product"}],"about":[{"href":"https:\/\/abinox-chr-clim.com\/index.php\/wp-json\/wp\/v2\/types\/product"}],"replies":[{"embeddable":true,"href":"https:\/\/abinox-chr-clim.com\/index.php\/wp-json\/wp\/v2\/comments?post=69714"}],"wp:featuredmedia":[{"embeddable":true,"href":"https:\/\/abinox-chr-clim.com\/index.php\/wp-json\/wp\/v2\/media\/91631"}],"wp:attachment":[{"href":"https:\/\/abinox-chr-clim.com\/index.php\/wp-json\/wp\/v2\/media?parent=69714"}],"wp:term":[{"taxonomy":"product_brand","embeddable":true,"href":"https:\/\/abinox-chr-clim.com\/index.php\/wp-json\/wp\/v2\/product_brand?post=69714"},{"taxonomy":"product_cat","embeddable":true,"href":"https:\/\/abinox-chr-clim.com\/index.php\/wp-json\/wp\/v2\/product_cat?post=69714"},{"taxonomy":"product_tag","embeddable":true,"href":"https:\/\/abinox-chr-clim.com\/index.php\/wp-json\/wp\/v2\/product_tag?post=69714"}],"curies":[{"name":"wp","href":"https:\/\/api.w.org\/{rel}","templated":true}]}}