{"id":69713,"date":"2024-03-22T18:39:34","date_gmt":"2024-03-22T17:39:34","guid":{"rendered":"https:\/\/abinox-chr-clim.com\/index.php\/product\/socle-rouleur-pour-support-plateaux-craven\/"},"modified":"2026-04-15T09:58:31","modified_gmt":"2026-04-15T07:58:31","slug":"socle-rouleur-pour-support-plateaux-craven","status":"publish","type":"product","link":"https:\/\/abinox-chr-clim.com\/index.php\/product\/socle-rouleur-pour-support-plateaux-craven\/","title":{"rendered":"Socle rouleur pour support plateaux Craven"},"content":{"rendered":"<p>Support chrom\u00e9 pour plateaux. Taille maximale des plateaux : 460x 360mm. A poser au sol ou fixer au mur. Convient pour une utilisation avec le socle rouleur DM343. Capacit\u00e9 de 30 plateaux.<br \/>Enti\u00e8rement soud\u00e9.4 roulettes pivotantes.  Enti\u00e8rement soud\u00e9.<\/p>\n<p>Caract\u00e9ristiques :<br \/> Capacit\u00e9 : 60 kg.<br \/> Dimensions : 142(H) x 521(L) x 401(P) mm.<\/p>\n","protected":false},"excerpt":{"rendered":"<p>Socle rouleur pour support plateaux Craven<\/p>\n","protected":false},"featured_media":92466,"comment_status":"closed","ping_status":"closed","template":"","meta":[],"product_brand":[],"product_cat":[1147,1150,1146,1297],"product_tag":[],"class_list":{"0":"post-69713","1":"product","2":"type-product","3":"status-publish","4":"has-post-thumbnail","6":"product_cat-chariots-et-rayonnages","7":"product_cat-echelles","8":"product_cat-mobilier-de-cuisine-chariots-et-echelles","9":"product_cat-non-palettisable","10":"product_shipping_class-free-shipping","12":"first","13":"instock","14":"featured","15":"taxable","16":"shipping-taxable","17":"purchasable","18":"product-type-simple"},"_links":{"self":[{"href":"https:\/\/abinox-chr-clim.com\/index.php\/wp-json\/wp\/v2\/product\/69713","targetHints":{"allow":["GET"]}}],"collection":[{"href":"https:\/\/abinox-chr-clim.com\/index.php\/wp-json\/wp\/v2\/product"}],"about":[{"href":"https:\/\/abinox-chr-clim.com\/index.php\/wp-json\/wp\/v2\/types\/product"}],"replies":[{"embeddable":true,"href":"https:\/\/abinox-chr-clim.com\/index.php\/wp-json\/wp\/v2\/comments?post=69713"}],"wp:featuredmedia":[{"embeddable":true,"href":"https:\/\/abinox-chr-clim.com\/index.php\/wp-json\/wp\/v2\/media\/92466"}],"wp:attachment":[{"href":"https:\/\/abinox-chr-clim.com\/index.php\/wp-json\/wp\/v2\/media?parent=69713"}],"wp:term":[{"taxonomy":"product_brand","embeddable":true,"href":"https:\/\/abinox-chr-clim.com\/index.php\/wp-json\/wp\/v2\/product_brand?post=69713"},{"taxonomy":"product_cat","embeddable":true,"href":"https:\/\/abinox-chr-clim.com\/index.php\/wp-json\/wp\/v2\/product_cat?post=69713"},{"taxonomy":"product_tag","embeddable":true,"href":"https:\/\/abinox-chr-clim.com\/index.php\/wp-json\/wp\/v2\/product_tag?post=69713"}],"curies":[{"name":"wp","href":"https:\/\/api.w.org\/{rel}","templated":true}]}}