{"id":69708,"date":"2024-03-22T18:39:32","date_gmt":"2024-03-22T17:39:32","guid":{"rendered":"https:\/\/abinox-chr-clim.com\/index.php\/product\/armoire-de-maintien-en-temperature-tournus-rollservice-5-niveaux\/"},"modified":"2026-04-02T10:00:02","modified_gmt":"2026-04-02T08:00:02","slug":"armoire-de-maintien-en-temperature-tournus-rollservice-5-niveaux","status":"publish","type":"product","link":"https:\/\/abinox-chr-clim.com\/index.php\/product\/armoire-de-maintien-en-temperature-tournus-rollservice-5-niveaux\/","title":{"rendered":"Armoire de maintien en temp\u00e9rature Tournus Roll&rsquo;Service 5 niveaux"},"content":{"rendered":"<p>5 ou 10 niveaux. Mod\u00e8le 10 niveaux disponible avec ou sans humidificateur.<br \/>Pr\u00eat \u00e0 brancher. Compact pour s&rsquo;adapter aux petits espaces. Certifi\u00e9 NF-Hygi\u00e8ne alimentaire gr\u00e2ce \u00e0 fond et aux glissi\u00e8res emboutis. R\u00e9f\u00e9rence soumise \u00e0 une Eco-participation mobilier de 0.2\u20ac par unit\u00e9 vendue. Mont\u00e9e en temp\u00e9rature rapide, de 20 \u00e0 85\u00b0C en 20 minutes. Fabriqu\u00e9 en France. La chauffe est assur\u00e9e par un ventilateur centrifuge \u00e0 l&rsquo;arri\u00e8re, assurant un chauffage homog\u00e8ne des diff\u00e9rents niveaux. Ouverture de porte r\u00e9versible. 4 roues pivotantes dont 2 avec freins. Vous trouverez le certificat NF hygi\u00e8ne et s\u00e9curit\u00e9 alimentaires ci-dessous. Choisir des produits certifi\u00e9s NF Hygi\u00e8ne Alimentaire garantit \u00e0 l&rsquo;utilisateur : facilit\u00e9 de nettoyage (surfaces arrondies, lisses), performance frigorifique, thermique et isothermique, s\u00e9curit\u00e9 d&rsquo;utilisation et l&rsquo;indication de la consommation d&rsquo;\u00e9nergie et l&rsquo;indice d&rsquo;efficacit\u00e9 \u00e9nerg\u00e9tique du mat\u00e9riel.  Facile \u00e0 nettoyer. Indice de protection IP25 pour le nettoyage au jet basse pression. Pr\u00eat \u00e0 brancher.<\/p>\n<p>Caract\u00e9ristiques :<br \/> Dimensions : 708(H) x 524(L) x 817(P)mm.<br \/> Mati\u00e8re : Inox.<br \/> Couleur : Acier inoxydable.<\/p>\n","protected":false},"excerpt":{"rendered":"<p>Armoire de maintien en temp\u00e9rature Tournus Roll&rsquo;Service 5 niveaux<\/p>\n","protected":false},"featured_media":88823,"comment_status":"closed","ping_status":"closed","template":"","meta":[],"product_brand":[],"product_cat":[1147,1150,1146,1296],"product_tag":[],"class_list":{"0":"post-69708","1":"product","2":"type-product","3":"status-publish","4":"has-post-thumbnail","6":"product_cat-chariots-et-rayonnages","7":"product_cat-echelles","8":"product_cat-mobilier-de-cuisine-chariots-et-echelles","9":"product_cat-palettisable","11":"first","12":"outofstock","13":"featured","14":"taxable","15":"shipping-taxable","16":"purchasable","17":"product-type-simple"},"_links":{"self":[{"href":"https:\/\/abinox-chr-clim.com\/index.php\/wp-json\/wp\/v2\/product\/69708","targetHints":{"allow":["GET"]}}],"collection":[{"href":"https:\/\/abinox-chr-clim.com\/index.php\/wp-json\/wp\/v2\/product"}],"about":[{"href":"https:\/\/abinox-chr-clim.com\/index.php\/wp-json\/wp\/v2\/types\/product"}],"replies":[{"embeddable":true,"href":"https:\/\/abinox-chr-clim.com\/index.php\/wp-json\/wp\/v2\/comments?post=69708"}],"wp:featuredmedia":[{"embeddable":true,"href":"https:\/\/abinox-chr-clim.com\/index.php\/wp-json\/wp\/v2\/media\/88823"}],"wp:attachment":[{"href":"https:\/\/abinox-chr-clim.com\/index.php\/wp-json\/wp\/v2\/media?parent=69708"}],"wp:term":[{"taxonomy":"product_brand","embeddable":true,"href":"https:\/\/abinox-chr-clim.com\/index.php\/wp-json\/wp\/v2\/product_brand?post=69708"},{"taxonomy":"product_cat","embeddable":true,"href":"https:\/\/abinox-chr-clim.com\/index.php\/wp-json\/wp\/v2\/product_cat?post=69708"},{"taxonomy":"product_tag","embeddable":true,"href":"https:\/\/abinox-chr-clim.com\/index.php\/wp-json\/wp\/v2\/product_tag?post=69708"}],"curies":[{"name":"wp","href":"https:\/\/api.w.org\/{rel}","templated":true}]}}