{"id":69707,"date":"2024-03-22T18:39:32","date_gmt":"2024-03-22T17:39:32","guid":{"rendered":"https:\/\/abinox-chr-clim.com\/index.php\/product\/chariot-cafeteria-tournus-12-niveaux\/"},"modified":"2026-04-15T10:14:32","modified_gmt":"2026-04-15T08:14:32","slug":"chariot-cafeteria-tournus-12-niveaux","status":"publish","type":"product","link":"https:\/\/abinox-chr-clim.com\/index.php\/product\/chariot-cafeteria-tournus-12-niveaux\/","title":{"rendered":"Chariot caf\u00e9t\u00e9ria Tournus 12 niveaux"},"content":{"rendered":"<p>12 niveaux entr\u00e9e sens largeur. Construction tout inox. Structure en tube inox 25 x 25 mm. Entretoises longitudinales en inox 50 x 25 mm, 4 roues pivotantes \u00d8 125 m avec chape polyamide dont 2 \u00e0 freins. Pare-chocs annulaires. Panneaux de glissi\u00e8res en fils inox de 4,8 mm de diam\u00e8tre, soud\u00e9s sur la structure.<br \/>Construction en acier inoxydable. Structure en tube inox 25 x 25 mm. Entretoises longitudinales en acier inoxydable 50 x 25 mm. R\u00e9f\u00e9rence soumise \u00e0 une Eco-participation mobilier de 0.07\u20ac par unit\u00e9 vendue. 4 roues pivotantes \u00d8 125 m \u00e0 chape polyamide dont 2 \u00e0 freins. Pare-chocs annulaires. Fabriqu\u00e9 en France.Panneaux fils inox \u00d8 4,8mm soud\u00e9s sur la structure. Construction en acier inoxydable.<\/p>\n<p>Caract\u00e9ristiques :<br \/> Dimensions : 1790(H) x 630(L) x 510(P) mm.<br \/> Mati\u00e8re : Inox.<br \/> Couleur : Acier inoxydable.<\/p>\n","protected":false},"excerpt":{"rendered":"<p>Chariot caf\u00e9t\u00e9ria Tournus 12 niveaux<\/p>\n","protected":false},"featured_media":83758,"comment_status":"closed","ping_status":"closed","template":"","meta":[],"product_brand":[],"product_cat":[1147,1150,1146,1296],"product_tag":[],"class_list":{"0":"post-69707","1":"product","2":"type-product","3":"status-publish","4":"has-post-thumbnail","6":"product_cat-chariots-et-rayonnages","7":"product_cat-echelles","8":"product_cat-mobilier-de-cuisine-chariots-et-echelles","9":"product_cat-palettisable","11":"first","12":"instock","13":"featured","14":"taxable","15":"shipping-taxable","16":"purchasable","17":"product-type-simple"},"_links":{"self":[{"href":"https:\/\/abinox-chr-clim.com\/index.php\/wp-json\/wp\/v2\/product\/69707","targetHints":{"allow":["GET"]}}],"collection":[{"href":"https:\/\/abinox-chr-clim.com\/index.php\/wp-json\/wp\/v2\/product"}],"about":[{"href":"https:\/\/abinox-chr-clim.com\/index.php\/wp-json\/wp\/v2\/types\/product"}],"replies":[{"embeddable":true,"href":"https:\/\/abinox-chr-clim.com\/index.php\/wp-json\/wp\/v2\/comments?post=69707"}],"wp:featuredmedia":[{"embeddable":true,"href":"https:\/\/abinox-chr-clim.com\/index.php\/wp-json\/wp\/v2\/media\/83758"}],"wp:attachment":[{"href":"https:\/\/abinox-chr-clim.com\/index.php\/wp-json\/wp\/v2\/media?parent=69707"}],"wp:term":[{"taxonomy":"product_brand","embeddable":true,"href":"https:\/\/abinox-chr-clim.com\/index.php\/wp-json\/wp\/v2\/product_brand?post=69707"},{"taxonomy":"product_cat","embeddable":true,"href":"https:\/\/abinox-chr-clim.com\/index.php\/wp-json\/wp\/v2\/product_cat?post=69707"},{"taxonomy":"product_tag","embeddable":true,"href":"https:\/\/abinox-chr-clim.com\/index.php\/wp-json\/wp\/v2\/product_tag?post=69707"}],"curies":[{"name":"wp","href":"https:\/\/api.w.org\/{rel}","templated":true}]}}