{"id":69706,"date":"2024-03-22T18:39:32","date_gmt":"2024-03-22T17:39:32","guid":{"rendered":"https:\/\/abinox-chr-clim.com\/index.php\/product\/chariot-a-glissieres-soude-tournus-gn-1-1-15-niveaux\/"},"modified":"2026-04-15T10:14:31","modified_gmt":"2026-04-15T08:14:31","slug":"chariot-a-glissieres-soude-tournus-gn-1-1-15-niveaux","status":"publish","type":"product","link":"https:\/\/abinox-chr-clim.com\/index.php\/product\/chariot-a-glissieres-soude-tournus-gn-1-1-15-niveaux\/","title":{"rendered":"Chariot \u00e0 glissi\u00e8res soud\u00e9 Tournus GN 1\/1 15 niveaux"},"content":{"rendered":"<p>Format GN 1\/1 avec 15 niveaux et glissi\u00e8res soud\u00e9es.<br \/>Certifi\u00e9 NF Hygi\u00e8ne Alimentaire gr\u00e2ce \u00e0 ses glissi\u00e8res soud\u00e9es. Construction en acier inoxydable. Tubes carr\u00e9s 25 x 25 mm. R\u00e9f\u00e9rence soumise \u00e0 une Eco-participation mobilier de 0.07\u20ac par unit\u00e9 vendue. 4 roues pivotantes \u00d8 125 mm, dont 2 avec frein, \u00e0 chape polyamide. Fabriqu\u00e9 en France. Charge max : 20 Kg par niveau et 250 Kg par chariot.Vous trouverez le certificat NF hygi\u00e8ne et s\u00e9curit\u00e9 alimentaires ci-dessous. Choisir des produits certifi\u00e9s NF Hygi\u00e8ne Alimentaire garantit \u00e0 l&rsquo;utilisateur : facilit\u00e9 de nettoyage (surfaces arrondies, lisses), performance frigorifique, thermique et isothermique, s\u00e9curit\u00e9 d&rsquo;utilisation et l&rsquo;indication de la consommation d&rsquo;\u00e9nergie et l&rsquo;indice d&rsquo;efficacit\u00e9 \u00e9nerg\u00e9tique du mat\u00e9riel. Glissi\u00e8res de plateaux soud\u00e9es avec but\u00e9e d&rsquo;arr\u00eat. Certifi\u00e9 NF Hygi\u00e8ne Alimentaire gr\u00e2ce \u00e0 ses glissi\u00e8res soud\u00e9es.<\/p>\n<p>Caract\u00e9ristiques :<br \/> Dimensions : 1490(H) x 455(L) x 655(P) mm.<br \/> Mati\u00e8re : Inox.<br \/> Couleur : Acier inoxydable.<\/p>\n","protected":false},"excerpt":{"rendered":"<p>Chariot \u00e0 glissi\u00e8res soud\u00e9 Tournus GN 1\/1 15 niveaux<\/p>\n","protected":false},"featured_media":83754,"comment_status":"closed","ping_status":"closed","template":"","meta":[],"product_brand":[],"product_cat":[1147,1150,1146,1296],"product_tag":[],"class_list":{"0":"post-69706","1":"product","2":"type-product","3":"status-publish","4":"has-post-thumbnail","6":"product_cat-chariots-et-rayonnages","7":"product_cat-echelles","8":"product_cat-mobilier-de-cuisine-chariots-et-echelles","9":"product_cat-palettisable","11":"first","12":"instock","13":"featured","14":"taxable","15":"shipping-taxable","16":"purchasable","17":"product-type-simple"},"_links":{"self":[{"href":"https:\/\/abinox-chr-clim.com\/index.php\/wp-json\/wp\/v2\/product\/69706","targetHints":{"allow":["GET"]}}],"collection":[{"href":"https:\/\/abinox-chr-clim.com\/index.php\/wp-json\/wp\/v2\/product"}],"about":[{"href":"https:\/\/abinox-chr-clim.com\/index.php\/wp-json\/wp\/v2\/types\/product"}],"replies":[{"embeddable":true,"href":"https:\/\/abinox-chr-clim.com\/index.php\/wp-json\/wp\/v2\/comments?post=69706"}],"wp:featuredmedia":[{"embeddable":true,"href":"https:\/\/abinox-chr-clim.com\/index.php\/wp-json\/wp\/v2\/media\/83754"}],"wp:attachment":[{"href":"https:\/\/abinox-chr-clim.com\/index.php\/wp-json\/wp\/v2\/media?parent=69706"}],"wp:term":[{"taxonomy":"product_brand","embeddable":true,"href":"https:\/\/abinox-chr-clim.com\/index.php\/wp-json\/wp\/v2\/product_brand?post=69706"},{"taxonomy":"product_cat","embeddable":true,"href":"https:\/\/abinox-chr-clim.com\/index.php\/wp-json\/wp\/v2\/product_cat?post=69706"},{"taxonomy":"product_tag","embeddable":true,"href":"https:\/\/abinox-chr-clim.com\/index.php\/wp-json\/wp\/v2\/product_tag?post=69706"}],"curies":[{"name":"wp","href":"https:\/\/api.w.org\/{rel}","templated":true}]}}