{"id":69704,"date":"2024-03-22T18:39:31","date_gmt":"2024-03-22T17:39:31","guid":{"rendered":"https:\/\/abinox-chr-clim.com\/index.php\/product\/chariot-a-glissieres-encastrable-gn1-1-tournus-20-niveaux\/"},"modified":"2026-04-15T09:30:25","modified_gmt":"2026-04-15T07:30:25","slug":"chariot-a-glissieres-encastrable-gn1-1-tournus-20-niveaux","status":"publish","type":"product","link":"https:\/\/abinox-chr-clim.com\/index.php\/product\/chariot-a-glissieres-encastrable-gn1-1-tournus-20-niveaux\/","title":{"rendered":"Chariot \u00e0 glissi\u00e8res encastrable GN1\/1 Tournus 20 niveaux"},"content":{"rendered":"<p>Vous trouverez le certificat NF hygi\u00e8ne et s\u00e9curit\u00e9 alimentaires ci-dessous. Choisir des produits certifi\u00e9s NF Hygi\u00e8ne Alimentaire garantit \u00e0 l&rsquo;utilisateur : facilit\u00e9 de nettoyage (surfaces arrondies, lisses), performance frigorifique, thermique et isothermique, s\u00e9curit\u00e9 d&rsquo;utilisation et l&rsquo;indication de la consommation d&rsquo;\u00e9nergie et l&rsquo;indice d&rsquo;efficacit\u00e9 \u00e9nerg\u00e9tique du mat\u00e9riel.  R\u00e9f\u00e9rence soumise \u00e0 une Eco-participation mobilier de 0.76\u20ac par unit\u00e9 vendue. Vous trouverez le certificat NF hygi\u00e8ne et s\u00e9curit\u00e9 alimentaires ci-dessous. Choisir des produits certifi\u00e9s NF Hygi\u00e8ne Alimentaire garantit \u00e0 l&rsquo;utilisateur : facilit\u00e9 de nettoyage (surfaces arrondies, lisses), performance frigorifique, thermique et isothermique, s\u00e9curit\u00e9 d&rsquo;utilisation et l&rsquo;indication de la consommation d&rsquo;\u00e9nergie et l&rsquo;indice d&rsquo;efficacit\u00e9 \u00e9nerg\u00e9tique du mat\u00e9riel. .<br \/> Caract\u00e9ristiques :<br \/> Dimensions : 1785(H) x 655(L) x 445(P) mm.<\/p>\n","protected":false},"excerpt":{"rendered":"<p>Chariot \u00e0 glissi\u00e8res encastrable GN1\/1 Tournus 20 niveaux<\/p>\n","protected":false},"featured_media":83354,"comment_status":"closed","ping_status":"closed","template":"","meta":[],"product_brand":[],"product_cat":[1147,1150,1146,1296],"product_tag":[],"class_list":{"0":"post-69704","1":"product","2":"type-product","3":"status-publish","4":"has-post-thumbnail","6":"product_cat-chariots-et-rayonnages","7":"product_cat-echelles","8":"product_cat-mobilier-de-cuisine-chariots-et-echelles","9":"product_cat-palettisable","11":"first","12":"instock","13":"featured","14":"taxable","15":"shipping-taxable","16":"purchasable","17":"product-type-simple"},"_links":{"self":[{"href":"https:\/\/abinox-chr-clim.com\/index.php\/wp-json\/wp\/v2\/product\/69704","targetHints":{"allow":["GET"]}}],"collection":[{"href":"https:\/\/abinox-chr-clim.com\/index.php\/wp-json\/wp\/v2\/product"}],"about":[{"href":"https:\/\/abinox-chr-clim.com\/index.php\/wp-json\/wp\/v2\/types\/product"}],"replies":[{"embeddable":true,"href":"https:\/\/abinox-chr-clim.com\/index.php\/wp-json\/wp\/v2\/comments?post=69704"}],"wp:featuredmedia":[{"embeddable":true,"href":"https:\/\/abinox-chr-clim.com\/index.php\/wp-json\/wp\/v2\/media\/83354"}],"wp:attachment":[{"href":"https:\/\/abinox-chr-clim.com\/index.php\/wp-json\/wp\/v2\/media?parent=69704"}],"wp:term":[{"taxonomy":"product_brand","embeddable":true,"href":"https:\/\/abinox-chr-clim.com\/index.php\/wp-json\/wp\/v2\/product_brand?post=69704"},{"taxonomy":"product_cat","embeddable":true,"href":"https:\/\/abinox-chr-clim.com\/index.php\/wp-json\/wp\/v2\/product_cat?post=69704"},{"taxonomy":"product_tag","embeddable":true,"href":"https:\/\/abinox-chr-clim.com\/index.php\/wp-json\/wp\/v2\/product_tag?post=69704"}],"curies":[{"name":"wp","href":"https:\/\/api.w.org\/{rel}","templated":true}]}}