{"id":69700,"date":"2024-03-22T18:39:29","date_gmt":"2024-03-22T17:39:29","guid":{"rendered":"https:\/\/abinox-chr-clim.com\/index.php\/product\/marchepied-usage-intensif-rubbermaid\/"},"modified":"2026-04-24T09:19:18","modified_gmt":"2026-04-24T07:19:18","slug":"marchepied-usage-intensif-rubbermaid","status":"publish","type":"product","link":"https:\/\/abinox-chr-clim.com\/index.php\/product\/marchepied-usage-intensif-rubbermaid\/","title":{"rendered":"Marchepied usage intensif Rubbermaid"},"content":{"rendered":"<p>Construction en polypropyl\u00e8ne avec surface antid\u00e9rapante. Sur roulettes pour un d\u00e9placement facile, les roulettes se r\u00e9tractent lorsqu&rsquo;un poids est appliqu\u00e9. Construction en polypropyl\u00e8ne avec surface antid\u00e9rapante. .<br \/> Caract\u00e9ristiques :<br \/> Capacit\u00e9 : 158.8kg.<br \/> Dimensions : 406(\u00d8) x 330(H)mm.<\/p>\n","protected":false},"excerpt":{"rendered":"<p>Marchepied usage intensif Rubbermaid<\/p>\n","protected":false},"featured_media":103495,"comment_status":"closed","ping_status":"closed","template":"","meta":[],"product_brand":[],"product_cat":[1147,1149,1146,1297],"product_tag":[],"class_list":{"0":"post-69700","1":"product","2":"type-product","3":"status-publish","4":"has-post-thumbnail","6":"product_cat-chariots-et-rayonnages","7":"product_cat-divers-chariots-et-rayonnages","8":"product_cat-mobilier-de-cuisine-chariots-et-echelles","9":"product_cat-non-palettisable","10":"product_shipping_class-free-shipping","12":"first","13":"instock","14":"featured","15":"taxable","16":"shipping-taxable","17":"purchasable","18":"product-type-simple"},"_links":{"self":[{"href":"https:\/\/abinox-chr-clim.com\/index.php\/wp-json\/wp\/v2\/product\/69700","targetHints":{"allow":["GET"]}}],"collection":[{"href":"https:\/\/abinox-chr-clim.com\/index.php\/wp-json\/wp\/v2\/product"}],"about":[{"href":"https:\/\/abinox-chr-clim.com\/index.php\/wp-json\/wp\/v2\/types\/product"}],"replies":[{"embeddable":true,"href":"https:\/\/abinox-chr-clim.com\/index.php\/wp-json\/wp\/v2\/comments?post=69700"}],"wp:featuredmedia":[{"embeddable":true,"href":"https:\/\/abinox-chr-clim.com\/index.php\/wp-json\/wp\/v2\/media\/103495"}],"wp:attachment":[{"href":"https:\/\/abinox-chr-clim.com\/index.php\/wp-json\/wp\/v2\/media?parent=69700"}],"wp:term":[{"taxonomy":"product_brand","embeddable":true,"href":"https:\/\/abinox-chr-clim.com\/index.php\/wp-json\/wp\/v2\/product_brand?post=69700"},{"taxonomy":"product_cat","embeddable":true,"href":"https:\/\/abinox-chr-clim.com\/index.php\/wp-json\/wp\/v2\/product_cat?post=69700"},{"taxonomy":"product_tag","embeddable":true,"href":"https:\/\/abinox-chr-clim.com\/index.php\/wp-json\/wp\/v2\/product_tag?post=69700"}],"curies":[{"name":"wp","href":"https:\/\/api.w.org\/{rel}","templated":true}]}}