{"id":69695,"date":"2024-03-22T18:39:25","date_gmt":"2024-03-22T17:39:25","guid":{"rendered":"https:\/\/abinox-chr-clim.com\/index.php\/product\/caillebotis-vogue\/"},"modified":"2026-04-24T09:02:26","modified_gmt":"2026-04-24T07:02:26","slug":"caillebotis-vogue","status":"publish","type":"product","link":"https:\/\/abinox-chr-clim.com\/index.php\/product\/caillebotis-vogue\/","title":{"rendered":"Caillebotis Vogue"},"content":{"rendered":"<p>Les alv\u00e9oles assurent une circulation d&rsquo;air maximum. En m\u00e9tal recouvert de polypropyl\u00e8ne r\u00e9sistant. Sur\u00e9l\u00e8ve les aliments et l&rsquo;\u00e9quipement du sol pour r\u00e9pondre aux normes d&rsquo;hygi\u00e8ne alimentaire. Anti rouille. Les alv\u00e9oles assurent une circulation d&rsquo;air maximum.<\/p>\n<p>Caract\u00e9ristiques :<br \/> Capacit\u00e9 : 350kg.<br \/> Dimensions : 228(H) x 910(L) x 530(P)mm.<\/p>\n","protected":false},"excerpt":{"rendered":"<p>Caillebotis Vogue<\/p>\n","protected":false},"featured_media":102680,"comment_status":"closed","ping_status":"closed","template":"","meta":[],"product_brand":[],"product_cat":[1147,1149,1146,1297],"product_tag":[],"class_list":{"0":"post-69695","1":"product","2":"type-product","3":"status-publish","4":"has-post-thumbnail","6":"product_cat-chariots-et-rayonnages","7":"product_cat-divers-chariots-et-rayonnages","8":"product_cat-mobilier-de-cuisine-chariots-et-echelles","9":"product_cat-non-palettisable","10":"product_shipping_class-free-shipping","12":"first","13":"instock","14":"featured","15":"taxable","16":"shipping-taxable","17":"purchasable","18":"product-type-simple"},"_links":{"self":[{"href":"https:\/\/abinox-chr-clim.com\/index.php\/wp-json\/wp\/v2\/product\/69695","targetHints":{"allow":["GET"]}}],"collection":[{"href":"https:\/\/abinox-chr-clim.com\/index.php\/wp-json\/wp\/v2\/product"}],"about":[{"href":"https:\/\/abinox-chr-clim.com\/index.php\/wp-json\/wp\/v2\/types\/product"}],"replies":[{"embeddable":true,"href":"https:\/\/abinox-chr-clim.com\/index.php\/wp-json\/wp\/v2\/comments?post=69695"}],"wp:featuredmedia":[{"embeddable":true,"href":"https:\/\/abinox-chr-clim.com\/index.php\/wp-json\/wp\/v2\/media\/102680"}],"wp:attachment":[{"href":"https:\/\/abinox-chr-clim.com\/index.php\/wp-json\/wp\/v2\/media?parent=69695"}],"wp:term":[{"taxonomy":"product_brand","embeddable":true,"href":"https:\/\/abinox-chr-clim.com\/index.php\/wp-json\/wp\/v2\/product_brand?post=69695"},{"taxonomy":"product_cat","embeddable":true,"href":"https:\/\/abinox-chr-clim.com\/index.php\/wp-json\/wp\/v2\/product_cat?post=69695"},{"taxonomy":"product_tag","embeddable":true,"href":"https:\/\/abinox-chr-clim.com\/index.php\/wp-json\/wp\/v2\/product_tag?post=69695"}],"curies":[{"name":"wp","href":"https:\/\/api.w.org\/{rel}","templated":true}]}}