{"id":69690,"date":"2024-03-22T18:39:23","date_gmt":"2024-03-22T17:39:23","guid":{"rendered":"https:\/\/abinox-chr-clim.com\/index.php\/product\/chariot-inox-pour-casiers-a-verres-craven\/"},"modified":"2026-04-02T10:01:34","modified_gmt":"2026-04-02T08:01:34","slug":"chariot-inox-pour-casiers-a-verres-craven","status":"publish","type":"product","link":"https:\/\/abinox-chr-clim.com\/index.php\/product\/chariot-inox-pour-casiers-a-verres-craven\/","title":{"rendered":"Chariot inox pour casiers \u00e0 verres Craven"},"content":{"rendered":"<p>Chariot en acier inoxydable pour le s\u00e9chage et le r\u00e9approvisionnement des verres. Le niveau inf\u00e9rieur est \u00e9quip\u00e9 d&rsquo;un bac de r\u00e9cup\u00e9ration soud\u00e9 pour \u00e9viter les sols humides. Convient aux casiers de 500 x 500mm (non fournis). Livr\u00e9 enti\u00e8rement soud\u00e9.<br \/>Dispose d&rsquo;un pas de 218 mm pour assurer le stockage de verres hauts \u00e0 tous les niveaux. Livr\u00e9 enti\u00e8rement soud\u00e9. 3 niveaux. R\u00e9f\u00e9rence soumise \u00e0 une Eco-participation mobilier de 0.5\u20ac par unit\u00e9 vendue. Capacit\u00e9 de charge maximale : 180 kg. Dispose d&rsquo;un pas de 218 mm pour assurer le stockage de verres hauts \u00e0 tous les niveaux.<\/p>\n<p>Caract\u00e9ristiques :<br \/> Capacit\u00e9 : 3 casiers lave-vaisselle.<br \/> Dimensions : 839(H) x 626(L) x 588(P) mm.<br \/> Mati\u00e8re : Inox 304.<br \/> Couleur : Acier inoxydable.<\/p>\n","protected":false},"excerpt":{"rendered":"<p>Chariot inox pour casiers \u00e0 verres Craven<\/p>\n","protected":false},"featured_media":92220,"comment_status":"closed","ping_status":"closed","template":"","meta":[],"product_brand":[],"product_cat":[1147,1149,1146,1297],"product_tag":[],"class_list":{"0":"post-69690","1":"product","2":"type-product","3":"status-publish","4":"has-post-thumbnail","6":"product_cat-chariots-et-rayonnages","7":"product_cat-divers-chariots-et-rayonnages","8":"product_cat-mobilier-de-cuisine-chariots-et-echelles","9":"product_cat-non-palettisable","10":"product_shipping_class-free-shipping","12":"first","13":"outofstock","14":"featured","15":"taxable","16":"shipping-taxable","17":"purchasable","18":"product-type-simple"},"_links":{"self":[{"href":"https:\/\/abinox-chr-clim.com\/index.php\/wp-json\/wp\/v2\/product\/69690","targetHints":{"allow":["GET"]}}],"collection":[{"href":"https:\/\/abinox-chr-clim.com\/index.php\/wp-json\/wp\/v2\/product"}],"about":[{"href":"https:\/\/abinox-chr-clim.com\/index.php\/wp-json\/wp\/v2\/types\/product"}],"replies":[{"embeddable":true,"href":"https:\/\/abinox-chr-clim.com\/index.php\/wp-json\/wp\/v2\/comments?post=69690"}],"wp:featuredmedia":[{"embeddable":true,"href":"https:\/\/abinox-chr-clim.com\/index.php\/wp-json\/wp\/v2\/media\/92220"}],"wp:attachment":[{"href":"https:\/\/abinox-chr-clim.com\/index.php\/wp-json\/wp\/v2\/media?parent=69690"}],"wp:term":[{"taxonomy":"product_brand","embeddable":true,"href":"https:\/\/abinox-chr-clim.com\/index.php\/wp-json\/wp\/v2\/product_brand?post=69690"},{"taxonomy":"product_cat","embeddable":true,"href":"https:\/\/abinox-chr-clim.com\/index.php\/wp-json\/wp\/v2\/product_cat?post=69690"},{"taxonomy":"product_tag","embeddable":true,"href":"https:\/\/abinox-chr-clim.com\/index.php\/wp-json\/wp\/v2\/product_tag?post=69690"}],"curies":[{"name":"wp","href":"https:\/\/api.w.org\/{rel}","templated":true}]}}