{"id":69689,"date":"2024-03-22T18:39:23","date_gmt":"2024-03-22T17:39:23","guid":{"rendered":"https:\/\/abinox-chr-clim.com\/index.php\/product\/chariot-inox-pour-casier-de-lavage-craven\/"},"modified":"2026-04-24T10:30:24","modified_gmt":"2026-04-24T08:30:24","slug":"chariot-inox-pour-casier-de-lavage-craven","status":"publish","type":"product","link":"https:\/\/abinox-chr-clim.com\/index.php\/product\/chariot-inox-pour-casier-de-lavage-craven\/","title":{"rendered":"Chariot inox pour casier de lavage Craven"},"content":{"rendered":"<p>Chariot en inox, id\u00e9al pour le transport des couverts et de la vaisselle et \u00e9quip\u00e9 de 4 x roulettes (2 avec frein). Con\u00e7u pour stocker 7 casiers de lavage de 500&#215;500 mm. Casiers non inclus. Livr\u00e9 enti\u00e8rement soud\u00e9.<br \/>Peut \u00eatre utilis\u00e9 pour laisser les couverts et la vaisselle s\u00e9cher \u00e0 l&rsquo;air libre. Id\u00e9al pour le transport des couverts et de la vaisselle. Comprend 4 roulettes (2 avec frein). R\u00e9f\u00e9rence soumise \u00e0 une Eco-participation mobilier de 0.6\u20ac par unit\u00e9 vendue. Capacit\u00e9 de charge maximale\u00a0: 240\u00a0kg. Livr\u00e9 enti\u00e8rement soud\u00e9.7 \u00e9tag\u00e8res. Peut \u00eatre utilis\u00e9 pour laisser les couverts et la vaisselle s\u00e9cher \u00e0 l&rsquo;air libre.<\/p>\n<p>Caract\u00e9ristiques :<br \/> Dimensions : 1621(H) x 626(L) x 588(P)mm.<br \/> Mati\u00e8re : Inox<\/p>\n","protected":false},"excerpt":{"rendered":"<p>Chariot inox pour casier de lavage Craven<\/p>\n","protected":false},"featured_media":92221,"comment_status":"closed","ping_status":"closed","template":"","meta":[],"product_brand":[],"product_cat":[1147,1149,1146,1297],"product_tag":[],"class_list":{"0":"post-69689","1":"product","2":"type-product","3":"status-publish","4":"has-post-thumbnail","6":"product_cat-chariots-et-rayonnages","7":"product_cat-divers-chariots-et-rayonnages","8":"product_cat-mobilier-de-cuisine-chariots-et-echelles","9":"product_cat-non-palettisable","10":"product_shipping_class-free-shipping","12":"first","13":"outofstock","14":"featured","15":"taxable","16":"shipping-taxable","17":"purchasable","18":"product-type-simple"},"_links":{"self":[{"href":"https:\/\/abinox-chr-clim.com\/index.php\/wp-json\/wp\/v2\/product\/69689","targetHints":{"allow":["GET"]}}],"collection":[{"href":"https:\/\/abinox-chr-clim.com\/index.php\/wp-json\/wp\/v2\/product"}],"about":[{"href":"https:\/\/abinox-chr-clim.com\/index.php\/wp-json\/wp\/v2\/types\/product"}],"replies":[{"embeddable":true,"href":"https:\/\/abinox-chr-clim.com\/index.php\/wp-json\/wp\/v2\/comments?post=69689"}],"wp:featuredmedia":[{"embeddable":true,"href":"https:\/\/abinox-chr-clim.com\/index.php\/wp-json\/wp\/v2\/media\/92221"}],"wp:attachment":[{"href":"https:\/\/abinox-chr-clim.com\/index.php\/wp-json\/wp\/v2\/media?parent=69689"}],"wp:term":[{"taxonomy":"product_brand","embeddable":true,"href":"https:\/\/abinox-chr-clim.com\/index.php\/wp-json\/wp\/v2\/product_brand?post=69689"},{"taxonomy":"product_cat","embeddable":true,"href":"https:\/\/abinox-chr-clim.com\/index.php\/wp-json\/wp\/v2\/product_cat?post=69689"},{"taxonomy":"product_tag","embeddable":true,"href":"https:\/\/abinox-chr-clim.com\/index.php\/wp-json\/wp\/v2\/product_tag?post=69689"}],"curies":[{"name":"wp","href":"https:\/\/api.w.org\/{rel}","templated":true}]}}