{"id":69682,"date":"2024-03-22T18:39:20","date_gmt":"2024-03-22T17:39:20","guid":{"rendered":"https:\/\/abinox-chr-clim.com\/index.php\/product\/chariot-a-bouteilles-noir\/"},"modified":"2025-07-24T19:55:00","modified_gmt":"2025-07-24T17:55:00","slug":"chariot-a-bouteilles-noir","status":"publish","type":"product","link":"https:\/\/abinox-chr-clim.com\/index.php\/product\/chariot-a-bouteilles-noir\/","title":{"rendered":"Chariot \u00e0 bouteilles noir"},"content":{"rendered":"<p>Chariot en poly\u00e9thyl\u00e8ne moul\u00e9 de qualit\u00e9 avec quatre roulettes de 50(\u00d8)mm.<br \/>Conception \u00e9tanche &#8211; pas de fuite lors du transport. Roulettes solides de 50 mm &#8211; id\u00e9ales lorsque le chariot est charg\u00e9 \u00e0 sa capacit\u00e9 maximale. Les fixations des roulettes sont moul\u00e9es et non perc\u00e9es. Ajoute une r\u00e9sistance et une durabilit\u00e9 suppl\u00e9mentaires. R\u00e9f\u00e9rence soumise \u00e0 une Eco-participation mobilier de 1.44\u20ac par unit\u00e9 vendue. Conception facile \u00e0 nettoyer gain de temps.  Empilable &#8211; \u00e9conomise de l&rsquo;espace lorsqu&rsquo;il n&rsquo;est pas utilis\u00e9. Conception \u00e9tanche &#8211; pas de fuite lors du transport.<\/p>\n<p>Caract\u00e9ristiques :<br \/> Capacit\u00e9 : 125L.<br \/> Dimensions : 690(H) x 660(L) x 470(P)mm.<br \/> Mati\u00e8re : Poly\u00e9thyl\u00e8ne moul\u00e9.<br \/> Couleur : Noir.<\/p>\n","protected":false},"excerpt":{"rendered":"<p>Chariot \u00e0 bouteilles noir<\/p>\n","protected":false},"featured_media":78825,"comment_status":"closed","ping_status":"closed","template":"","meta":[],"product_brand":[],"product_cat":[1147,1149,1146,1297],"product_tag":[],"class_list":{"0":"post-69682","1":"product","2":"type-product","3":"status-publish","4":"has-post-thumbnail","6":"product_cat-chariots-et-rayonnages","7":"product_cat-divers-chariots-et-rayonnages","8":"product_cat-mobilier-de-cuisine-chariots-et-echelles","9":"product_cat-non-palettisable","10":"product_shipping_class-free-shipping","12":"first","13":"outofstock","14":"featured","15":"taxable","16":"shipping-taxable","17":"purchasable","18":"product-type-simple"},"_links":{"self":[{"href":"https:\/\/abinox-chr-clim.com\/index.php\/wp-json\/wp\/v2\/product\/69682","targetHints":{"allow":["GET"]}}],"collection":[{"href":"https:\/\/abinox-chr-clim.com\/index.php\/wp-json\/wp\/v2\/product"}],"about":[{"href":"https:\/\/abinox-chr-clim.com\/index.php\/wp-json\/wp\/v2\/types\/product"}],"replies":[{"embeddable":true,"href":"https:\/\/abinox-chr-clim.com\/index.php\/wp-json\/wp\/v2\/comments?post=69682"}],"wp:featuredmedia":[{"embeddable":true,"href":"https:\/\/abinox-chr-clim.com\/index.php\/wp-json\/wp\/v2\/media\/78825"}],"wp:attachment":[{"href":"https:\/\/abinox-chr-clim.com\/index.php\/wp-json\/wp\/v2\/media?parent=69682"}],"wp:term":[{"taxonomy":"product_brand","embeddable":true,"href":"https:\/\/abinox-chr-clim.com\/index.php\/wp-json\/wp\/v2\/product_brand?post=69682"},{"taxonomy":"product_cat","embeddable":true,"href":"https:\/\/abinox-chr-clim.com\/index.php\/wp-json\/wp\/v2\/product_cat?post=69682"},{"taxonomy":"product_tag","embeddable":true,"href":"https:\/\/abinox-chr-clim.com\/index.php\/wp-json\/wp\/v2\/product_tag?post=69682"}],"curies":[{"name":"wp","href":"https:\/\/api.w.org\/{rel}","templated":true}]}}