{"id":69679,"date":"2024-03-22T18:39:19","date_gmt":"2024-03-22T17:39:19","guid":{"rendered":"https:\/\/abinox-chr-clim.com\/index.php\/product\/chariot-porte-plateaux-en-acier-craven-pour-100-plateaux\/"},"modified":"2026-04-22T08:10:31","modified_gmt":"2026-04-22T06:10:31","slug":"chariot-porte-plateaux-en-acier-craven-pour-100-plateaux","status":"publish","type":"product","link":"https:\/\/abinox-chr-clim.com\/index.php\/product\/chariot-porte-plateaux-en-acier-craven-pour-100-plateaux\/","title":{"rendered":"Chariot porte-plateaux en acier Craven pour 100 plateaux"},"content":{"rendered":"<p>Chariot enti\u00e8rement soud\u00e9 avec pare-chocs. Peut contenir jusqu&rsquo;\u00e0 100 plateaux de 485 x 380 mm maximum (vendus s\u00e9par\u00e9ment).<br \/>Finition rev\u00eatement \u00e9poxy gris. Fabriqu\u00e9 au Royaume-Uni. R\u00e9f\u00e9rence soumise \u00e0 une Eco-participation mobilier de 0.39\u20ac par unit\u00e9 vendue. Roulettes 12cm &#8211; 2 avec frein et pare-chocs. Charge maximale : 60kg. Les roulettes permettent de d\u00e9placer facilement les plateaux d&rsquo;un endroit \u00e0 l&rsquo;autre. La structure tubulaire et la finition \u00e9poxy permettent un nettoyage facile.Finition rev\u00eatement \u00e9poxy gris.<\/p>\n<p>Caract\u00e9ristiques :<br \/> Capacit\u00e9 : 100 plateaux.<br \/> Dimensions : 840(H) x 625(L) x 495(P) mm.<br \/> Mati\u00e8re : Acier.<br \/> Couleur : Gris.<\/p>\n","protected":false},"excerpt":{"rendered":"<p>Chariot porte-plateaux en acier Craven pour 100 plateaux<\/p>\n","protected":false},"featured_media":100295,"comment_status":"closed","ping_status":"closed","template":"","meta":[],"product_brand":[],"product_cat":[1148,1147,1146,1296],"product_tag":[],"class_list":{"0":"post-69679","1":"product","2":"type-product","3":"status-publish","4":"has-post-thumbnail","6":"product_cat-chariots-de-service","7":"product_cat-chariots-et-rayonnages","8":"product_cat-mobilier-de-cuisine-chariots-et-echelles","9":"product_cat-palettisable","11":"first","12":"outofstock","13":"featured","14":"taxable","15":"shipping-taxable","16":"purchasable","17":"product-type-simple"},"_links":{"self":[{"href":"https:\/\/abinox-chr-clim.com\/index.php\/wp-json\/wp\/v2\/product\/69679","targetHints":{"allow":["GET"]}}],"collection":[{"href":"https:\/\/abinox-chr-clim.com\/index.php\/wp-json\/wp\/v2\/product"}],"about":[{"href":"https:\/\/abinox-chr-clim.com\/index.php\/wp-json\/wp\/v2\/types\/product"}],"replies":[{"embeddable":true,"href":"https:\/\/abinox-chr-clim.com\/index.php\/wp-json\/wp\/v2\/comments?post=69679"}],"wp:featuredmedia":[{"embeddable":true,"href":"https:\/\/abinox-chr-clim.com\/index.php\/wp-json\/wp\/v2\/media\/100295"}],"wp:attachment":[{"href":"https:\/\/abinox-chr-clim.com\/index.php\/wp-json\/wp\/v2\/media?parent=69679"}],"wp:term":[{"taxonomy":"product_brand","embeddable":true,"href":"https:\/\/abinox-chr-clim.com\/index.php\/wp-json\/wp\/v2\/product_brand?post=69679"},{"taxonomy":"product_cat","embeddable":true,"href":"https:\/\/abinox-chr-clim.com\/index.php\/wp-json\/wp\/v2\/product_cat?post=69679"},{"taxonomy":"product_tag","embeddable":true,"href":"https:\/\/abinox-chr-clim.com\/index.php\/wp-json\/wp\/v2\/product_tag?post=69679"}],"curies":[{"name":"wp","href":"https:\/\/api.w.org\/{rel}","templated":true}]}}