{"id":69678,"date":"2024-03-22T18:39:19","date_gmt":"2024-03-22T17:39:19","guid":{"rendered":"https:\/\/abinox-chr-clim.com\/index.php\/product\/chariot-a-couverts-en-acier-craven\/"},"modified":"2025-08-26T12:23:29","modified_gmt":"2025-08-26T10:23:29","slug":"chariot-a-couverts-en-acier-craven","status":"publish","type":"product","link":"https:\/\/abinox-chr-clim.com\/index.php\/product\/chariot-a-couverts-en-acier-craven\/","title":{"rendered":"Chariot \u00e0 couverts en acier Craven"},"content":{"rendered":"<p>Chariot enti\u00e8rement soud\u00e9 avec tampons amortisseurs. Plateau de base en aluminium pour un stockage suppl\u00e9mentaire. Con\u00e7u pour deux bacs \u00e0 couverts (vendus s\u00e9par\u00e9ment).<br \/>Construction soud\u00e9e avec cadre gris \u00e9maill\u00e9. Les roulettes permettent de d\u00e9placer facilement le chariot. La conception tubulaire et la finition \u00e9poxy permettent un nettoyage facile et approfondi. Fabriqu\u00e9 au Royaume-Uni. Roulettes de 12,5cm &#8211; deux avec freins et amortisseurs tout autour. Capacit\u00e9 de charge maximale\u00a0: 40\u00a0kg. Range-couverts vendus s\u00e9par\u00e9ment &#8211; J850.Construction soud\u00e9e avec cadre gris \u00e9maill\u00e9.<\/p>\n<p>Caract\u00e9ristiques :<br \/> Capacit\u00e9 : 40kg.<br \/> Dimensions : 840(H) x 560(L) x 425(P) mm.<br \/> Mati\u00e8re : .<br \/> Couleur : Gris.<\/p>\n","protected":false},"excerpt":{"rendered":"<p>Chariot \u00e0 couverts en acier Craven<\/p>\n","protected":false},"featured_media":100293,"comment_status":"closed","ping_status":"closed","template":"","meta":[],"product_brand":[],"product_cat":[1148,1147,1146,1297],"product_tag":[],"class_list":{"0":"post-69678","1":"product","2":"type-product","3":"status-publish","4":"has-post-thumbnail","6":"product_cat-chariots-de-service","7":"product_cat-chariots-et-rayonnages","8":"product_cat-mobilier-de-cuisine-chariots-et-echelles","9":"product_cat-non-palettisable","10":"product_shipping_class-free-shipping","12":"first","13":"outofstock","14":"featured","15":"taxable","16":"shipping-taxable","17":"purchasable","18":"product-type-simple"},"_links":{"self":[{"href":"https:\/\/abinox-chr-clim.com\/index.php\/wp-json\/wp\/v2\/product\/69678","targetHints":{"allow":["GET"]}}],"collection":[{"href":"https:\/\/abinox-chr-clim.com\/index.php\/wp-json\/wp\/v2\/product"}],"about":[{"href":"https:\/\/abinox-chr-clim.com\/index.php\/wp-json\/wp\/v2\/types\/product"}],"replies":[{"embeddable":true,"href":"https:\/\/abinox-chr-clim.com\/index.php\/wp-json\/wp\/v2\/comments?post=69678"}],"wp:featuredmedia":[{"embeddable":true,"href":"https:\/\/abinox-chr-clim.com\/index.php\/wp-json\/wp\/v2\/media\/100293"}],"wp:attachment":[{"href":"https:\/\/abinox-chr-clim.com\/index.php\/wp-json\/wp\/v2\/media?parent=69678"}],"wp:term":[{"taxonomy":"product_brand","embeddable":true,"href":"https:\/\/abinox-chr-clim.com\/index.php\/wp-json\/wp\/v2\/product_brand?post=69678"},{"taxonomy":"product_cat","embeddable":true,"href":"https:\/\/abinox-chr-clim.com\/index.php\/wp-json\/wp\/v2\/product_cat?post=69678"},{"taxonomy":"product_tag","embeddable":true,"href":"https:\/\/abinox-chr-clim.com\/index.php\/wp-json\/wp\/v2\/product_tag?post=69678"}],"curies":[{"name":"wp","href":"https:\/\/api.w.org\/{rel}","templated":true}]}}