{"id":69677,"date":"2024-03-22T18:39:19","date_gmt":"2024-03-22T17:39:19","guid":{"rendered":"https:\/\/abinox-chr-clim.com\/index.php\/product\/chariot-utilitaire-compact-noir-rubbermaid\/"},"modified":"2026-04-22T08:03:49","modified_gmt":"2026-04-22T06:03:49","slug":"chariot-utilitaire-compact-noir-rubbermaid","status":"publish","type":"product","link":"https:\/\/abinox-chr-clim.com\/index.php\/product\/chariot-utilitaire-compact-noir-rubbermaid\/","title":{"rendered":"Chariot utilitaire compact noir Rubbermaid"},"content":{"rendered":"<p>Les surfaces lisses et faciles \u00e0 nettoyer r\u00e9sistent aux chocs, \u00e0 la rouille et \u00e0 la casse. Supports en aluminium robustes. D\u00e9gagement de 250 mm entre les \u00e9tag\u00e8res. Capacit\u00e9 de charge maximale 90,7 kg.<br \/>Etag\u00e8res en polypropyl\u00e8ne avec supports en aluminium. R\u00e9f\u00e9rence soumise \u00e0 une Eco-participation mobilier de 2.1\u20ac par unit\u00e9 vendue. Livr\u00e9 \u00e0\u00a0plat &#8211; facile \u00e0 assembler.Bacs \u00e0 d\u00e9chets et \u00e0\u00a0couverts disponibles &#8211; codes produits J657 et J658. Capacit\u00e9 de charge de 90,7 kg. 250 mm d&rsquo;espace entre les \u00e9tag\u00e8res. Roulettes silencieuses anti traces.Etag\u00e8res en polypropyl\u00e8ne avec supports en aluminium.<\/p>\n<p>Caract\u00e9ristiques :<br \/> Capacit\u00e9 : 90,7 kg.<br \/> Dimensions : 959(H) x 473(L) x 854(P) mm.<br \/> Mati\u00e8re : .<br \/> Couleur : Noir.<\/p>\n","protected":false},"excerpt":{"rendered":"<p>Chariot utilitaire compact noir Rubbermaid<\/p>\n","protected":false},"featured_media":103444,"comment_status":"closed","ping_status":"closed","template":"","meta":[],"product_brand":[],"product_cat":[1148,1147,1146,1297],"product_tag":[],"class_list":{"0":"post-69677","1":"product","2":"type-product","3":"status-publish","4":"has-post-thumbnail","6":"product_cat-chariots-de-service","7":"product_cat-chariots-et-rayonnages","8":"product_cat-mobilier-de-cuisine-chariots-et-echelles","9":"product_cat-non-palettisable","10":"product_shipping_class-free-shipping","12":"first","13":"instock","14":"featured","15":"taxable","16":"shipping-taxable","17":"purchasable","18":"product-type-simple"},"_links":{"self":[{"href":"https:\/\/abinox-chr-clim.com\/index.php\/wp-json\/wp\/v2\/product\/69677","targetHints":{"allow":["GET"]}}],"collection":[{"href":"https:\/\/abinox-chr-clim.com\/index.php\/wp-json\/wp\/v2\/product"}],"about":[{"href":"https:\/\/abinox-chr-clim.com\/index.php\/wp-json\/wp\/v2\/types\/product"}],"replies":[{"embeddable":true,"href":"https:\/\/abinox-chr-clim.com\/index.php\/wp-json\/wp\/v2\/comments?post=69677"}],"wp:featuredmedia":[{"embeddable":true,"href":"https:\/\/abinox-chr-clim.com\/index.php\/wp-json\/wp\/v2\/media\/103444"}],"wp:attachment":[{"href":"https:\/\/abinox-chr-clim.com\/index.php\/wp-json\/wp\/v2\/media?parent=69677"}],"wp:term":[{"taxonomy":"product_brand","embeddable":true,"href":"https:\/\/abinox-chr-clim.com\/index.php\/wp-json\/wp\/v2\/product_brand?post=69677"},{"taxonomy":"product_cat","embeddable":true,"href":"https:\/\/abinox-chr-clim.com\/index.php\/wp-json\/wp\/v2\/product_cat?post=69677"},{"taxonomy":"product_tag","embeddable":true,"href":"https:\/\/abinox-chr-clim.com\/index.php\/wp-json\/wp\/v2\/product_tag?post=69677"}],"curies":[{"name":"wp","href":"https:\/\/api.w.org\/{rel}","templated":true}]}}