{"id":69672,"date":"2024-03-22T18:39:17","date_gmt":"2024-03-22T17:39:17","guid":{"rendered":"https:\/\/abinox-chr-clim.com\/index.php\/product\/grand-bac-pour-chariot-de-service-cart-pro-cambro\/"},"modified":"2026-04-24T10:23:41","modified_gmt":"2026-04-24T08:23:41","slug":"grand-bac-pour-chariot-de-service-cart-pro-cambro","status":"publish","type":"product","link":"https:\/\/abinox-chr-clim.com\/index.php\/product\/grand-bac-pour-chariot-de-service-cart-pro-cambro\/","title":{"rendered":"Grand bac pour chariot de service Cart Pro Cambro"},"content":{"rendered":"<p>Le chariot Service Cart Pro est la solution mobile polyvalente adapt\u00e9e \u00e0 toute op\u00e9ration de restauration. De conception moderne avec une capacit\u00e9 de poids sup\u00e9rieure aux chariots traditionnels, ce chariot de service durable peut \u00eatre utilis\u00e9 en salle et en cuisine.<\/p>\n<p>Caract\u00e9ristiques :<br \/> Mati\u00e8re : Polypropyl\u00e8ne.<br \/> Couleur : Noir.<\/p>\n","protected":false},"excerpt":{"rendered":"<p>Grand bac pour chariot de service Cart Pro Cambro<\/p>\n","protected":false},"featured_media":100723,"comment_status":"closed","ping_status":"closed","template":"","meta":[],"product_brand":[],"product_cat":[1148,1147,1146,1297],"product_tag":[],"class_list":{"0":"post-69672","1":"product","2":"type-product","3":"status-publish","4":"has-post-thumbnail","6":"product_cat-chariots-de-service","7":"product_cat-chariots-et-rayonnages","8":"product_cat-mobilier-de-cuisine-chariots-et-echelles","9":"product_cat-non-palettisable","10":"product_shipping_class-free-shipping","12":"first","13":"instock","14":"featured","15":"taxable","16":"shipping-taxable","17":"purchasable","18":"product-type-simple"},"_links":{"self":[{"href":"https:\/\/abinox-chr-clim.com\/index.php\/wp-json\/wp\/v2\/product\/69672","targetHints":{"allow":["GET"]}}],"collection":[{"href":"https:\/\/abinox-chr-clim.com\/index.php\/wp-json\/wp\/v2\/product"}],"about":[{"href":"https:\/\/abinox-chr-clim.com\/index.php\/wp-json\/wp\/v2\/types\/product"}],"replies":[{"embeddable":true,"href":"https:\/\/abinox-chr-clim.com\/index.php\/wp-json\/wp\/v2\/comments?post=69672"}],"wp:featuredmedia":[{"embeddable":true,"href":"https:\/\/abinox-chr-clim.com\/index.php\/wp-json\/wp\/v2\/media\/100723"}],"wp:attachment":[{"href":"https:\/\/abinox-chr-clim.com\/index.php\/wp-json\/wp\/v2\/media?parent=69672"}],"wp:term":[{"taxonomy":"product_brand","embeddable":true,"href":"https:\/\/abinox-chr-clim.com\/index.php\/wp-json\/wp\/v2\/product_brand?post=69672"},{"taxonomy":"product_cat","embeddable":true,"href":"https:\/\/abinox-chr-clim.com\/index.php\/wp-json\/wp\/v2\/product_cat?post=69672"},{"taxonomy":"product_tag","embeddable":true,"href":"https:\/\/abinox-chr-clim.com\/index.php\/wp-json\/wp\/v2\/product_tag?post=69672"}],"curies":[{"name":"wp","href":"https:\/\/api.w.org\/{rel}","templated":true}]}}