{"id":69669,"date":"2024-03-22T18:39:16","date_gmt":"2024-03-22T17:39:16","guid":{"rendered":"https:\/\/abinox-chr-clim.com\/index.php\/product\/grand-chariot-de-debarrassage-en-acier-inoxydable-vogue-2-niveaux\/"},"modified":"2026-04-24T09:02:01","modified_gmt":"2026-04-24T07:02:01","slug":"grand-chariot-de-debarrassage-en-acier-inoxydable-vogue-2-niveaux","status":"publish","type":"product","link":"https:\/\/abinox-chr-clim.com\/index.php\/product\/grand-chariot-de-debarrassage-en-acier-inoxydable-vogue-2-niveaux\/","title":{"rendered":"Grand chariot de d\u00e9barrassage en acier inoxydable Vogue 2 niveaux"},"content":{"rendered":"<p>Chariots r\u00e9sistants en acier inoxydable pour les h\u00f4tels, restaurants et collectivit\u00e9s o\u00f9 la sant\u00e9 et l&rsquo;hygi\u00e8ne sont primordiales. Faciles \u00e0 man\u0153uvrer gr\u00e2ce aux poign\u00e9es aux deux extr\u00e9mit\u00e9s. Capacit\u00e9 de charge maxi 128kg.<br \/>2 roulettes \u00e0 frein pour emp\u00eacher le chariot de bouger. 2 \u00e9tag\u00e8res pour un grand espace de rangement. Capacit\u00e9 de 188 kg &#8211; id\u00e9al pour d\u00e9placer de grandes quantit\u00e9s d&rsquo;assiettes ou des appareils plus lourds. R\u00e9f\u00e9rence soumise \u00e0 une Eco-participation mobilier de 0.53\u20ac par unit\u00e9 vendue. Dimensions du plateau : 35(H) x 830(L) x 510(P) mm. Espace entre les \u00e9tag\u00e8res : 565 mm. Livr\u00e9 \u00e0 plat pour un assemblage facile.Poign\u00e9es des deux c\u00f4t\u00e9s pour faciliter la pouss\u00e9e et la traction. R\u00e9f\u00e9rence soumise \u00e0 une Eco-participation de 0,34 par unit\u00e9 vendue. 2 roulettes \u00e0 frein pour emp\u00eacher le chariot de bouger.<\/p>\n<p>Caract\u00e9ristiques :<br \/> Capacit\u00e9 : 128 kg.<br \/> Dimensions : 930(H) x 860(L) x 535(P) mm.<br \/> Mati\u00e8re : Inox.<\/p>\n","protected":false},"excerpt":{"rendered":"<p>Grand chariot de d\u00e9barrassage en acier inoxydable Vogue 2 niveaux<\/p>\n","protected":false},"featured_media":103253,"comment_status":"closed","ping_status":"closed","template":"","meta":[],"product_brand":[],"product_cat":[1148,1147,1146,1297],"product_tag":[],"class_list":{"0":"post-69669","1":"product","2":"type-product","3":"status-publish","4":"has-post-thumbnail","6":"product_cat-chariots-de-service","7":"product_cat-chariots-et-rayonnages","8":"product_cat-mobilier-de-cuisine-chariots-et-echelles","9":"product_cat-non-palettisable","10":"product_shipping_class-free-shipping","12":"first","13":"instock","14":"featured","15":"taxable","16":"shipping-taxable","17":"purchasable","18":"product-type-simple"},"_links":{"self":[{"href":"https:\/\/abinox-chr-clim.com\/index.php\/wp-json\/wp\/v2\/product\/69669","targetHints":{"allow":["GET"]}}],"collection":[{"href":"https:\/\/abinox-chr-clim.com\/index.php\/wp-json\/wp\/v2\/product"}],"about":[{"href":"https:\/\/abinox-chr-clim.com\/index.php\/wp-json\/wp\/v2\/types\/product"}],"replies":[{"embeddable":true,"href":"https:\/\/abinox-chr-clim.com\/index.php\/wp-json\/wp\/v2\/comments?post=69669"}],"wp:featuredmedia":[{"embeddable":true,"href":"https:\/\/abinox-chr-clim.com\/index.php\/wp-json\/wp\/v2\/media\/103253"}],"wp:attachment":[{"href":"https:\/\/abinox-chr-clim.com\/index.php\/wp-json\/wp\/v2\/media?parent=69669"}],"wp:term":[{"taxonomy":"product_brand","embeddable":true,"href":"https:\/\/abinox-chr-clim.com\/index.php\/wp-json\/wp\/v2\/product_brand?post=69669"},{"taxonomy":"product_cat","embeddable":true,"href":"https:\/\/abinox-chr-clim.com\/index.php\/wp-json\/wp\/v2\/product_cat?post=69669"},{"taxonomy":"product_tag","embeddable":true,"href":"https:\/\/abinox-chr-clim.com\/index.php\/wp-json\/wp\/v2\/product_tag?post=69669"}],"curies":[{"name":"wp","href":"https:\/\/api.w.org\/{rel}","templated":true}]}}