{"id":69668,"date":"2024-03-22T18:39:15","date_gmt":"2024-03-22T17:39:15","guid":{"rendered":"https:\/\/abinox-chr-clim.com\/index.php\/product\/chariot-de-debarrassage-en-acier-inoxydable-vogue-2-niveaux\/"},"modified":"2026-04-24T09:02:00","modified_gmt":"2026-04-24T07:02:00","slug":"chariot-de-debarrassage-en-acier-inoxydable-vogue-2-niveaux","status":"publish","type":"product","link":"https:\/\/abinox-chr-clim.com\/index.php\/product\/chariot-de-debarrassage-en-acier-inoxydable-vogue-2-niveaux\/","title":{"rendered":"Chariot de d\u00e9barrassage en acier inoxydable Vogue 2 niveaux"},"content":{"rendered":"<p>Chariots r\u00e9sistants en acier inoxydable pour les h\u00f4tels, restaurants et collectivit\u00e9s o\u00f9 la sant\u00e9 et l&rsquo;hygi\u00e8ne sont primordiales. Faciles \u00e0 man\u0153uvrer gr\u00e2ce aux poign\u00e9es aux deux extr\u00e9mit\u00e9s. Capacit\u00e9 de charge maxi 128kg.<br \/>Livr\u00e9 emball\u00e9 \u00e0 plat &#8211; rangement facile et auto-assemblage simple. Panneaux EVA insonorisants &#8211; r\u00e9duisent le bruit pendant l&rsquo;utilisation. Espace entre les \u00e9tag\u00e8res : 464 mm. R\u00e9f\u00e9rence soumise \u00e0 une Eco-participation mobilier de 0.04\u20ac par unit\u00e9 vendue. Quatre roulettes silencieuses, dont deux avec frein. Conception astucieuse pour la stabilit\u00e9 &#8211; inclut des poign\u00e9es pour faciliter le positionnement.Construction en acier inoxydable solide et facile \u00e0 nettoyer. R\u00e9f\u00e9rence soumise \u00e0 une Eco-participation de 0,31 par unit\u00e9 vendue. Livr\u00e9 emball\u00e9 \u00e0 plat &#8211; rangement facile et auto-assemblage simple.<\/p>\n<p>Caract\u00e9ristiques :<br \/> Capacit\u00e9 : 128 kg.<br \/> Dimensions : 813(H) x 850(L) x 457(P) mm.<br \/> Mati\u00e8re : Acier inoxydable<\/p>\n","protected":false},"excerpt":{"rendered":"<p>Chariot de d\u00e9barrassage en acier inoxydable Vogue 2 niveaux<\/p>\n","protected":false},"featured_media":103252,"comment_status":"closed","ping_status":"closed","template":"","meta":[],"product_brand":[],"product_cat":[1148,1147,1146,1297],"product_tag":[],"class_list":{"0":"post-69668","1":"product","2":"type-product","3":"status-publish","4":"has-post-thumbnail","6":"product_cat-chariots-de-service","7":"product_cat-chariots-et-rayonnages","8":"product_cat-mobilier-de-cuisine-chariots-et-echelles","9":"product_cat-non-palettisable","10":"product_shipping_class-free-shipping","12":"first","13":"instock","14":"featured","15":"taxable","16":"shipping-taxable","17":"purchasable","18":"product-type-simple"},"_links":{"self":[{"href":"https:\/\/abinox-chr-clim.com\/index.php\/wp-json\/wp\/v2\/product\/69668","targetHints":{"allow":["GET"]}}],"collection":[{"href":"https:\/\/abinox-chr-clim.com\/index.php\/wp-json\/wp\/v2\/product"}],"about":[{"href":"https:\/\/abinox-chr-clim.com\/index.php\/wp-json\/wp\/v2\/types\/product"}],"replies":[{"embeddable":true,"href":"https:\/\/abinox-chr-clim.com\/index.php\/wp-json\/wp\/v2\/comments?post=69668"}],"wp:featuredmedia":[{"embeddable":true,"href":"https:\/\/abinox-chr-clim.com\/index.php\/wp-json\/wp\/v2\/media\/103252"}],"wp:attachment":[{"href":"https:\/\/abinox-chr-clim.com\/index.php\/wp-json\/wp\/v2\/media?parent=69668"}],"wp:term":[{"taxonomy":"product_brand","embeddable":true,"href":"https:\/\/abinox-chr-clim.com\/index.php\/wp-json\/wp\/v2\/product_brand?post=69668"},{"taxonomy":"product_cat","embeddable":true,"href":"https:\/\/abinox-chr-clim.com\/index.php\/wp-json\/wp\/v2\/product_cat?post=69668"},{"taxonomy":"product_tag","embeddable":true,"href":"https:\/\/abinox-chr-clim.com\/index.php\/wp-json\/wp\/v2\/product_tag?post=69668"}],"curies":[{"name":"wp","href":"https:\/\/api.w.org\/{rel}","templated":true}]}}