{"id":69667,"date":"2024-03-22T18:39:15","date_gmt":"2024-03-22T17:39:15","guid":{"rendered":"https:\/\/abinox-chr-clim.com\/index.php\/product\/petit-chariot-de-debarrassage-2-niveaux-vogue\/"},"modified":"2026-04-24T09:01:59","modified_gmt":"2026-04-24T07:01:59","slug":"petit-chariot-de-debarrassage-2-niveaux-vogue","status":"publish","type":"product","link":"https:\/\/abinox-chr-clim.com\/index.php\/product\/petit-chariot-de-debarrassage-2-niveaux-vogue\/","title":{"rendered":"Petit chariot de d\u00e9barrassage 2 niveaux Vogue"},"content":{"rendered":"<p>Chariots r\u00e9sistants en acier inoxydable pour les h\u00f4tels, restaurants et collectivit\u00e9s o\u00f9 la sant\u00e9 et l&rsquo;hygi\u00e8ne sont primordiales. Faciles \u00e0 man\u0153uvrer gr\u00e2ce aux poign\u00e9es aux deux extr\u00e9mit\u00e9s. Capacit\u00e9 de charge maxi 128kg.<br \/>Livr\u00e9 en kit &#8211; facile \u00e0 assembler.  R\u00e9f\u00e9rence soumise \u00e0 une Eco-participation mobilier de 0.39\u20ac par unit\u00e9 vendue. Quatre roulettes silencieuses &#8211; deux sont munies de freins.Espace entre les niveaux : 465mm.R\u00e9f\u00e9rence soumise \u00e0 une Eco-participation de 0,28 par unit\u00e9 vendue. Livr\u00e9 en kit &#8211; facile \u00e0 assembler. .<br \/> Caract\u00e9ristiques :<br \/> Capacit\u00e9 : 128 kg.<br \/> Dimensions : 830(H) x 710(L) x 405(P) mm.<br \/> Mati\u00e8re : Inox.<\/p>\n","protected":false},"excerpt":{"rendered":"<p>Petit chariot de d\u00e9barrassage 2 niveaux Vogue<\/p>\n","protected":false},"featured_media":103251,"comment_status":"closed","ping_status":"closed","template":"","meta":[],"product_brand":[],"product_cat":[1148,1147,1146,1297],"product_tag":[],"class_list":{"0":"post-69667","1":"product","2":"type-product","3":"status-publish","4":"has-post-thumbnail","6":"product_cat-chariots-de-service","7":"product_cat-chariots-et-rayonnages","8":"product_cat-mobilier-de-cuisine-chariots-et-echelles","9":"product_cat-non-palettisable","10":"product_shipping_class-free-shipping","12":"first","13":"outofstock","14":"featured","15":"taxable","16":"shipping-taxable","17":"purchasable","18":"product-type-simple"},"_links":{"self":[{"href":"https:\/\/abinox-chr-clim.com\/index.php\/wp-json\/wp\/v2\/product\/69667","targetHints":{"allow":["GET"]}}],"collection":[{"href":"https:\/\/abinox-chr-clim.com\/index.php\/wp-json\/wp\/v2\/product"}],"about":[{"href":"https:\/\/abinox-chr-clim.com\/index.php\/wp-json\/wp\/v2\/types\/product"}],"replies":[{"embeddable":true,"href":"https:\/\/abinox-chr-clim.com\/index.php\/wp-json\/wp\/v2\/comments?post=69667"}],"wp:featuredmedia":[{"embeddable":true,"href":"https:\/\/abinox-chr-clim.com\/index.php\/wp-json\/wp\/v2\/media\/103251"}],"wp:attachment":[{"href":"https:\/\/abinox-chr-clim.com\/index.php\/wp-json\/wp\/v2\/media?parent=69667"}],"wp:term":[{"taxonomy":"product_brand","embeddable":true,"href":"https:\/\/abinox-chr-clim.com\/index.php\/wp-json\/wp\/v2\/product_brand?post=69667"},{"taxonomy":"product_cat","embeddable":true,"href":"https:\/\/abinox-chr-clim.com\/index.php\/wp-json\/wp\/v2\/product_cat?post=69667"},{"taxonomy":"product_tag","embeddable":true,"href":"https:\/\/abinox-chr-clim.com\/index.php\/wp-json\/wp\/v2\/product_tag?post=69667"}],"curies":[{"name":"wp","href":"https:\/\/api.w.org\/{rel}","templated":true}]}}