{"id":69666,"date":"2024-03-22T18:39:14","date_gmt":"2024-03-22T17:39:14","guid":{"rendered":"https:\/\/abinox-chr-clim.com\/index.php\/product\/grand-chariot-de-debarrassage-en-acier-inoxydable-vogue-3-niveaux\/"},"modified":"2026-04-24T09:01:58","modified_gmt":"2026-04-24T07:01:58","slug":"grand-chariot-de-debarrassage-en-acier-inoxydable-vogue-3-niveaux","status":"publish","type":"product","link":"https:\/\/abinox-chr-clim.com\/index.php\/product\/grand-chariot-de-debarrassage-en-acier-inoxydable-vogue-3-niveaux\/","title":{"rendered":"Grand chariot de d\u00e9barrassage en acier inoxydable Vogue 3 niveaux"},"content":{"rendered":"<p>Chariot r\u00e9sistant en acier inoxydable pour les h\u00f4tels, restaurants et collectivit\u00e9s o\u00f9 la sant\u00e9 et l&rsquo;hygi\u00e8ne sont primordiales. Facile \u00e0 man\u0153uvrer gr\u00e2ce aux poign\u00e9es aux deux extr\u00e9mit\u00e9s. Capacit\u00e9 de charge maxi 128kg.<br \/>Barres aux deux extr\u00e9mit\u00e9s pour pousser ou tirer facilement le chariot. Quatre roues pivotantes robustes permettent de d\u00e9placer des charges lourdes sans effort. Deux roulettes avec frein permettent un contr\u00f4le total \u00e0 tout moment. R\u00e9f\u00e9rence soumise \u00e0 une Eco-participation mobilier de 0.68\u20ac par unit\u00e9 vendue. La conception en acier inoxydable est facile \u00e0 nettoyer et \u00e0 garder hygi\u00e9nique. Trois \u00e9tag\u00e8res spacieuses avec une capacit\u00e9 de charge totale maximale de 128 kg. Dimensions \u00e9tag\u00e8res : 35(H) x 830(L) x 510(P)mm. Espace de 257 mm entre l&rsquo;\u00e9tag\u00e8re inf\u00e9rieure et centrale. \u00c9cart de 274 mm entre les tablettes du milieu et du haut. Livr\u00e9 en kit &#8211; facile \u00e0 assembler.  Facile \u00e0 man\u0153uvrer autour des obstacles ou dans des zones o\u00f9 l&rsquo;espace est restreint. Barres aux deux extr\u00e9mit\u00e9s pour pousser ou tirer facilement le chariot.<\/p>\n<p>Caract\u00e9ristiques :<br \/> Capacit\u00e9 : 128 kg.<br \/> Dimensions : 930(H) x 535(L) x 855(P) mm.<br \/> Mati\u00e8re : Acier inoxydable.<\/p>\n","protected":false},"excerpt":{"rendered":"<p>Grand chariot de d\u00e9barrassage en acier inoxydable Vogue 3 niveaux<\/p>\n","protected":false},"featured_media":0,"comment_status":"closed","ping_status":"closed","template":"","meta":[],"product_brand":[],"product_cat":[1148,1147,1146,1297],"product_tag":[],"class_list":{"0":"post-69666","1":"product","2":"type-product","3":"status-publish","5":"product_cat-chariots-de-service","6":"product_cat-chariots-et-rayonnages","7":"product_cat-mobilier-de-cuisine-chariots-et-echelles","8":"product_cat-non-palettisable","9":"product_shipping_class-free-shipping","11":"first","12":"instock","13":"featured","14":"taxable","15":"shipping-taxable","16":"purchasable","17":"product-type-simple"},"_links":{"self":[{"href":"https:\/\/abinox-chr-clim.com\/index.php\/wp-json\/wp\/v2\/product\/69666","targetHints":{"allow":["GET"]}}],"collection":[{"href":"https:\/\/abinox-chr-clim.com\/index.php\/wp-json\/wp\/v2\/product"}],"about":[{"href":"https:\/\/abinox-chr-clim.com\/index.php\/wp-json\/wp\/v2\/types\/product"}],"replies":[{"embeddable":true,"href":"https:\/\/abinox-chr-clim.com\/index.php\/wp-json\/wp\/v2\/comments?post=69666"}],"wp:attachment":[{"href":"https:\/\/abinox-chr-clim.com\/index.php\/wp-json\/wp\/v2\/media?parent=69666"}],"wp:term":[{"taxonomy":"product_brand","embeddable":true,"href":"https:\/\/abinox-chr-clim.com\/index.php\/wp-json\/wp\/v2\/product_brand?post=69666"},{"taxonomy":"product_cat","embeddable":true,"href":"https:\/\/abinox-chr-clim.com\/index.php\/wp-json\/wp\/v2\/product_cat?post=69666"},{"taxonomy":"product_tag","embeddable":true,"href":"https:\/\/abinox-chr-clim.com\/index.php\/wp-json\/wp\/v2\/product_tag?post=69666"}],"curies":[{"name":"wp","href":"https:\/\/api.w.org\/{rel}","templated":true}]}}