{"id":69665,"date":"2024-03-22T18:39:11","date_gmt":"2024-03-22T17:39:11","guid":{"rendered":"https:\/\/abinox-chr-clim.com\/index.php\/product\/chariot-de-debarrassage-en-acier-inoxydable-vogue-3-niveaux\/"},"modified":"2026-04-24T09:01:57","modified_gmt":"2026-04-24T07:01:57","slug":"chariot-de-debarrassage-en-acier-inoxydable-vogue-3-niveaux","status":"publish","type":"product","link":"https:\/\/abinox-chr-clim.com\/index.php\/product\/chariot-de-debarrassage-en-acier-inoxydable-vogue-3-niveaux\/","title":{"rendered":"Chariot de d\u00e9barrassage en acier inoxydable Vogue 3 niveaux"},"content":{"rendered":"<p>Chariot r\u00e9sistant en acier inoxydable pour les h\u00f4tels, restaurants et collectivit\u00e9s o\u00f9 la sant\u00e9 et l&rsquo;hygi\u00e8ne sont primordiales. Facile \u00e0 man\u0153uvrer gr\u00e2ce aux poign\u00e9es aux deux extr\u00e9mit\u00e9s. Capacit\u00e9 de charge maxi 128kg.<br \/>Livr\u00e9 d\u00e9mont\u00e9 avec assemblage facile &#8211; pr\u00eat \u00e0 l&#8217;emploi en un rien de temps.L&rsquo;espace de 250 mm entre les \u00e9tag\u00e8res permet de transporter en toute s\u00e9curit\u00e9 des marchandises empil\u00e9es ou plus volumineuses. Roulettes silencieuses permettant une utilisation pendant les quarts de nuit sans d\u00e9ranger les autres. R\u00e9f\u00e9rence soumise \u00e0 une Eco-participation mobilier de 0.57\u20ac par unit\u00e9 vendue. Design l\u00e9ger permettant des man\u0153uvres faciles et s\u00fbres. Espace entre les \u00e9tag\u00e8res\u00a0: 250 mm.La construction en acier inoxydable am\u00e9liore la durabilit\u00e9, ce qui le rend id\u00e9al pour une utilisation intensive et r\u00e9guli\u00e8re. R\u00e9f\u00e9rence soumise \u00e0 une Eco-participation de 0,36 par unit\u00e9 vendue. Livr\u00e9 d\u00e9mont\u00e9 avec assemblage facile &#8211; pr\u00eat \u00e0 l&#8217;emploi en un rien de temps. .<br \/> Caract\u00e9ristiques :<br \/> Capacit\u00e9 : 128 kg.<br \/> Dimensions : 855(H) x 810(L) x 455(P) mm.<br \/> Mati\u00e8re : Acier inoxydable.<\/p>\n","protected":false},"excerpt":{"rendered":"<p>Chariot de d\u00e9barrassage en acier inoxydable Vogue 3 niveaux<\/p>\n","protected":false},"featured_media":103250,"comment_status":"closed","ping_status":"closed","template":"","meta":[],"product_brand":[],"product_cat":[1148,1147,1146,1297],"product_tag":[],"class_list":{"0":"post-69665","1":"product","2":"type-product","3":"status-publish","4":"has-post-thumbnail","6":"product_cat-chariots-de-service","7":"product_cat-chariots-et-rayonnages","8":"product_cat-mobilier-de-cuisine-chariots-et-echelles","9":"product_cat-non-palettisable","10":"product_shipping_class-free-shipping","12":"first","13":"instock","14":"featured","15":"taxable","16":"shipping-taxable","17":"purchasable","18":"product-type-simple"},"_links":{"self":[{"href":"https:\/\/abinox-chr-clim.com\/index.php\/wp-json\/wp\/v2\/product\/69665","targetHints":{"allow":["GET"]}}],"collection":[{"href":"https:\/\/abinox-chr-clim.com\/index.php\/wp-json\/wp\/v2\/product"}],"about":[{"href":"https:\/\/abinox-chr-clim.com\/index.php\/wp-json\/wp\/v2\/types\/product"}],"replies":[{"embeddable":true,"href":"https:\/\/abinox-chr-clim.com\/index.php\/wp-json\/wp\/v2\/comments?post=69665"}],"wp:featuredmedia":[{"embeddable":true,"href":"https:\/\/abinox-chr-clim.com\/index.php\/wp-json\/wp\/v2\/media\/103250"}],"wp:attachment":[{"href":"https:\/\/abinox-chr-clim.com\/index.php\/wp-json\/wp\/v2\/media?parent=69665"}],"wp:term":[{"taxonomy":"product_brand","embeddable":true,"href":"https:\/\/abinox-chr-clim.com\/index.php\/wp-json\/wp\/v2\/product_brand?post=69665"},{"taxonomy":"product_cat","embeddable":true,"href":"https:\/\/abinox-chr-clim.com\/index.php\/wp-json\/wp\/v2\/product_cat?post=69665"},{"taxonomy":"product_tag","embeddable":true,"href":"https:\/\/abinox-chr-clim.com\/index.php\/wp-json\/wp\/v2\/product_tag?post=69665"}],"curies":[{"name":"wp","href":"https:\/\/api.w.org\/{rel}","templated":true}]}}