{"id":69662,"date":"2024-03-22T18:39:09","date_gmt":"2024-03-22T17:39:09","guid":{"rendered":"https:\/\/abinox-chr-clim.com\/index.php\/product\/chariot-utilitaire-rubbermaid-x-tra-blanc\/"},"modified":"2025-09-24T08:22:35","modified_gmt":"2025-09-24T06:22:35","slug":"chariot-utilitaire-rubbermaid-x-tra-blanc","status":"publish","type":"product","link":"https:\/\/abinox-chr-clim.com\/index.php\/product\/chariot-utilitaire-rubbermaid-x-tra-blanc\/","title":{"rendered":"Chariot utilitaire Rubbermaid X-tra blanc"},"content":{"rendered":"<p>Chariot extra large avec supports robustes en aluminium. Solution id\u00e9ale pour une utilisation en salle. Grandes \u00e9tag\u00e8res avec une capacit\u00e9 de charge de 135 kg.<br \/>Etag\u00e8res polypropyl\u00e8ne avec supports aluminium.  R\u00e9f\u00e9rence soumise \u00e0 une Eco-participation mobilier de 1.86\u20ac par unit\u00e9 vendue. Livr\u00e9 en kit &#8211; assemblage facile. Bac \u00e0 d\u00e9chets et bac \u00e0 couverts avec clips disponibles &#8211; Codes J657 et J658. Roulettes anti-traces silencieuses. Etag\u00e8res polypropyl\u00e8ne avec supports aluminium. .<br \/> Caract\u00e9ristiques :<br \/> Capacit\u00e9 : 135 kg.<br \/> Dimensions : 960(H) x 1030(L) x 510(P) mm.<br \/> Mati\u00e8re : .<br \/> Couleur : Blanc.<\/p>\n","protected":false},"excerpt":{"rendered":"<p>Chariot utilitaire Rubbermaid X-tra blanc<\/p>\n","protected":false},"featured_media":103362,"comment_status":"closed","ping_status":"closed","template":"","meta":[],"product_brand":[],"product_cat":[1148,1147,1146,1297],"product_tag":[],"class_list":{"0":"post-69662","1":"product","2":"type-product","3":"status-publish","4":"has-post-thumbnail","6":"product_cat-chariots-de-service","7":"product_cat-chariots-et-rayonnages","8":"product_cat-mobilier-de-cuisine-chariots-et-echelles","9":"product_cat-non-palettisable","10":"product_shipping_class-free-shipping","12":"first","13":"outofstock","14":"featured","15":"taxable","16":"shipping-taxable","17":"purchasable","18":"product-type-simple"},"_links":{"self":[{"href":"https:\/\/abinox-chr-clim.com\/index.php\/wp-json\/wp\/v2\/product\/69662","targetHints":{"allow":["GET"]}}],"collection":[{"href":"https:\/\/abinox-chr-clim.com\/index.php\/wp-json\/wp\/v2\/product"}],"about":[{"href":"https:\/\/abinox-chr-clim.com\/index.php\/wp-json\/wp\/v2\/types\/product"}],"replies":[{"embeddable":true,"href":"https:\/\/abinox-chr-clim.com\/index.php\/wp-json\/wp\/v2\/comments?post=69662"}],"wp:featuredmedia":[{"embeddable":true,"href":"https:\/\/abinox-chr-clim.com\/index.php\/wp-json\/wp\/v2\/media\/103362"}],"wp:attachment":[{"href":"https:\/\/abinox-chr-clim.com\/index.php\/wp-json\/wp\/v2\/media?parent=69662"}],"wp:term":[{"taxonomy":"product_brand","embeddable":true,"href":"https:\/\/abinox-chr-clim.com\/index.php\/wp-json\/wp\/v2\/product_brand?post=69662"},{"taxonomy":"product_cat","embeddable":true,"href":"https:\/\/abinox-chr-clim.com\/index.php\/wp-json\/wp\/v2\/product_cat?post=69662"},{"taxonomy":"product_tag","embeddable":true,"href":"https:\/\/abinox-chr-clim.com\/index.php\/wp-json\/wp\/v2\/product_tag?post=69662"}],"curies":[{"name":"wp","href":"https:\/\/api.w.org\/{rel}","templated":true}]}}