{"id":69661,"date":"2024-03-22T18:39:08","date_gmt":"2024-03-22T17:39:08","guid":{"rendered":"https:\/\/abinox-chr-clim.com\/index.php\/product\/support-plateaux-craven\/"},"modified":"2026-04-24T10:12:23","modified_gmt":"2026-04-24T08:12:23","slug":"support-plateaux-craven","status":"publish","type":"product","link":"https:\/\/abinox-chr-clim.com\/index.php\/product\/support-plateaux-craven\/","title":{"rendered":"Support plateaux Craven"},"content":{"rendered":"<p>Support chrom\u00e9 pour plateaux. Taille maximale des plateaux : 460x 360mm. A poser au sol ou fixer au mur. Convient pour une utilisation avec le socle rouleur DM343. Capacit\u00e9 de 30 plateaux.<br \/>30 plateaux maximum.Capacit\u00e9 de charge maximale 60 kg (si uniform\u00e9ment r\u00e9partie). Construction en fil chrom\u00e9.  30 plateaux maximum.<\/p>\n<p>Caract\u00e9ristiques :<br \/> Capacit\u00e9 : 60 kg.<br \/> Dimensions : 713(H) x 493(L) x 385(P) mm.<\/p>\n","protected":false},"excerpt":{"rendered":"<p>Support plateaux Craven<\/p>\n","protected":false},"featured_media":102731,"comment_status":"closed","ping_status":"closed","template":"","meta":[],"product_brand":[],"product_cat":[1148,1147,1146,1297],"product_tag":[],"class_list":{"0":"post-69661","1":"product","2":"type-product","3":"status-publish","4":"has-post-thumbnail","6":"product_cat-chariots-de-service","7":"product_cat-chariots-et-rayonnages","8":"product_cat-mobilier-de-cuisine-chariots-et-echelles","9":"product_cat-non-palettisable","10":"product_shipping_class-free-shipping","12":"first","13":"instock","14":"featured","15":"taxable","16":"shipping-taxable","17":"purchasable","18":"product-type-simple"},"_links":{"self":[{"href":"https:\/\/abinox-chr-clim.com\/index.php\/wp-json\/wp\/v2\/product\/69661","targetHints":{"allow":["GET"]}}],"collection":[{"href":"https:\/\/abinox-chr-clim.com\/index.php\/wp-json\/wp\/v2\/product"}],"about":[{"href":"https:\/\/abinox-chr-clim.com\/index.php\/wp-json\/wp\/v2\/types\/product"}],"replies":[{"embeddable":true,"href":"https:\/\/abinox-chr-clim.com\/index.php\/wp-json\/wp\/v2\/comments?post=69661"}],"wp:featuredmedia":[{"embeddable":true,"href":"https:\/\/abinox-chr-clim.com\/index.php\/wp-json\/wp\/v2\/media\/102731"}],"wp:attachment":[{"href":"https:\/\/abinox-chr-clim.com\/index.php\/wp-json\/wp\/v2\/media?parent=69661"}],"wp:term":[{"taxonomy":"product_brand","embeddable":true,"href":"https:\/\/abinox-chr-clim.com\/index.php\/wp-json\/wp\/v2\/product_brand?post=69661"},{"taxonomy":"product_cat","embeddable":true,"href":"https:\/\/abinox-chr-clim.com\/index.php\/wp-json\/wp\/v2\/product_cat?post=69661"},{"taxonomy":"product_tag","embeddable":true,"href":"https:\/\/abinox-chr-clim.com\/index.php\/wp-json\/wp\/v2\/product_tag?post=69661"}],"curies":[{"name":"wp","href":"https:\/\/api.w.org\/{rel}","templated":true}]}}