{"id":69658,"date":"2024-03-22T18:39:07","date_gmt":"2024-03-22T17:39:07","guid":{"rendered":"https:\/\/abinox-chr-clim.com\/index.php\/product\/chariot-electrique-chauffant-16-gn-cambro-114l\/"},"modified":"2026-04-24T10:14:42","modified_gmt":"2026-04-24T08:14:42","slug":"chariot-electrique-chauffant-16-gn-cambro-114l","status":"publish","type":"product","link":"https:\/\/abinox-chr-clim.com\/index.php\/product\/chariot-electrique-chauffant-16-gn-cambro-114l\/","title":{"rendered":"Chariot \u00e9lectrique chauffant 16 GN Cambro 114L"},"content":{"rendered":"<p>Chariot avec \u00e9l\u00e9ments chauffants \u00e9co\u00e9nerg\u00e9tiques pour garder les aliments \u00e0 la temp\u00e9rature de service id\u00e9ale plus longtemps. Emp\u00eache le dess\u00e8chement des aliments et revient \u00e0 temp\u00e9rature en trois minutes.<br \/>Con\u00e7u pour prolonger la dur\u00e9e de conservation des aliments chauds. Maintient les aliments entre 65\u00b0C et 74\u00b0C. R\u00e9pond aux normes de s\u00e9curit\u00e9 alimentaire et les garantit. Maintient l&rsquo;humidit\u00e9 tout en emp\u00eachant la cuisson suppl\u00e9mentaire. Maintient la temp\u00e9rature jusqu&rsquo;\u00e0\u00a0 4 heures apr\u00e8s avoir \u00e9t\u00e9 d\u00e9branch\u00e9. L&rsquo;ext\u00e9rieur en polyur\u00e9thane durable reste froid. Les poign\u00e9es moul\u00e9es permettent un transport facile. Quatre roulettes (2 fixes \u00e0 l&rsquo;arri\u00e8re, 2 pivotantes \u00e0 l&rsquo;avant) avec frein.Num\u00e9ro d&rsquo;article Cambro : UPCH16002UK401. Con\u00e7u pour prolonger la dur\u00e9e de conservation des aliments chauds.<\/p>\n<p>Caract\u00e9ristiques :<br \/> Capacit\u00e9 : 228 L.<br \/> Dimensions : 1375(H) x 730(L) x 847(P) mm.<br \/> Mati\u00e8re : Poly\u00e9thyl\u00e8ne.<br \/> Temp\u00e9rature : 120 \u00b0C.<br \/> Couleur : Bleu ardoise.<br \/> Bac GN : GN 1\/1XY.<\/p>\n","protected":false},"excerpt":{"rendered":"<p>Chariot \u00e9lectrique chauffant 16 GN Cambro 114L<\/p>\n","protected":false},"featured_media":87541,"comment_status":"closed","ping_status":"closed","template":"","meta":[],"product_brand":[],"product_cat":[1148,1147,1146,1296],"product_tag":[],"class_list":{"0":"post-69658","1":"product","2":"type-product","3":"status-publish","4":"has-post-thumbnail","6":"product_cat-chariots-de-service","7":"product_cat-chariots-et-rayonnages","8":"product_cat-mobilier-de-cuisine-chariots-et-echelles","9":"product_cat-palettisable","11":"first","12":"instock","13":"featured","14":"taxable","15":"shipping-taxable","16":"purchasable","17":"product-type-simple"},"_links":{"self":[{"href":"https:\/\/abinox-chr-clim.com\/index.php\/wp-json\/wp\/v2\/product\/69658","targetHints":{"allow":["GET"]}}],"collection":[{"href":"https:\/\/abinox-chr-clim.com\/index.php\/wp-json\/wp\/v2\/product"}],"about":[{"href":"https:\/\/abinox-chr-clim.com\/index.php\/wp-json\/wp\/v2\/types\/product"}],"replies":[{"embeddable":true,"href":"https:\/\/abinox-chr-clim.com\/index.php\/wp-json\/wp\/v2\/comments?post=69658"}],"wp:featuredmedia":[{"embeddable":true,"href":"https:\/\/abinox-chr-clim.com\/index.php\/wp-json\/wp\/v2\/media\/87541"}],"wp:attachment":[{"href":"https:\/\/abinox-chr-clim.com\/index.php\/wp-json\/wp\/v2\/media?parent=69658"}],"wp:term":[{"taxonomy":"product_brand","embeddable":true,"href":"https:\/\/abinox-chr-clim.com\/index.php\/wp-json\/wp\/v2\/product_brand?post=69658"},{"taxonomy":"product_cat","embeddable":true,"href":"https:\/\/abinox-chr-clim.com\/index.php\/wp-json\/wp\/v2\/product_cat?post=69658"},{"taxonomy":"product_tag","embeddable":true,"href":"https:\/\/abinox-chr-clim.com\/index.php\/wp-json\/wp\/v2\/product_tag?post=69658"}],"curies":[{"name":"wp","href":"https:\/\/api.w.org\/{rel}","templated":true}]}}