{"id":69652,"date":"2024-03-22T18:39:04","date_gmt":"2024-03-22T17:39:04","guid":{"rendered":"https:\/\/abinox-chr-clim.com\/index.php\/product\/diable-jantex-250kg\/"},"modified":"2026-04-24T09:57:16","modified_gmt":"2026-04-24T07:57:16","slug":"diable-jantex-250kg","status":"publish","type":"product","link":"https:\/\/abinox-chr-clim.com\/index.php\/product\/diable-jantex-250kg\/","title":{"rendered":"Diable Jantex 250kg"},"content":{"rendered":"<p>Id\u00e9al pour le transport des livraisons en cuisine. Construction en acier robuste et adapt\u00e9e aux charges lourdes. Les roues en caoutchouc permettent la maniabilit\u00e9. Charge maxi 250kg.<br \/>Conception durable &#8211; excellente qualit\u00e9. Construction en acier robuste. Parfait pour transporter des appareils ou des stocks lourds en toute s\u00e9curit\u00e9. Adapt\u00e9 aux charges lourdes. Roues en caoutchouc pour plus de maniabilit\u00e9. Les pneumatiques creux am\u00e9liorent le contr\u00f4le global.  Conception durable &#8211; excellente qualit\u00e9.<\/p>\n<p>Caract\u00e9ristiques :<br \/> Capacit\u00e9 : 250 kg.<br \/> Dimensions : 1300(H) x 340(L) x 350(P)mm.<br \/> Mati\u00e8re : Acier.<br \/> Couleur : Acier.<\/p>\n","protected":false},"excerpt":{"rendered":"<p>Diable Jantex 250kg<\/p>\n","protected":false},"featured_media":103002,"comment_status":"closed","ping_status":"closed","template":"","meta":[],"product_brand":[],"product_cat":[1148,1147,1146,1296],"product_tag":[],"class_list":{"0":"post-69652","1":"product","2":"type-product","3":"status-publish","4":"has-post-thumbnail","6":"product_cat-chariots-de-service","7":"product_cat-chariots-et-rayonnages","8":"product_cat-mobilier-de-cuisine-chariots-et-echelles","9":"product_cat-palettisable","11":"first","12":"instock","13":"featured","14":"taxable","15":"shipping-taxable","16":"purchasable","17":"product-type-simple"},"_links":{"self":[{"href":"https:\/\/abinox-chr-clim.com\/index.php\/wp-json\/wp\/v2\/product\/69652","targetHints":{"allow":["GET"]}}],"collection":[{"href":"https:\/\/abinox-chr-clim.com\/index.php\/wp-json\/wp\/v2\/product"}],"about":[{"href":"https:\/\/abinox-chr-clim.com\/index.php\/wp-json\/wp\/v2\/types\/product"}],"replies":[{"embeddable":true,"href":"https:\/\/abinox-chr-clim.com\/index.php\/wp-json\/wp\/v2\/comments?post=69652"}],"wp:featuredmedia":[{"embeddable":true,"href":"https:\/\/abinox-chr-clim.com\/index.php\/wp-json\/wp\/v2\/media\/103002"}],"wp:attachment":[{"href":"https:\/\/abinox-chr-clim.com\/index.php\/wp-json\/wp\/v2\/media?parent=69652"}],"wp:term":[{"taxonomy":"product_brand","embeddable":true,"href":"https:\/\/abinox-chr-clim.com\/index.php\/wp-json\/wp\/v2\/product_brand?post=69652"},{"taxonomy":"product_cat","embeddable":true,"href":"https:\/\/abinox-chr-clim.com\/index.php\/wp-json\/wp\/v2\/product_cat?post=69652"},{"taxonomy":"product_tag","embeddable":true,"href":"https:\/\/abinox-chr-clim.com\/index.php\/wp-json\/wp\/v2\/product_tag?post=69652"}],"curies":[{"name":"wp","href":"https:\/\/api.w.org\/{rel}","templated":true}]}}