{"id":69650,"date":"2024-03-22T18:39:03","date_gmt":"2024-03-22T17:39:03","guid":{"rendered":"https:\/\/abinox-chr-clim.com\/index.php\/product\/chariot-en-polypropylene-modele-compact-vogue\/"},"modified":"2026-04-24T08:48:37","modified_gmt":"2026-04-24T06:48:37","slug":"chariot-en-polypropylene-modele-compact-vogue","status":"publish","type":"product","link":"https:\/\/abinox-chr-clim.com\/index.php\/product\/chariot-en-polypropylene-modele-compact-vogue\/","title":{"rendered":"Chariot en polypropyl\u00e8ne mod\u00e8le compact Vogue"},"content":{"rendered":"<p>Chariot de service en polypropyl\u00e8ne 3 niveaux offrant une grande solidit\u00e9 pour de nombreuses utilisations dans les h\u00f4tels, restaurants et collectivit\u00e9s. Poubelle et bac \u00e0 couverts encliquetables vendus s\u00e9par\u00e9ment. Fourni avec 2 roulettes simples et 2 roulettes avec freins (utilisation sur surfaces planes). Deux tailles disponibles.<br \/>Etag\u00e8res solides en polypropyl\u00e8ne, faciles \u00e0 nettoyer. Fourni avec 2 roulettes simples et 2 roulettes avec freins.Fourni en kit pour un assemblage facile. R\u00e9f\u00e9rence soumise \u00e0 une Eco-participation mobilier de 1.83\u20ac par unit\u00e9 vendue. Dimensions plateau: 57,6(H) x  630(L) x  415(P)mm.Charge maximale support\u00e9e : 130kg.R\u00e9f\u00e9rence soumise \u00e0 une Eco-participation mobilier de 0,34\u20ac par unit\u00e9 vendue. Etag\u00e8res solides en polypropyl\u00e8ne, faciles \u00e0 nettoyer.<\/p>\n<p>Caract\u00e9ristiques :<br \/> Capacit\u00e9 : 130 kg.<br \/> Dimensions : 950(H) x 825(L) x 412(P) mm.<br \/> Mati\u00e8re : .<br \/> Couleur : Noir.<\/p>\n","protected":false},"excerpt":{"rendered":"<p>Chariot en polypropyl\u00e8ne mod\u00e8le compact Vogue<\/p>\n","protected":false},"featured_media":103246,"comment_status":"closed","ping_status":"closed","template":"","meta":[],"product_brand":[],"product_cat":[1148,1147,1146,1297],"product_tag":[],"class_list":{"0":"post-69650","1":"product","2":"type-product","3":"status-publish","4":"has-post-thumbnail","6":"product_cat-chariots-de-service","7":"product_cat-chariots-et-rayonnages","8":"product_cat-mobilier-de-cuisine-chariots-et-echelles","9":"product_cat-non-palettisable","10":"product_shipping_class-free-shipping","12":"first","13":"instock","14":"featured","15":"taxable","16":"shipping-taxable","17":"purchasable","18":"product-type-simple"},"_links":{"self":[{"href":"https:\/\/abinox-chr-clim.com\/index.php\/wp-json\/wp\/v2\/product\/69650","targetHints":{"allow":["GET"]}}],"collection":[{"href":"https:\/\/abinox-chr-clim.com\/index.php\/wp-json\/wp\/v2\/product"}],"about":[{"href":"https:\/\/abinox-chr-clim.com\/index.php\/wp-json\/wp\/v2\/types\/product"}],"replies":[{"embeddable":true,"href":"https:\/\/abinox-chr-clim.com\/index.php\/wp-json\/wp\/v2\/comments?post=69650"}],"wp:featuredmedia":[{"embeddable":true,"href":"https:\/\/abinox-chr-clim.com\/index.php\/wp-json\/wp\/v2\/media\/103246"}],"wp:attachment":[{"href":"https:\/\/abinox-chr-clim.com\/index.php\/wp-json\/wp\/v2\/media?parent=69650"}],"wp:term":[{"taxonomy":"product_brand","embeddable":true,"href":"https:\/\/abinox-chr-clim.com\/index.php\/wp-json\/wp\/v2\/product_brand?post=69650"},{"taxonomy":"product_cat","embeddable":true,"href":"https:\/\/abinox-chr-clim.com\/index.php\/wp-json\/wp\/v2\/product_cat?post=69650"},{"taxonomy":"product_tag","embeddable":true,"href":"https:\/\/abinox-chr-clim.com\/index.php\/wp-json\/wp\/v2\/product_tag?post=69650"}],"curies":[{"name":"wp","href":"https:\/\/api.w.org\/{rel}","templated":true}]}}