{"id":69649,"date":"2024-03-22T18:39:02","date_gmt":"2024-03-22T17:39:02","guid":{"rendered":"https:\/\/abinox-chr-clim.com\/index.php\/product\/diable-pliant-100kg\/"},"modified":"2026-04-24T08:46:38","modified_gmt":"2026-04-24T06:46:38","slug":"diable-pliant-100kg","status":"publish","type":"product","link":"https:\/\/abinox-chr-clim.com\/index.php\/product\/diable-pliant-100kg\/","title":{"rendered":"Diable pliant 100kg"},"content":{"rendered":"<p>. Dimensions (mm): d\u00e9pli\u00e9 699(H) x 718(L) x 464(P), pli\u00e9 718(H) x 464(L) x 114(P). Dimensions du plateau : 740 x 480mm. .<\/p>\n<p>Caract\u00e9ristiques :<br \/> Dimensions : 699(H) x 718(L) x 464(P)mm.<\/p>\n","protected":false},"excerpt":{"rendered":"<p>Diable pliant 100kg<\/p>\n","protected":false},"featured_media":82031,"comment_status":"closed","ping_status":"closed","template":"","meta":[],"product_brand":[],"product_cat":[1148,1147,1146,1297],"product_tag":[],"class_list":{"0":"post-69649","1":"product","2":"type-product","3":"status-publish","4":"has-post-thumbnail","6":"product_cat-chariots-de-service","7":"product_cat-chariots-et-rayonnages","8":"product_cat-mobilier-de-cuisine-chariots-et-echelles","9":"product_cat-non-palettisable","10":"product_shipping_class-free-shipping","12":"first","13":"instock","14":"featured","15":"taxable","16":"shipping-taxable","17":"purchasable","18":"product-type-simple"},"_links":{"self":[{"href":"https:\/\/abinox-chr-clim.com\/index.php\/wp-json\/wp\/v2\/product\/69649","targetHints":{"allow":["GET"]}}],"collection":[{"href":"https:\/\/abinox-chr-clim.com\/index.php\/wp-json\/wp\/v2\/product"}],"about":[{"href":"https:\/\/abinox-chr-clim.com\/index.php\/wp-json\/wp\/v2\/types\/product"}],"replies":[{"embeddable":true,"href":"https:\/\/abinox-chr-clim.com\/index.php\/wp-json\/wp\/v2\/comments?post=69649"}],"wp:featuredmedia":[{"embeddable":true,"href":"https:\/\/abinox-chr-clim.com\/index.php\/wp-json\/wp\/v2\/media\/82031"}],"wp:attachment":[{"href":"https:\/\/abinox-chr-clim.com\/index.php\/wp-json\/wp\/v2\/media?parent=69649"}],"wp:term":[{"taxonomy":"product_brand","embeddable":true,"href":"https:\/\/abinox-chr-clim.com\/index.php\/wp-json\/wp\/v2\/product_brand?post=69649"},{"taxonomy":"product_cat","embeddable":true,"href":"https:\/\/abinox-chr-clim.com\/index.php\/wp-json\/wp\/v2\/product_cat?post=69649"},{"taxonomy":"product_tag","embeddable":true,"href":"https:\/\/abinox-chr-clim.com\/index.php\/wp-json\/wp\/v2\/product_tag?post=69649"}],"curies":[{"name":"wp","href":"https:\/\/api.w.org\/{rel}","templated":true}]}}