{"id":69648,"date":"2024-03-22T18:39:02","date_gmt":"2024-03-22T17:39:02","guid":{"rendered":"https:\/\/abinox-chr-clim.com\/index.php\/product\/chariot-de-debarrassage-chrome-vogue-3-niveaux\/"},"modified":"2026-04-24T08:45:14","modified_gmt":"2026-04-24T06:45:14","slug":"chariot-de-debarrassage-chrome-vogue-3-niveaux","status":"publish","type":"product","link":"https:\/\/abinox-chr-clim.com\/index.php\/product\/chariot-de-debarrassage-chrome-vogue-3-niveaux\/","title":{"rendered":"Chariot de d\u00e9barrassage chrom\u00e9 Vogue 3 niveaux"},"content":{"rendered":"<p>Chariots de d\u00e9barrassage l\u00e9gers \u00e9quip\u00e9s de 2 roues \u00e0 frein pour une s\u00e9curit\u00e9 accrue.<br \/>Acier chrom\u00e9.Roues \u00e0 frein. Emballage \u00e0 plat pour un montage plus facile. R\u00e9f\u00e9rence soumise \u00e0 une Eco-participation mobilier de 0.66\u20ac par unit\u00e9 vendue.  3 plateaux. R\u00e9f\u00e9rence soumise \u00e0 une Eco-participation de 0,43 par unit\u00e9 vendue. Acier chrom\u00e9. .<br \/> Caract\u00e9ristiques :<br \/> Dimensions : 960(H) x 457(L) x 910(P) mm.<\/p>\n","protected":false},"excerpt":{"rendered":"<p>Chariot de d\u00e9barrassage chrom\u00e9 Vogue 3 niveaux<\/p>\n","protected":false},"featured_media":103292,"comment_status":"closed","ping_status":"closed","template":"","meta":[],"product_brand":[],"product_cat":[1148,1147,1146,1297],"product_tag":[],"class_list":{"0":"post-69648","1":"product","2":"type-product","3":"status-publish","4":"has-post-thumbnail","6":"product_cat-chariots-de-service","7":"product_cat-chariots-et-rayonnages","8":"product_cat-mobilier-de-cuisine-chariots-et-echelles","9":"product_cat-non-palettisable","10":"product_shipping_class-free-shipping","12":"first","13":"outofstock","14":"featured","15":"taxable","16":"shipping-taxable","17":"purchasable","18":"product-type-simple"},"_links":{"self":[{"href":"https:\/\/abinox-chr-clim.com\/index.php\/wp-json\/wp\/v2\/product\/69648","targetHints":{"allow":["GET"]}}],"collection":[{"href":"https:\/\/abinox-chr-clim.com\/index.php\/wp-json\/wp\/v2\/product"}],"about":[{"href":"https:\/\/abinox-chr-clim.com\/index.php\/wp-json\/wp\/v2\/types\/product"}],"replies":[{"embeddable":true,"href":"https:\/\/abinox-chr-clim.com\/index.php\/wp-json\/wp\/v2\/comments?post=69648"}],"wp:featuredmedia":[{"embeddable":true,"href":"https:\/\/abinox-chr-clim.com\/index.php\/wp-json\/wp\/v2\/media\/103292"}],"wp:attachment":[{"href":"https:\/\/abinox-chr-clim.com\/index.php\/wp-json\/wp\/v2\/media?parent=69648"}],"wp:term":[{"taxonomy":"product_brand","embeddable":true,"href":"https:\/\/abinox-chr-clim.com\/index.php\/wp-json\/wp\/v2\/product_brand?post=69648"},{"taxonomy":"product_cat","embeddable":true,"href":"https:\/\/abinox-chr-clim.com\/index.php\/wp-json\/wp\/v2\/product_cat?post=69648"},{"taxonomy":"product_tag","embeddable":true,"href":"https:\/\/abinox-chr-clim.com\/index.php\/wp-json\/wp\/v2\/product_tag?post=69648"}],"curies":[{"name":"wp","href":"https:\/\/api.w.org\/{rel}","templated":true}]}}