{"id":69646,"date":"2024-03-22T18:39:01","date_gmt":"2024-03-22T17:39:01","guid":{"rendered":"https:\/\/abinox-chr-clim.com\/index.php\/product\/chariot-pour-couverts-vogue\/"},"modified":"2026-04-24T08:45:08","modified_gmt":"2026-04-24T06:45:08","slug":"chariot-pour-couverts-vogue","status":"publish","type":"product","link":"https:\/\/abinox-chr-clim.com\/index.php\/product\/chariot-pour-couverts-vogue\/","title":{"rendered":"Chariot pour couverts Vogue"},"content":{"rendered":"<p>Bac profond pour la collecte et le transport de vaisselle, couverts et autres petits articles de la restauration. Livr\u00e9 avec plateau \u00e0 couverts de 100 mm de profondeur et deux \u00e9tag\u00e8res standards.<br \/>Profondeur du plateau: 100mm.  R\u00e9f\u00e9rence soumise \u00e0 une Eco-participation mobilier de 0.81\u20ac par unit\u00e9 vendue. Profondeur du plateau: 100mm. .<br \/> Caract\u00e9ristiques :<br \/> Capacit\u00e9 : 40kg.<br \/> Dimensions : 940(H) x 855(L) x 535(P)mm.<br \/> Mati\u00e8re : .<br \/> Couleur : Argent.<\/p>\n","protected":false},"excerpt":{"rendered":"<p>Chariot pour couverts Vogue<\/p>\n","protected":false},"featured_media":105052,"comment_status":"closed","ping_status":"closed","template":"","meta":[],"product_brand":[],"product_cat":[1148,1147,1146,1297],"product_tag":[],"class_list":{"0":"post-69646","1":"product","2":"type-product","3":"status-publish","4":"has-post-thumbnail","6":"product_cat-chariots-de-service","7":"product_cat-chariots-et-rayonnages","8":"product_cat-mobilier-de-cuisine-chariots-et-echelles","9":"product_cat-non-palettisable","10":"product_shipping_class-free-shipping","12":"first","13":"instock","14":"featured","15":"taxable","16":"shipping-taxable","17":"purchasable","18":"product-type-simple"},"_links":{"self":[{"href":"https:\/\/abinox-chr-clim.com\/index.php\/wp-json\/wp\/v2\/product\/69646","targetHints":{"allow":["GET"]}}],"collection":[{"href":"https:\/\/abinox-chr-clim.com\/index.php\/wp-json\/wp\/v2\/product"}],"about":[{"href":"https:\/\/abinox-chr-clim.com\/index.php\/wp-json\/wp\/v2\/types\/product"}],"replies":[{"embeddable":true,"href":"https:\/\/abinox-chr-clim.com\/index.php\/wp-json\/wp\/v2\/comments?post=69646"}],"wp:featuredmedia":[{"embeddable":true,"href":"https:\/\/abinox-chr-clim.com\/index.php\/wp-json\/wp\/v2\/media\/105052"}],"wp:attachment":[{"href":"https:\/\/abinox-chr-clim.com\/index.php\/wp-json\/wp\/v2\/media?parent=69646"}],"wp:term":[{"taxonomy":"product_brand","embeddable":true,"href":"https:\/\/abinox-chr-clim.com\/index.php\/wp-json\/wp\/v2\/product_brand?post=69646"},{"taxonomy":"product_cat","embeddable":true,"href":"https:\/\/abinox-chr-clim.com\/index.php\/wp-json\/wp\/v2\/product_cat?post=69646"},{"taxonomy":"product_tag","embeddable":true,"href":"https:\/\/abinox-chr-clim.com\/index.php\/wp-json\/wp\/v2\/product_tag?post=69646"}],"curies":[{"name":"wp","href":"https:\/\/api.w.org\/{rel}","templated":true}]}}