{"id":69644,"date":"2024-03-22T18:39:00","date_gmt":"2024-03-22T17:39:00","guid":{"rendered":"https:\/\/abinox-chr-clim.com\/index.php\/product\/rayonnage-4-niveaux-etageres-a-claire-voie-cambro-camshelving-1830-x-1525-x-610mm\/"},"modified":"2026-04-24T10:32:19","modified_gmt":"2026-04-24T08:32:19","slug":"rayonnage-4-niveaux-etageres-a-claire-voie-cambro-camshelving-1830-x-1525-x-610mm","status":"publish","type":"product","link":"https:\/\/abinox-chr-clim.com\/index.php\/product\/rayonnage-4-niveaux-etageres-a-claire-voie-cambro-camshelving-1830-x-1525-x-610mm\/","title":{"rendered":"Rayonnage 4 niveaux \u00e9tag\u00e8res \u00e0 claire-voie Cambro Camshelving 1830 x 1525 x 610mm"},"content":{"rendered":"<p>S\u00e9ries Elements Camshelving est une excellente option pour stocker ou d\u00e9placer des aliments. Qu&rsquo;il soit utilis\u00e9 dans une chambre froide, un garde-manger ou simplement une salle de stockage, cette s\u00e9rie de rayonnages haute qualit\u00e9 est tr\u00e8s robuste et fiable, tout en \u00e9tant facile \u00e0 assembler et \u00e0 entretenir. La protection antimicrobienne sp\u00e9cifique aide \u00e0 maintenir des niveaux d&rsquo;hygi\u00e8ne \u00e9lev\u00e9s, et la conception ventil\u00e9e des \u00e9tag\u00e8res favorise une bonne circulation de l&rsquo;air pour \u00e9viter les odeurs et prolonger la dur\u00e9e de vie des aliments p\u00e9rissables.<br \/>Les \u00e9tag\u00e8re faciles \u00e0 nettoyer peuvent \u00eatre retir\u00e9es et lav\u00e9es dans un lave-vaisselle commercial. La protection antimicrobienne int\u00e9gr\u00e9e inhibe la croissance des moisissures, des champignons et des bact\u00e9ries. Id\u00e9al pour les chambres froides, les cuisines, les garde-manger ou le stockage. Garantie \u00e0 vie contre la corrosion et la rouille. Les \u00e9tag\u00e8res \u00e0 claire-voie permettent une circulation d&rsquo;air maximale autour des produits p\u00e9rissables.  Les \u00e9tag\u00e8re faciles \u00e0 nettoyer peuvent \u00eatre retir\u00e9es et lav\u00e9es dans un lave-vaisselle commercial.<\/p>\n<p>Caract\u00e9ristiques :<br \/> Dimensions : 1830(H) x 610(L) mm.<br \/> Mati\u00e8re : Composite.<br \/> Couleur : Graphite.<\/p>\n","protected":false},"excerpt":{"rendered":"<p>Rayonnage 4 niveaux \u00e9tag\u00e8res \u00e0 claire-voie Cambro Camshelving 1830 x 1525 x 610mm<\/p>\n","protected":false},"featured_media":100841,"comment_status":"closed","ping_status":"closed","template":"","meta":[],"product_brand":[],"product_cat":[1147,1146,1296],"product_tag":[],"class_list":{"0":"post-69644","1":"product","2":"type-product","3":"status-publish","4":"has-post-thumbnail","6":"product_cat-chariots-et-rayonnages","7":"product_cat-mobilier-de-cuisine-chariots-et-echelles","8":"product_cat-palettisable","10":"first","11":"instock","12":"featured","13":"taxable","14":"shipping-taxable","15":"purchasable","16":"product-type-simple"},"_links":{"self":[{"href":"https:\/\/abinox-chr-clim.com\/index.php\/wp-json\/wp\/v2\/product\/69644","targetHints":{"allow":["GET"]}}],"collection":[{"href":"https:\/\/abinox-chr-clim.com\/index.php\/wp-json\/wp\/v2\/product"}],"about":[{"href":"https:\/\/abinox-chr-clim.com\/index.php\/wp-json\/wp\/v2\/types\/product"}],"replies":[{"embeddable":true,"href":"https:\/\/abinox-chr-clim.com\/index.php\/wp-json\/wp\/v2\/comments?post=69644"}],"wp:featuredmedia":[{"embeddable":true,"href":"https:\/\/abinox-chr-clim.com\/index.php\/wp-json\/wp\/v2\/media\/100841"}],"wp:attachment":[{"href":"https:\/\/abinox-chr-clim.com\/index.php\/wp-json\/wp\/v2\/media?parent=69644"}],"wp:term":[{"taxonomy":"product_brand","embeddable":true,"href":"https:\/\/abinox-chr-clim.com\/index.php\/wp-json\/wp\/v2\/product_brand?post=69644"},{"taxonomy":"product_cat","embeddable":true,"href":"https:\/\/abinox-chr-clim.com\/index.php\/wp-json\/wp\/v2\/product_cat?post=69644"},{"taxonomy":"product_tag","embeddable":true,"href":"https:\/\/abinox-chr-clim.com\/index.php\/wp-json\/wp\/v2\/product_tag?post=69644"}],"curies":[{"name":"wp","href":"https:\/\/api.w.org\/{rel}","templated":true}]}}