{"id":69643,"date":"2024-03-22T18:39:00","date_gmt":"2024-03-22T17:39:00","guid":{"rendered":"https:\/\/abinox-chr-clim.com\/index.php\/product\/table-rectangulaire-turin-avec-base-en-metal-et-plateau-vintage-1200x760-mm\/"},"modified":"2025-06-30T11:53:17","modified_gmt":"2025-06-30T09:53:17","slug":"table-rectangulaire-turin-avec-base-en-metal-et-plateau-vintage-1200x760-mm","status":"publish","type":"product","link":"https:\/\/abinox-chr-clim.com\/index.php\/product\/table-rectangulaire-turin-avec-base-en-metal-et-plateau-vintage-1200x760-mm\/","title":{"rendered":"Table rectangulaire Turin avec base en m\u00e9tal et plateau vintage 1200&#215;760 mm"},"content":{"rendered":"<p>Pied en m\u00e9tal. Plateau en bois massif. Choix de couleur de bois. Pied en m\u00e9tal.<\/p>\n<p>Caract\u00e9ristiques :<br \/> Dimensions : 740(H) x 760(L) mm.<\/p>\n","protected":false},"excerpt":{"rendered":"<p>Table rectangulaire Turin avec base en m\u00e9tal et plateau vintage 1200&#215;760 mm<\/p>\n","protected":false},"featured_media":100995,"comment_status":"closed","ping_status":"closed","template":"","meta":[],"product_brand":[],"product_cat":[1201,1297],"product_tag":[],"class_list":{"0":"post-69643","1":"product","2":"type-product","3":"status-publish","4":"has-post-thumbnail","6":"product_cat-mobilier","7":"product_cat-non-palettisable","8":"product_shipping_class-free-shipping","10":"first","11":"outofstock","12":"featured","13":"taxable","14":"shipping-taxable","15":"purchasable","16":"product-type-simple"},"_links":{"self":[{"href":"https:\/\/abinox-chr-clim.com\/index.php\/wp-json\/wp\/v2\/product\/69643","targetHints":{"allow":["GET"]}}],"collection":[{"href":"https:\/\/abinox-chr-clim.com\/index.php\/wp-json\/wp\/v2\/product"}],"about":[{"href":"https:\/\/abinox-chr-clim.com\/index.php\/wp-json\/wp\/v2\/types\/product"}],"replies":[{"embeddable":true,"href":"https:\/\/abinox-chr-clim.com\/index.php\/wp-json\/wp\/v2\/comments?post=69643"}],"wp:featuredmedia":[{"embeddable":true,"href":"https:\/\/abinox-chr-clim.com\/index.php\/wp-json\/wp\/v2\/media\/100995"}],"wp:attachment":[{"href":"https:\/\/abinox-chr-clim.com\/index.php\/wp-json\/wp\/v2\/media?parent=69643"}],"wp:term":[{"taxonomy":"product_brand","embeddable":true,"href":"https:\/\/abinox-chr-clim.com\/index.php\/wp-json\/wp\/v2\/product_brand?post=69643"},{"taxonomy":"product_cat","embeddable":true,"href":"https:\/\/abinox-chr-clim.com\/index.php\/wp-json\/wp\/v2\/product_cat?post=69643"},{"taxonomy":"product_tag","embeddable":true,"href":"https:\/\/abinox-chr-clim.com\/index.php\/wp-json\/wp\/v2\/product_tag?post=69643"}],"curies":[{"name":"wp","href":"https:\/\/api.w.org\/{rel}","templated":true}]}}