{"id":69640,"date":"2024-03-22T18:38:59","date_gmt":"2024-03-22T17:38:59","guid":{"rendered":"https:\/\/abinox-chr-clim.com\/index.php\/product\/table-carree-avec-pied-en-metal-et-plateau-en-bois-fonce-turin-700-mm\/"},"modified":"2026-03-10T11:25:43","modified_gmt":"2026-03-10T10:25:43","slug":"table-carree-avec-pied-en-metal-et-plateau-en-bois-fonce-turin-700-mm","status":"publish","type":"product","link":"https:\/\/abinox-chr-clim.com\/index.php\/product\/table-carree-avec-pied-en-metal-et-plateau-en-bois-fonce-turin-700-mm\/","title":{"rendered":"Table carr\u00e9e avec pied en m\u00e9tal et plateau en bois fonc\u00e9 Turin 700 mm"},"content":{"rendered":"<p>Construction robuste. Pied en m\u00e9tal. Choix de couleur de bois. Choix de tailles et de formes. Construction robuste.<\/p>\n<p>Caract\u00e9ristiques :<br \/> Dimensions : 740(H) x 700(L) x 700(P) mm.<\/p>\n","protected":false},"excerpt":{"rendered":"<p>Table carr\u00e9e avec pied en m\u00e9tal et plateau en bois fonc\u00e9 Turin 700 mm<\/p>\n","protected":false},"featured_media":100992,"comment_status":"closed","ping_status":"closed","template":"","meta":[],"product_brand":[],"product_cat":[1201,1297],"product_tag":[],"class_list":{"0":"post-69640","1":"product","2":"type-product","3":"status-publish","4":"has-post-thumbnail","6":"product_cat-mobilier","7":"product_cat-non-palettisable","8":"product_shipping_class-free-shipping","10":"first","11":"outofstock","12":"featured","13":"taxable","14":"shipping-taxable","15":"purchasable","16":"product-type-simple"},"_links":{"self":[{"href":"https:\/\/abinox-chr-clim.com\/index.php\/wp-json\/wp\/v2\/product\/69640","targetHints":{"allow":["GET"]}}],"collection":[{"href":"https:\/\/abinox-chr-clim.com\/index.php\/wp-json\/wp\/v2\/product"}],"about":[{"href":"https:\/\/abinox-chr-clim.com\/index.php\/wp-json\/wp\/v2\/types\/product"}],"replies":[{"embeddable":true,"href":"https:\/\/abinox-chr-clim.com\/index.php\/wp-json\/wp\/v2\/comments?post=69640"}],"wp:featuredmedia":[{"embeddable":true,"href":"https:\/\/abinox-chr-clim.com\/index.php\/wp-json\/wp\/v2\/media\/100992"}],"wp:attachment":[{"href":"https:\/\/abinox-chr-clim.com\/index.php\/wp-json\/wp\/v2\/media?parent=69640"}],"wp:term":[{"taxonomy":"product_brand","embeddable":true,"href":"https:\/\/abinox-chr-clim.com\/index.php\/wp-json\/wp\/v2\/product_brand?post=69640"},{"taxonomy":"product_cat","embeddable":true,"href":"https:\/\/abinox-chr-clim.com\/index.php\/wp-json\/wp\/v2\/product_cat?post=69640"},{"taxonomy":"product_tag","embeddable":true,"href":"https:\/\/abinox-chr-clim.com\/index.php\/wp-json\/wp\/v2\/product_tag?post=69640"}],"curies":[{"name":"wp","href":"https:\/\/api.w.org\/{rel}","templated":true}]}}