{"id":69636,"date":"2024-03-22T18:38:57","date_gmt":"2024-03-22T17:38:57","guid":{"rendered":"https:\/\/abinox-chr-clim.com\/index.php\/product\/pied-de-parasol-en-beton-bolero-20kg\/"},"modified":"2026-04-24T10:38:08","modified_gmt":"2026-04-24T08:38:08","slug":"pied-de-parasol-en-beton-bolero-20kg","status":"publish","type":"product","link":"https:\/\/abinox-chr-clim.com\/index.php\/product\/pied-de-parasol-en-beton-bolero-20kg\/","title":{"rendered":"Pied de parasol en b\u00e9ton Bolero 20kg"},"content":{"rendered":"<p>Couleur noire pouvant supporter discr\u00e8tement la plupart des parasols.<br \/>La construction robuste en b\u00e9ton permet une utilisation commerciale intensive et durable sans risque. Couleur : Noir. Patins en caoutchouc sous la base pour \u00e9viter les rayures sur la surface des sols. Recommand\u00e9 pour une utilisation sous la table, en particulier par temps venteux, pour assurer la stabilit\u00e9 du m\u00e2t du parasol.Complet avec adaptateur diam\u00e8tre 48\/38mm. Convient pour une utilisation avec tous les parasols Bolero.Le drainage de l&rsquo;eau par l&rsquo;orifice sous la base emp\u00eache le parasol d&rsquo;\u00eatre endommag\u00e9. La construction robuste en b\u00e9ton permet une utilisation commerciale intensive et durable sans risque.<\/p>\n<p>Caract\u00e9ristiques :<br \/> Dimensions : 378(H) x 409(L) mm.<br \/> Mati\u00e8re : B\u00e9ton.<br \/> Couleur : Noir.<\/p>\n","protected":false},"excerpt":{"rendered":"<p>Pied de parasol en b\u00e9ton Bolero 20kg<\/p>\n","protected":false},"featured_media":83933,"comment_status":"closed","ping_status":"closed","template":"","meta":[],"product_brand":[],"product_cat":[1201,1297],"product_tag":[],"class_list":{"0":"post-69636","1":"product","2":"type-product","3":"status-publish","4":"has-post-thumbnail","6":"product_cat-mobilier","7":"product_cat-non-palettisable","8":"product_shipping_class-free-shipping","10":"first","11":"outofstock","12":"featured","13":"taxable","14":"shipping-taxable","15":"purchasable","16":"product-type-simple"},"_links":{"self":[{"href":"https:\/\/abinox-chr-clim.com\/index.php\/wp-json\/wp\/v2\/product\/69636","targetHints":{"allow":["GET"]}}],"collection":[{"href":"https:\/\/abinox-chr-clim.com\/index.php\/wp-json\/wp\/v2\/product"}],"about":[{"href":"https:\/\/abinox-chr-clim.com\/index.php\/wp-json\/wp\/v2\/types\/product"}],"replies":[{"embeddable":true,"href":"https:\/\/abinox-chr-clim.com\/index.php\/wp-json\/wp\/v2\/comments?post=69636"}],"wp:featuredmedia":[{"embeddable":true,"href":"https:\/\/abinox-chr-clim.com\/index.php\/wp-json\/wp\/v2\/media\/83933"}],"wp:attachment":[{"href":"https:\/\/abinox-chr-clim.com\/index.php\/wp-json\/wp\/v2\/media?parent=69636"}],"wp:term":[{"taxonomy":"product_brand","embeddable":true,"href":"https:\/\/abinox-chr-clim.com\/index.php\/wp-json\/wp\/v2\/product_brand?post=69636"},{"taxonomy":"product_cat","embeddable":true,"href":"https:\/\/abinox-chr-clim.com\/index.php\/wp-json\/wp\/v2\/product_cat?post=69636"},{"taxonomy":"product_tag","embeddable":true,"href":"https:\/\/abinox-chr-clim.com\/index.php\/wp-json\/wp\/v2\/product_tag?post=69636"}],"curies":[{"name":"wp","href":"https:\/\/api.w.org\/{rel}","templated":true}]}}