{"id":69628,"date":"2024-03-22T16:25:41","date_gmt":"2024-03-22T15:25:41","guid":{"rendered":"https:\/\/abinox-chr-clim.com\/index.php\/product\/presentoir-chauffant-electrique-avec-portique-infrarouge-lincat-seal-ld3\/"},"modified":"2026-04-02T09:51:24","modified_gmt":"2026-04-02T07:51:24","slug":"presentoir-chauffant-electrique-avec-portique-infrarouge-lincat-seal-ld3","status":"publish","type":"product","link":"https:\/\/abinox-chr-clim.com\/index.php\/product\/presentoir-chauffant-electrique-avec-portique-infrarouge-lincat-seal-ld3\/","title":{"rendered":"Pr\u00e9sentoir chauffant \u00e9lectrique avec portique infrarouge Lincat Seal LD3"},"content":{"rendered":"<p>Pr\u00e9sentoirs tout inox avec pare-haleine en verre tremp\u00e9, portique et socle chauffant en aluminium. Ampoules infrarouges de 500W et r\u00e9sistances cach\u00e9es dans le socle avec thermostats.<br \/>La commande thermostatique permet de r\u00e9gler la chaleur du socle en fonction des aliments. R\u00e9f\u00e9rence soumise \u00e0 une Eco-participation mobilier de 0.75\u20ac par unit\u00e9 vendue. Surface du socle chauffant en aluminium pour une conduction thermique \u00e9conome en \u00e9nergie. Compatible GN 1\/1. Le portique avec lampes chauffantes halog\u00e8nes apporte une pr\u00e9sentation attrayante aux plats qu&rsquo;il surplombe. Les ampoules sont faciles \u00e0 remplacer et peuvent \u00eatre \u00e9teintes. Pare-haleine renforc\u00e9 pour l&rsquo;hygi\u00e8ne et la s\u00e9curit\u00e9. La commande thermostatique permet de r\u00e9gler la chaleur du socle en fonction des aliments.<\/p>\n<p>Caract\u00e9ristiques :<br \/> Capacit\u00e9 : 3 x GN 1\/1.<br \/> Dimensions : 560(H) x 1130(L) x 538(P) mm.<br \/> Mati\u00e8re : Construction en acier inoxydable, pare-haleine en verre tremp\u00e9 et socle chauffant en aluminium.<br \/> Temp\u00e9rature : Temp\u00e9rature minimale de conservation des aliments 72 \u00b0 C.<br \/> Voltage : 230V.<br \/> Couleur : .<br \/> Puissance : 2.4 kW.<br \/> Bac GN : GN 1\/1XY.<\/p>\n","protected":false},"excerpt":{"rendered":"<div><img decoding=\"async\" src=\"https:\/\/abinox-chr-clim.com\/wp-content\/uploads\/2024\/03\/abinox-garantie-1-an.webp\" width=\"150px\"\/><\/div>\n<p>Pr\u00e9sentoir chauffant \u00e9lectrique avec portique infrarouge Lincat Seal LD3<\/p>\n","protected":false},"featured_media":103446,"comment_status":"closed","ping_status":"closed","template":"","meta":[],"product_brand":[],"product_cat":[1199,1160,1296,1197],"product_tag":[],"class_list":{"0":"post-69628","1":"product","2":"type-product","3":"status-publish","4":"has-post-thumbnail","6":"product_cat-buffet-chaud","7":"product_cat-materiel-electrique-et-de-cuisson","8":"product_cat-palettisable","9":"product_cat-service-presentation","11":"first","12":"instock","13":"featured","14":"taxable","15":"shipping-taxable","16":"purchasable","17":"product-type-simple"},"_links":{"self":[{"href":"https:\/\/abinox-chr-clim.com\/index.php\/wp-json\/wp\/v2\/product\/69628","targetHints":{"allow":["GET"]}}],"collection":[{"href":"https:\/\/abinox-chr-clim.com\/index.php\/wp-json\/wp\/v2\/product"}],"about":[{"href":"https:\/\/abinox-chr-clim.com\/index.php\/wp-json\/wp\/v2\/types\/product"}],"replies":[{"embeddable":true,"href":"https:\/\/abinox-chr-clim.com\/index.php\/wp-json\/wp\/v2\/comments?post=69628"}],"wp:featuredmedia":[{"embeddable":true,"href":"https:\/\/abinox-chr-clim.com\/index.php\/wp-json\/wp\/v2\/media\/103446"}],"wp:attachment":[{"href":"https:\/\/abinox-chr-clim.com\/index.php\/wp-json\/wp\/v2\/media?parent=69628"}],"wp:term":[{"taxonomy":"product_brand","embeddable":true,"href":"https:\/\/abinox-chr-clim.com\/index.php\/wp-json\/wp\/v2\/product_brand?post=69628"},{"taxonomy":"product_cat","embeddable":true,"href":"https:\/\/abinox-chr-clim.com\/index.php\/wp-json\/wp\/v2\/product_cat?post=69628"},{"taxonomy":"product_tag","embeddable":true,"href":"https:\/\/abinox-chr-clim.com\/index.php\/wp-json\/wp\/v2\/product_tag?post=69628"}],"curies":[{"name":"wp","href":"https:\/\/api.w.org\/{rel}","templated":true}]}}