{"id":69627,"date":"2024-03-22T16:25:41","date_gmt":"2024-03-22T15:25:41","guid":{"rendered":"https:\/\/abinox-chr-clim.com\/index.php\/product\/vitrine-chaude-rotative-pour-pizza-lincat-um50\/"},"modified":"2026-04-02T09:55:47","modified_gmt":"2026-04-02T07:55:47","slug":"vitrine-chaude-rotative-pour-pizza-lincat-um50","status":"publish","type":"product","link":"https:\/\/abinox-chr-clim.com\/index.php\/product\/vitrine-chaude-rotative-pour-pizza-lincat-um50\/","title":{"rendered":"Vitrine chaude rotative pour pizza Lincat UM50"},"content":{"rendered":"<p>Pr\u00e9sentoir chauffant vertical avec supports rotatifs pour disposer les aliments. La chaleur humide permet de conserver la fra\u00eecheur des aliments plus longtemps. Parois en verre tremp\u00e9 et porte \u00e0 charni\u00e8re avec poign\u00e9es froides pour un fonctionnement s\u00fbr et efficace du service arri\u00e8re.<br \/>Construction robuste en acier inoxydable &#8211; hygi\u00e9nique et facile \u00e0 nettoyer. Temp\u00e9rature minimale de maintien des aliments de 72\u00b0 Celsius. Contr\u00f4le thermostatique jusqu&rsquo;\u00e0 95\u00a0\u00b0C. R\u00e9f\u00e9rence soumise \u00e0 une Eco-participation mobilier de 1.34\u20ac par unit\u00e9 vendue. C\u00f4t\u00e9s et porte \u00e0 charni\u00e8re en verre tremp\u00e9 avec poign\u00e9es anti chaleur pour un fonctionnement s\u00fbr et efficace en service arri\u00e8re. La chaleur humide permet de pr\u00e9server la fra\u00eecheur des aliments plus longtemps et r\u00e9duire les d\u00e9chets. Diffusion double de lumi\u00e8re pour un \u00e9clairage uniforme et attrayant. Ampoules rempla\u00e7ables et panneau de commande amovible. Adapt\u00e9e au service arri\u00e8re. Comprend\u00a0: Manuel d&rsquo;utilisation, 3\u00a0\u00e9tag\u00e8res. Support rotatif chrom\u00e9 \u00e9l\u00e9gant et facile \u00e0 nettoyer. Construction robuste en acier inoxydable &#8211; hygi\u00e9nique et facile \u00e0 nettoyer.<\/p>\n<p>Caract\u00e9ristiques :<br \/> Dimensions : 783(H) x 562(L) x 562(P) mm.<br \/> Mati\u00e8re : Inox et verre tremp\u00e9.<br \/> Temp\u00e9rature : 72 \u00b0C \u00e0 95 \u00b0C.<br \/> Voltage : 230V.<br \/> Couleur : Acier inoxydable.<br \/> Puissance : 1500 W.<\/p>\n","protected":false},"excerpt":{"rendered":"<div><img decoding=\"async\" src=\"https:\/\/abinox-chr-clim.com\/wp-content\/uploads\/2024\/03\/abinox-garantie-1-an.webp\" width=\"150px\"\/><\/div>\n<p>Vitrine chaude rotative pour pizza Lincat UM50<\/p>\n","protected":false},"featured_media":104298,"comment_status":"closed","ping_status":"closed","template":"","meta":[],"product_brand":[],"product_cat":[1199,1160,1296,1197],"product_tag":[],"class_list":{"0":"post-69627","1":"product","2":"type-product","3":"status-publish","4":"has-post-thumbnail","6":"product_cat-buffet-chaud","7":"product_cat-materiel-electrique-et-de-cuisson","8":"product_cat-palettisable","9":"product_cat-service-presentation","11":"first","12":"outofstock","13":"featured","14":"taxable","15":"shipping-taxable","16":"purchasable","17":"product-type-simple"},"_links":{"self":[{"href":"https:\/\/abinox-chr-clim.com\/index.php\/wp-json\/wp\/v2\/product\/69627","targetHints":{"allow":["GET"]}}],"collection":[{"href":"https:\/\/abinox-chr-clim.com\/index.php\/wp-json\/wp\/v2\/product"}],"about":[{"href":"https:\/\/abinox-chr-clim.com\/index.php\/wp-json\/wp\/v2\/types\/product"}],"replies":[{"embeddable":true,"href":"https:\/\/abinox-chr-clim.com\/index.php\/wp-json\/wp\/v2\/comments?post=69627"}],"wp:featuredmedia":[{"embeddable":true,"href":"https:\/\/abinox-chr-clim.com\/index.php\/wp-json\/wp\/v2\/media\/104298"}],"wp:attachment":[{"href":"https:\/\/abinox-chr-clim.com\/index.php\/wp-json\/wp\/v2\/media?parent=69627"}],"wp:term":[{"taxonomy":"product_brand","embeddable":true,"href":"https:\/\/abinox-chr-clim.com\/index.php\/wp-json\/wp\/v2\/product_brand?post=69627"},{"taxonomy":"product_cat","embeddable":true,"href":"https:\/\/abinox-chr-clim.com\/index.php\/wp-json\/wp\/v2\/product_cat?post=69627"},{"taxonomy":"product_tag","embeddable":true,"href":"https:\/\/abinox-chr-clim.com\/index.php\/wp-json\/wp\/v2\/product_tag?post=69627"}],"curies":[{"name":"wp","href":"https:\/\/api.w.org\/{rel}","templated":true}]}}