{"id":69626,"date":"2024-03-22T16:25:41","date_gmt":"2024-03-22T15:25:41","guid":{"rendered":"https:\/\/abinox-chr-clim.com\/index.php\/product\/bain-marie-lincat-silverlink-600-bs7w\/"},"modified":"2026-04-02T09:54:38","modified_gmt":"2026-04-02T07:54:38","slug":"bain-marie-lincat-silverlink-600-bs7w","status":"publish","type":"product","link":"https:\/\/abinox-chr-clim.com\/index.php\/product\/bain-marie-lincat-silverlink-600-bs7w\/","title":{"rendered":"Bain- marie Lincat Silverlink 600 BS7W"},"content":{"rendered":"<p>Robinet frontal pour \u00e9vacuer l&rsquo;eau facilement. Conserve en toute s\u00e9curit\u00e9 les sauces et les aliments pr\u00e9cuits jusqu&rsquo;\u00e0 deux heures \u00e0 la temp\u00e9rature de service. Contr\u00f4le de la chaleur par cadran convivial. R\u00e9f\u00e9rence soumise \u00e0 une Eco-participation mobilier de 1.6\u20ac par unit\u00e9 vendue. La chaleur humide permet d&rsquo;\u00e9viter que les aliments ne se dess\u00e8chent ou ne br\u00fblent.  6 pots en acier inoxydable de 4,5\u00a0litres inclus. Robinet frontal pour \u00e9vacuer l&rsquo;eau facilement.<\/p>\n<p>Caract\u00e9ristiques :<br \/> Capacit\u00e9 : 27 L 6 pots ronds de 4,5L.<br \/> Dimensions : 325(H) x 750(L) x 600(P) mm.<br \/> Mati\u00e8re : Inox.<br \/> Voltage : 230V<\/p>\n","protected":false},"excerpt":{"rendered":"<div><img decoding=\"async\" src=\"https:\/\/abinox-chr-clim.com\/wp-content\/uploads\/2024\/03\/abinox-garantie-1-an.webp\" width=\"150px\"\/><\/div>\n<p>Bain- marie Lincat Silverlink 600 BS7W<\/p>\n","protected":false},"featured_media":103367,"comment_status":"closed","ping_status":"closed","template":"","meta":[],"product_brand":[],"product_cat":[1199,1160,1296,1197],"product_tag":[],"class_list":{"0":"post-69626","1":"product","2":"type-product","3":"status-publish","4":"has-post-thumbnail","6":"product_cat-buffet-chaud","7":"product_cat-materiel-electrique-et-de-cuisson","8":"product_cat-palettisable","9":"product_cat-service-presentation","11":"first","12":"instock","13":"featured","14":"taxable","15":"shipping-taxable","16":"purchasable","17":"product-type-simple"},"_links":{"self":[{"href":"https:\/\/abinox-chr-clim.com\/index.php\/wp-json\/wp\/v2\/product\/69626","targetHints":{"allow":["GET"]}}],"collection":[{"href":"https:\/\/abinox-chr-clim.com\/index.php\/wp-json\/wp\/v2\/product"}],"about":[{"href":"https:\/\/abinox-chr-clim.com\/index.php\/wp-json\/wp\/v2\/types\/product"}],"replies":[{"embeddable":true,"href":"https:\/\/abinox-chr-clim.com\/index.php\/wp-json\/wp\/v2\/comments?post=69626"}],"wp:featuredmedia":[{"embeddable":true,"href":"https:\/\/abinox-chr-clim.com\/index.php\/wp-json\/wp\/v2\/media\/103367"}],"wp:attachment":[{"href":"https:\/\/abinox-chr-clim.com\/index.php\/wp-json\/wp\/v2\/media?parent=69626"}],"wp:term":[{"taxonomy":"product_brand","embeddable":true,"href":"https:\/\/abinox-chr-clim.com\/index.php\/wp-json\/wp\/v2\/product_brand?post=69626"},{"taxonomy":"product_cat","embeddable":true,"href":"https:\/\/abinox-chr-clim.com\/index.php\/wp-json\/wp\/v2\/product_cat?post=69626"},{"taxonomy":"product_tag","embeddable":true,"href":"https:\/\/abinox-chr-clim.com\/index.php\/wp-json\/wp\/v2\/product_tag?post=69626"}],"curies":[{"name":"wp","href":"https:\/\/api.w.org\/{rel}","templated":true}]}}