{"id":69624,"date":"2024-03-22T16:25:40","date_gmt":"2024-03-22T15:25:40","guid":{"rendered":"https:\/\/abinox-chr-clim.com\/index.php\/product\/lampe-chauffante-conique-retractable-buffalo-finition-argent\/"},"modified":"2026-04-02T09:52:19","modified_gmt":"2026-04-02T07:52:19","slug":"lampe-chauffante-conique-retractable-buffalo-finition-argent","status":"publish","type":"product","link":"https:\/\/abinox-chr-clim.com\/index.php\/product\/lampe-chauffante-conique-retractable-buffalo-finition-argent\/","title":{"rendered":"Lampe chauffante conique r\u00e9tractable Buffalo finition argent"},"content":{"rendered":"<p>\u00c9l\u00e9gantes et fiables, les lampes chauffantes coniques r\u00e9tractables Buffalo sont la solution id\u00e9ale pour maintenir au chaud les plats sur le passe-plat ou le buffet. Les lampes chauffantes peuvent facilement \u00eatre ajust\u00e9es en hauteur pour se situer parfaitement au-dessus des aliments et les maintenir au chaud sans les dess\u00e9cher gr\u00e2ce \u00e0 des ampoules \u00e0 chaleur douce. L&rsquo;interrupteur marche\/arr\u00eat \u00e9conomise l&rsquo;\u00e9nergie et la dur\u00e9e de vie de l&rsquo;ampoule. Faciles \u00e0 utiliser, \u00e0 nettoyer et \u00e0 entretenir.<br \/>L&rsquo;installation doit \u00eatre effectu\u00e9e par un \u00e9lectricien qualifi\u00e9 &#8211; raccordement direct au syst\u00e8me \u00e9lectrique. Longueur du cordon 280 \u00e0 1520mm. Ampoule vendue s\u00e9par\u00e9ment (AG570 ou DE164). R\u00e9f\u00e9rence soumise \u00e0 une Eco-participation mobilier de 0.09\u20ac par unit\u00e9 vendue. Pour r\u00e9chauffer les aliments. Ne convient pas comme \u00e9clairage domestique ou commercial.  L&rsquo;interrupteur marche\/arr\u00eat \u00e9conomise l&rsquo;\u00e9nergie et la dur\u00e9e de vie de l&rsquo;ampoule lorsqu&rsquo;elle n&rsquo;est pas utilis\u00e9e. L&rsquo;installation doit \u00eatre effectu\u00e9e par un \u00e9lectricien qualifi\u00e9 &#8211; raccordement direct au syst\u00e8me \u00e9lectrique.<\/p>\n<p>Caract\u00e9ristiques :<br \/> Dimensions : 216.<br \/> Mati\u00e8re : Acier.<br \/> Voltage : 220-240V.<br \/> Couleur : Argent.<br \/> Puissance : 250 W.<\/p>\n","protected":false},"excerpt":{"rendered":"<div><img decoding=\"async\" src=\"https:\/\/abinox-chr-clim.com\/wp-content\/uploads\/2024\/03\/abinox-garantie-1-an.webp\" width=\"150px\"\/><\/div>\n<p>Lampe chauffante conique r\u00e9tractable Buffalo finition argent<\/p>\n","protected":false},"featured_media":96367,"comment_status":"closed","ping_status":"closed","template":"","meta":[],"product_brand":[],"product_cat":[1199,1160,1297,1197],"product_tag":[],"class_list":{"0":"post-69624","1":"product","2":"type-product","3":"status-publish","4":"has-post-thumbnail","6":"product_cat-buffet-chaud","7":"product_cat-materiel-electrique-et-de-cuisson","8":"product_cat-non-palettisable","9":"product_cat-service-presentation","10":"product_shipping_class-free-shipping","12":"first","13":"instock","14":"featured","15":"taxable","16":"shipping-taxable","17":"purchasable","18":"product-type-simple"},"_links":{"self":[{"href":"https:\/\/abinox-chr-clim.com\/index.php\/wp-json\/wp\/v2\/product\/69624","targetHints":{"allow":["GET"]}}],"collection":[{"href":"https:\/\/abinox-chr-clim.com\/index.php\/wp-json\/wp\/v2\/product"}],"about":[{"href":"https:\/\/abinox-chr-clim.com\/index.php\/wp-json\/wp\/v2\/types\/product"}],"replies":[{"embeddable":true,"href":"https:\/\/abinox-chr-clim.com\/index.php\/wp-json\/wp\/v2\/comments?post=69624"}],"wp:featuredmedia":[{"embeddable":true,"href":"https:\/\/abinox-chr-clim.com\/index.php\/wp-json\/wp\/v2\/media\/96367"}],"wp:attachment":[{"href":"https:\/\/abinox-chr-clim.com\/index.php\/wp-json\/wp\/v2\/media?parent=69624"}],"wp:term":[{"taxonomy":"product_brand","embeddable":true,"href":"https:\/\/abinox-chr-clim.com\/index.php\/wp-json\/wp\/v2\/product_brand?post=69624"},{"taxonomy":"product_cat","embeddable":true,"href":"https:\/\/abinox-chr-clim.com\/index.php\/wp-json\/wp\/v2\/product_cat?post=69624"},{"taxonomy":"product_tag","embeddable":true,"href":"https:\/\/abinox-chr-clim.com\/index.php\/wp-json\/wp\/v2\/product_tag?post=69624"}],"curies":[{"name":"wp","href":"https:\/\/api.w.org\/{rel}","templated":true}]}}