{"id":69619,"date":"2024-03-22T16:25:38","date_gmt":"2024-03-22T15:25:38","guid":{"rendered":"https:\/\/abinox-chr-clim.com\/index.php\/product\/lampe-chauffante-retractable-buffalo-finition-noir-mat\/"},"modified":"2026-04-02T09:47:26","modified_gmt":"2026-04-02T07:47:26","slug":"lampe-chauffante-retractable-buffalo-finition-noir-mat","status":"publish","type":"product","link":"https:\/\/abinox-chr-clim.com\/index.php\/product\/lampe-chauffante-retractable-buffalo-finition-noir-mat\/","title":{"rendered":"Lampe chauffante r\u00e9tractable Buffalo finition noir mat"},"content":{"rendered":"<p>Des lampes chauffantes \u00e9l\u00e9gants, parfaites pour le libre-service, les passe-plats et les buffets chauds. S&rsquo;ajustent facilement en hauteur pour garder les pr\u00e9parations au chaud, sans les dess\u00e9cher. Cordon r\u00e9glable de 280 mm \u00e0 1,5 m. Installation professionnelle requise.<br \/>Ampoules DE164\/AG570 vendues s\u00e9par\u00e9ment. N\u00e9cessite une installation professionnelle. Longueur du cordon : 280-1520mm. R\u00e9f\u00e9rence soumise \u00e0 une Eco-participation mobilier de 0.07\u20ac par unit\u00e9 vendue. Pour le r\u00e9chauffement des aliments. Ne convient pas pour l&rsquo;\u00e9clairage domestique ou commercial. Simple interrupteur marche\/arr\u00eat pour une utilisation facile.  Ampoules DE164\/AG570 vendues s\u00e9par\u00e9ment.<\/p>\n<p>Caract\u00e9ristiques :<br \/> Dimensions : 216.<br \/> Mati\u00e8re : Acier.<br \/> Voltage : 220-240V.<br \/> Couleur : Noir.<\/p>\n","protected":false},"excerpt":{"rendered":"<div><img decoding=\"async\" src=\"https:\/\/abinox-chr-clim.com\/wp-content\/uploads\/2024\/03\/abinox-garantie-1-an.webp\" width=\"150px\"\/><\/div>\n<p>Lampe chauffante r\u00e9tractable Buffalo finition noir mat<\/p>\n","protected":false},"featured_media":91203,"comment_status":"closed","ping_status":"closed","template":"","meta":[],"product_brand":[],"product_cat":[1199,1160,1297,1197],"product_tag":[],"class_list":{"0":"post-69619","1":"product","2":"type-product","3":"status-publish","4":"has-post-thumbnail","6":"product_cat-buffet-chaud","7":"product_cat-materiel-electrique-et-de-cuisson","8":"product_cat-non-palettisable","9":"product_cat-service-presentation","10":"product_shipping_class-free-shipping","12":"first","13":"instock","14":"featured","15":"taxable","16":"shipping-taxable","17":"purchasable","18":"product-type-simple"},"_links":{"self":[{"href":"https:\/\/abinox-chr-clim.com\/index.php\/wp-json\/wp\/v2\/product\/69619","targetHints":{"allow":["GET"]}}],"collection":[{"href":"https:\/\/abinox-chr-clim.com\/index.php\/wp-json\/wp\/v2\/product"}],"about":[{"href":"https:\/\/abinox-chr-clim.com\/index.php\/wp-json\/wp\/v2\/types\/product"}],"replies":[{"embeddable":true,"href":"https:\/\/abinox-chr-clim.com\/index.php\/wp-json\/wp\/v2\/comments?post=69619"}],"wp:featuredmedia":[{"embeddable":true,"href":"https:\/\/abinox-chr-clim.com\/index.php\/wp-json\/wp\/v2\/media\/91203"}],"wp:attachment":[{"href":"https:\/\/abinox-chr-clim.com\/index.php\/wp-json\/wp\/v2\/media?parent=69619"}],"wp:term":[{"taxonomy":"product_brand","embeddable":true,"href":"https:\/\/abinox-chr-clim.com\/index.php\/wp-json\/wp\/v2\/product_brand?post=69619"},{"taxonomy":"product_cat","embeddable":true,"href":"https:\/\/abinox-chr-clim.com\/index.php\/wp-json\/wp\/v2\/product_cat?post=69619"},{"taxonomy":"product_tag","embeddable":true,"href":"https:\/\/abinox-chr-clim.com\/index.php\/wp-json\/wp\/v2\/product_tag?post=69619"}],"curies":[{"name":"wp","href":"https:\/\/api.w.org\/{rel}","templated":true}]}}